{"id":1200,"date":"2013-07-17T22:23:20","date_gmt":"2013-07-17T20:23:20","guid":{"rendered":"http:\/\/www.dustyroadblues.se\/?page_id=1200"},"modified":"2026-03-28T10:38:07","modified_gmt":"2026-03-28T08:38:07","slug":"kontakt","status":"publish","type":"page","link":"http:\/\/www.dustyroadblues.se\/?page_id=1200","title":{"rendered":"Kontakt"},"content":{"rendered":"\n<h3 class=\"wp-block-heading\">________________________________________________<\/h3>\n\n\n\n<h1 class=\"wp-block-heading\"><strong>Webansvarlig: <\/strong><\/h1>\n\n\n\n<h2 class=\"wp-block-heading\" id=\"kjell-olav-ravn\">Kjell-Olav Ravn <\/h2>\n\n\n\n<h2 class=\"wp-block-heading\" id=\"kor-dustyroadblues-se\">kor@dustyroadblues.se <\/h2>\n\n\n\n<h3 class=\"wp-block-heading\">________________________________________________ <\/h3>\n\n\n\n<h3 class=\"wp-block-heading\"><\/h3>\n\n\n\n<h3 class=\"wp-block-heading\"><\/h3>\n\n\n\n<h1 class=\"wp-block-heading\" id=\"for-fakturor-anvand\"><strong>F\u00f6r fakturor anv\u00e4nd:<\/strong><\/h1>\n\n\n\n<div class=\"wp-block-group\"><div class=\"wp-block-group__inner-container is-layout-flow wp-block-group-is-layout-flow\">\n<h2 class=\"wp-block-heading\" id=\"kjell-olav-ravn\">Kjell-Olav Ravn <\/h2>\n\n\n\n<h2 class=\"wp-block-heading\" id=\"vastra-drottningvagen-13-ee\">V\u00e4stra Drottningv\u00e4gen 13 EE <\/h2>\n\n\n\n<div class=\"wp-block-group\"><div class=\"wp-block-group__inner-container is-layout-flow wp-block-group-is-layout-flow\">\n<h2 class=\"wp-block-heading\" id=\"52230-tidaholm\">52230 Tidaholm<\/h2>\n<\/div><\/div>\n<\/div><\/div>\n\n\n\n<h2 class=\"wp-block-heading\" id=\"kor-dustyroadblues-se\">kor@dustyroadblues.se<\/h2>\n\n\n\n<h3 class=\"wp-block-heading\">________________________________________________<\/h3>\n\n\n\n<h1 class=\"wp-block-heading\" id=\"for-bokningar-anvand\"><strong>F\u00f6r bokningar anv\u00e4nd: <\/strong><\/h1>\n\n\n\n<h2 class=\"wp-block-heading\" id=\"booking-dustyroadblues-se\">booking@dustyroadblues.se<\/h2>\n\n\n\n<h3 class=\"wp-block-heading\">________________________________________________<\/h3>\n\n\n\n<h1 class=\"wp-block-heading\" id=\"vill-ni-bifoga-filer-eller-annat-anvand\"><strong>Vill ni bifoga filer eller annat anv\u00e4nd: <\/strong><\/h1>\n\n\n\n<h2 class=\"wp-block-heading\" id=\"info-dustyroadblues-se\">info@dustyroadblues.se<\/h2>\n\n\n\n<h3 class=\"wp-block-heading\">________________________________________________<\/h3>\n\n\n\n<h1 class=\"wp-block-heading\" id=\"promotionmaterial-och-liknande-skickas-till-ordforande\"><strong>Promotionmaterial och liknande skickas till ordf\u00f6rande: <\/strong><\/h1>\n\n\n\n<h2 class=\"wp-block-heading\" id=\"jan-yngve-ekstedt\">Jan-Yngve Ekstedt <\/h2>\n\n\n\n<h2 class=\"wp-block-heading\" id=\"522-93-tidaholm\">522 93 Tidaholm <\/h2>\n\n\n\n<h2 class=\"wp-block-heading\" id=\"madang-backgarden\">Mad\u00e4ng Backg\u00e5rden <\/h2>\n\n\n\n<h3 class=\"wp-block-heading\">________________________________________________<\/h3>\n\n\n\n<h1 class=\"wp-block-heading\"><strong>Vill du bli medlem i Dusty Road Blues?<\/strong><\/h1>\n\n\n\n<h2 class=\"wp-block-heading\">Att bli medlem i Dusty Road Blues kostar 250 kr om \u00e5ret, och f\u00f6r de pengarna f\u00e5r du 50 kr rabatt p\u00e5 intr\u00e4det till v\u00e5ra spelningar i Tidaholm och Hjo (inte till Bluesfestivalen), och information i mail\/sms n\u00e4r det \u00e4r n\u00e5got p\u00e5 g\u00e5ng. Vi anordnar ca 8 spelningar och 4 JAM under ett \u00e5r vilket inneb\u00e4r att du kan tj\u00e4na in kostnaden f\u00f6r medlemskapet genom att komma p\u00e5 minst fem spelningar under \u00e5ret. Dessutom blir du inbjuden till en medlemsfest under \u00e5ret till ett starkt reducerat pris. Det viktigaste \u00e4r ju att du st\u00f6djer v\u00e5r verksamhet s\u00e5 att vi kan forts\u00e4tta att erbjuda ett intressant musikutbud \u00e4ven i forts\u00e4ttningen.<\/h2>\n\n\n\n<h1 class=\"wp-block-heading\">V\u00e4lkommen i f\u00f6reningen!<\/h1>\n\n\n\n<h1 class=\"wp-block-heading\"><strong><a href=\"https:\/\/docs.google.com\/forms\/d\/1g9vPBZc7cfV_uQeg1r_KbU9jJMXWWOvDUECPQxTfi00\/viewform?edit_requested=true\" title=\"\">Anm\u00e4lningsblankett till Dusty Road Blues<\/a><\/strong><\/h1>\n\n\n\n<h2 class=\"wp-block-heading\">Har du fr\u00e5gor, kontakta v\u00e5r kass\u00f6r Kjell-Olav Ravn<br>kor@dustyroadblues.se<\/h2>\n<p><\/p>","protected":false},"excerpt":{"rendered":"<p>________________________________________________ Webansvarlig: Kjell-Olav Ravn kor@dustyroadblues.se ________________________________________________ F\u00f6r fakturor anv\u00e4nd: Kjell-Olav Ravn V\u00e4stra Drottningv\u00e4gen 13 EE 52230 Tidaholm kor@dustyroadblues.se ________________________________________________ F\u00f6r bokningar anv\u00e4nd: booking@dustyroadblues.se ________________________________________________ Vill ni bifoga filer eller annat anv\u00e4nd: info@dustyroadblues.se ________________________________________________ Promotionmaterial och liknande skickas till ordf\u00f6rande: Jan-Yngve &hellip; <a href=\"http:\/\/www.dustyroadblues.se\/?page_id=1200\">L\u00e4s mer <span class=\"meta-nav\">&rarr;<\/span><\/a><\/p>\n","protected":false},"author":6,"featured_media":0,"parent":0,"menu_order":0,"comment_status":"closed","ping_status":"open","template":"","meta":{"om_disable_all_campaigns":false,"_monsterinsights_skip_tracking":false,"_monsterinsights_sitenote_active":false,"_monsterinsights_sitenote_note":"","_monsterinsights_sitenote_category":0,"_uf_show_specific_survey":0,"_uf_disable_surveys":false,"footnotes":""},"class_list":["post-1200","page","type-page","status-publish","hentry"],"_links":{"self":[{"href":"http:\/\/www.dustyroadblues.se\/index.php?rest_route=\/wp\/v2\/pages\/1200","targetHints":{"allow":["GET"]}}],"collection":[{"href":"http:\/\/www.dustyroadblues.se\/index.php?rest_route=\/wp\/v2\/pages"}],"about":[{"href":"http:\/\/www.dustyroadblues.se\/index.php?rest_route=\/wp\/v2\/types\/page"}],"author":[{"embeddable":true,"href":"http:\/\/www.dustyroadblues.se\/index.php?rest_route=\/wp\/v2\/users\/6"}],"replies":[{"embeddable":true,"href":"http:\/\/www.dustyroadblues.se\/index.php?rest_route=%2Fwp%2Fv2%2Fcomments&post=1200"}],"version-history":[{"count":28,"href":"http:\/\/www.dustyroadblues.se\/index.php?rest_route=\/wp\/v2\/pages\/1200\/revisions"}],"predecessor-version":[{"id":7426,"href":"http:\/\/www.dustyroadblues.se\/index.php?rest_route=\/wp\/v2\/pages\/1200\/revisions\/7426"}],"wp:attachment":[{"href":"http:\/\/www.dustyroadblues.se\/index.php?rest_route=%2Fwp%2Fv2%2Fmedia&parent=1200"}],"curies":[{"name":"wp","href":"https:\/\/api.w.org\/{rel}","templated":true}]}}