{"id":2927,"date":"2020-02-18T15:17:23","date_gmt":"2020-02-18T13:17:23","guid":{"rendered":"http:\/\/www.dustyroadblues.se\/?page_id=2927"},"modified":"2025-11-25T11:06:08","modified_gmt":"2025-11-25T09:06:08","slug":"ny-dokumentside","status":"publish","type":"page","link":"http:\/\/www.dustyroadblues.se\/?page_id=2927","title":{"rendered":"\u00c5rsber\u00e4ttelser (lite kul l\u00e4sning om man vill minnas tillbaks en stund)"},"content":{"rendered":"\n<figure class=\"wp-block-image size-large is-resized\"><img loading=\"lazy\" decoding=\"async\" width=\"425\" height=\"366\" src=\"http:\/\/www.dustyroadblues.se\/wp-content\/uploads\/2020\/02\/old-book-clip-art-5327.jpg\" alt=\"\" class=\"wp-image-2947\" style=\"width:211px;height:182px\" srcset=\"http:\/\/www.dustyroadblues.se\/wp-content\/uploads\/2020\/02\/old-book-clip-art-5327.jpg 425w, http:\/\/www.dustyroadblues.se\/wp-content\/uploads\/2020\/02\/old-book-clip-art-5327-300x258.jpg 300w\" sizes=\"auto, (max-width: 425px) 100vw, 425px\" \/><\/figure>\n\n\n\n<h3 class=\"wp-block-heading\"><a href=\"http:\/\/www.dustyroadblues.se\/wp-content\/uploads\/2025\/11\/Dusty-Road-Blues-2006.pdf\">\u00c5rsber\u00e4ttelse 2006<\/a><\/h3>\n\n\n\n<h3 class=\"wp-block-heading\"><a href=\"http:\/\/www.dustyroadblues.se\/wp-content\/uploads\/2013\/02\/Dusty-Road-Blues-2007_web.pdf\">\u00c5rsber\u00e4ttelse 2007<\/a><\/h3>\n\n\n\n<h3 class=\"wp-block-heading\"><a href=\"http:\/\/www.dustyroadblues.se\/wp-content\/uploads\/2013\/02\/Dusty-Road-Blues-2008_web.pdf\">\u00c5rsber\u00e4ttelse 2008<\/a><\/h3>\n\n\n\n<h3 class=\"wp-block-heading\"><a href=\"http:\/\/www.dustyroadblues.se\/wp-content\/uploads\/2013\/02\/Dusty-Road-Blues-2009_web.pdf\">\u00c5rsber\u00e4ttelse 2009<\/a><\/h3>\n\n\n\n<h3 class=\"wp-block-heading\">\u00c5rsber\u00e4ttelse 2010 &#8211; Tyv\u00e4rr saknas detta f\u00f6r n\u00e4rvarande<\/h3>\n\n\n\n<h3 class=\"wp-block-heading\"><a href=\"http:\/\/www.dustyroadblues.se\/wp-content\/uploads\/2013\/02\/Dusty-Road-Blues-2011_web.pdf\">\u00c5rsber\u00e4ttelse 2011<\/a><\/h3>\n\n\n\n<h3 class=\"wp-block-heading\"><a href=\"http:\/\/www.dustyroadblues.se\/wp-content\/uploads\/2013\/02\/Dusty-Road-Blues-2012_web.pdf\">\u00c5rsber\u00e4ttelse 2012<\/a><\/h3>\n\n\n\n<h3 class=\"wp-block-heading\"><a href=\"http:\/\/www.dustyroadblues.se\/wp-content\/uploads\/2014\/02\/Dusty-Road-Blues-2013.pdf\">\u00c5rsber\u00e4ttelse 2013<\/a> <\/h3>\n\n\n\n<h3 class=\"wp-block-heading\"><a href=\"http:\/\/www.dustyroadblues.se\/wp-content\/uploads\/2020\/02\/Dusty-Road-Blues-Verksberelse-2014.pdf\">\u00c5rsber\u00e4ttelse 2014<\/a><\/h3>\n\n\n\n<h3 class=\"wp-block-heading\"><a href=\"http:\/\/www.dustyroadblues.se\/wp-content\/uploads\/2016\/02\/Dusty-Road-Blues-2015-verksamhetsber.pdf\">\u00c5rsberettelse 2015<\/a><\/h3>\n\n\n\n<h3 class=\"wp-block-heading\"><a href=\"http:\/\/www.dustyroadblues.se\/wp-content\/uploads\/2017\/02\/Dusty-Road-Blues-2016.pdf\">\u00c5rsberettelse 2016<\/a><\/h3>\n\n\n\n<h3 class=\"wp-block-heading\"><a href=\"http:\/\/www.dustyroadblues.se\/wp-content\/uploads\/2012\/02\/Dusty-Road-Blues-2017_verksamhber.pdf\">\u00c5rsberettelse 2017<\/a><\/h3>\n\n\n\n<h3 class=\"wp-block-heading\"><a href=\"http:\/\/www.dustyroadblues.se\/wp-content\/uploads\/2019\/02\/%C3%85rsber%C3%A4ttelse-Dusty-Road-Blues-2018.docx.pdf\">\u00c5rsberettelse 2018<\/a><\/h3>\n\n\n\n<h3 class=\"wp-block-heading\"><a href=\"http:\/\/www.dustyroadblues.se\/wp-content\/uploads\/2020\/02\/%C3%85rsber%C3%A4ttelse-Dusty-Road-Blues-2019-1.pdf\">\u00c5rsberettelse 2019<\/a><\/h3>\n\n\n\n<h3 class=\"wp-block-heading\"><a href=\"http:\/\/www.dustyroadblues.se\/wp-content\/uploads\/2021\/02\/Arsberattelse-Dusty-Road-Blues-2020.pdf\">\u00c5rsber\u00e4ttelse 2020<\/a><\/h3>\n\n\n\n<h3 class=\"wp-block-heading\"><a href=\"http:\/\/www.dustyroadblues.se\/wp-content\/uploads\/2022\/02\/Arsberattelse-Dusty-Road-Blues-2021.pdf\">\u00c5rsber\u00e4ttelse 2021<\/a><\/h3>\n\n\n\n<h3 class=\"wp-block-heading\"><a href=\"http:\/\/www.dustyroadblues.se\/wp-content\/uploads\/2023\/02\/Arsberattelse-2022-Dusty-Road-Blues.docx.pdf\">\u00c5rsber\u00e4ttelse 2022<\/a><\/h3>\n\n\n\n<h3 class=\"wp-block-heading\"><a href=\"http:\/\/www.dustyroadblues.se\/wp-content\/uploads\/2025\/11\/Arsberattelse-2023-Dusty-Road-Blues.pdf\">\u00c5rsber\u00e4ttelse 2023<\/a><\/h3>\n\n\n\n<h3 class=\"wp-block-heading\"><a href=\"http:\/\/www.dustyroadblues.se\/wp-content\/uploads\/2025\/11\/Arsberattelse-2024-Dusty-Road-Blues.pdf\">\u00c5rsber\u00e4ttelse 2024<\/a><\/h3>\n\n\n\n<p><\/p>\n<p><\/p>","protected":false},"excerpt":{"rendered":"<p>\u00c5rsber\u00e4ttelse 2006 \u00c5rsber\u00e4ttelse 2007 \u00c5rsber\u00e4ttelse 2008 \u00c5rsber\u00e4ttelse 2009 \u00c5rsber\u00e4ttelse 2010 &#8211; Tyv\u00e4rr saknas detta f\u00f6r n\u00e4rvarande \u00c5rsber\u00e4ttelse 2011 \u00c5rsber\u00e4ttelse 2012 \u00c5rsber\u00e4ttelse 2013 \u00c5rsber\u00e4ttelse 2014 \u00c5rsberettelse 2015 \u00c5rsberettelse 2016 \u00c5rsberettelse 2017 \u00c5rsberettelse 2018 \u00c5rsberettelse 2019 \u00c5rsber\u00e4ttelse 2020 \u00c5rsber\u00e4ttelse 2021 \u00c5rsber\u00e4ttelse 2022 &hellip; <a href=\"http:\/\/www.dustyroadblues.se\/?page_id=2927\">L\u00e4s mer <span class=\"meta-nav\">&rarr;<\/span><\/a><\/p>\n","protected":false},"author":6,"featured_media":0,"parent":0,"menu_order":0,"comment_status":"closed","ping_status":"closed","template":"","meta":{"om_disable_all_campaigns":false,"_monsterinsights_skip_tracking":false,"_monsterinsights_sitenote_active":false,"_monsterinsights_sitenote_note":"","_monsterinsights_sitenote_category":0,"_uf_show_specific_survey":0,"_uf_disable_surveys":false,"footnotes":""},"class_list":["post-2927","page","type-page","status-publish","hentry"],"_links":{"self":[{"href":"http:\/\/www.dustyroadblues.se\/index.php?rest_route=\/wp\/v2\/pages\/2927","targetHints":{"allow":["GET"]}}],"collection":[{"href":"http:\/\/www.dustyroadblues.se\/index.php?rest_route=\/wp\/v2\/pages"}],"about":[{"href":"http:\/\/www.dustyroadblues.se\/index.php?rest_route=\/wp\/v2\/types\/page"}],"author":[{"embeddable":true,"href":"http:\/\/www.dustyroadblues.se\/index.php?rest_route=\/wp\/v2\/users\/6"}],"replies":[{"embeddable":true,"href":"http:\/\/www.dustyroadblues.se\/index.php?rest_route=%2Fwp%2Fv2%2Fcomments&post=2927"}],"version-history":[{"count":22,"href":"http:\/\/www.dustyroadblues.se\/index.php?rest_route=\/wp\/v2\/pages\/2927\/revisions"}],"predecessor-version":[{"id":6933,"href":"http:\/\/www.dustyroadblues.se\/index.php?rest_route=\/wp\/v2\/pages\/2927\/revisions\/6933"}],"wp:attachment":[{"href":"http:\/\/www.dustyroadblues.se\/index.php?rest_route=%2Fwp%2Fv2%2Fmedia&parent=2927"}],"curies":[{"name":"wp","href":"https:\/\/api.w.org\/{rel}","templated":true}]}}