{"id":2999,"date":"2020-02-19T13:44:18","date_gmt":"2020-02-19T11:44:18","guid":{"rendered":"http:\/\/www.dustyroadblues.se\/?page_id=2999"},"modified":"2025-12-15T19:02:09","modified_gmt":"2025-12-15T17:02:09","slug":"arrangemang-2015","status":"publish","type":"page","link":"http:\/\/www.dustyroadblues.se\/?page_id=2999","title":{"rendered":"Arrangemang 2015"},"content":{"rendered":"\n<ul class=\"wp-block-list\">\n<li>2015-02-21 Sofie Reed @ Gr\u00e4nden (\u00e5rsm\u00f6te)<\/li>\n\n\n\n<li>2015-04-03 <strong>P\u00e5sk Blues<\/strong> Virginia Duo, Back to Basic, Twilight Birds, Moa Bl\u00fccher Bluesband @ Julius.<\/li>\n\n\n\n<li>2015-09-05 <strong>After Dusty Road Blues Festival 2015<\/strong> Arnesen Blues Band, Hightones @ Festv\u00e5ning 4:an huset<\/li>\n\n\n\n<li>2015-10-10 Jeff Jensen @ Julius<\/li>\n\n\n\n<li>2015-12-06 <strong>Julblues<\/strong> Interstate 40 Rhythm Kings, Jonny &amp; Anna @ Festv\u00e5ning 4:an.<\/li>\n<\/ul>\n\n\n\n<figure class=\"wp-block-image size-large is-resized\"><img loading=\"lazy\" decoding=\"async\" width=\"600\" height=\"600\" src=\"http:\/\/www.dustyroadblues.se\/wp-content\/uploads\/2015\/01\/Arsmote-2015_uppdaterad-webb.jpg\" alt=\"\" class=\"wp-image-1797\" style=\"width:840px;height:auto\" srcset=\"http:\/\/www.dustyroadblues.se\/wp-content\/uploads\/2015\/01\/Arsmote-2015_uppdaterad-webb.jpg 600w, http:\/\/www.dustyroadblues.se\/wp-content\/uploads\/2015\/01\/Arsmote-2015_uppdaterad-webb-150x150.jpg 150w, http:\/\/www.dustyroadblues.se\/wp-content\/uploads\/2015\/01\/Arsmote-2015_uppdaterad-webb-300x300.jpg 300w\" sizes=\"auto, (max-width: 600px) 100vw, 600px\" \/><\/figure>\n\n\n\n<h2 class=\"wp-block-heading has-text-align-center\">________________________________________________________________________________<\/h2>\n\n\n\n<figure class=\"wp-block-image size-large is-resized\"><img loading=\"lazy\" decoding=\"async\" width=\"724\" height=\"1024\" src=\"http:\/\/www.dustyroadblues.se\/wp-content\/uploads\/2020\/02\/P\u00e5skblues-2015.jpeg\" alt=\"\" class=\"wp-image-3181\" style=\"width:840px;height:auto\" srcset=\"http:\/\/www.dustyroadblues.se\/wp-content\/uploads\/2020\/02\/P\u00e5skblues-2015.jpeg 724w, http:\/\/www.dustyroadblues.se\/wp-content\/uploads\/2020\/02\/P\u00e5skblues-2015-212x300.jpeg 212w\" sizes=\"auto, (max-width: 724px) 100vw, 724px\" \/><\/figure>\n\n\n\n<h2 class=\"wp-block-heading has-text-align-center\">________________________________________________________________________________<\/h2>\n\n\n\n<figure class=\"wp-block-image size-large is-resized\"><img loading=\"lazy\" decoding=\"async\" width=\"726\" height=\"1024\" src=\"http:\/\/www.dustyroadblues.se\/wp-content\/uploads\/2015\/06\/Efterfest-2015_D-726x1024.jpg\" alt=\"\" class=\"wp-image-2026\" style=\"width:840px;height:auto\" srcset=\"http:\/\/www.dustyroadblues.se\/wp-content\/uploads\/2015\/06\/Efterfest-2015_D-726x1024.jpg 726w, http:\/\/www.dustyroadblues.se\/wp-content\/uploads\/2015\/06\/Efterfest-2015_D-213x300.jpg 213w, http:\/\/www.dustyroadblues.se\/wp-content\/uploads\/2015\/06\/Efterfest-2015_D-900x1269.jpg 900w, http:\/\/www.dustyroadblues.se\/wp-content\/uploads\/2015\/06\/Efterfest-2015_D.jpg 1240w\" sizes=\"auto, (max-width: 726px) 100vw, 726px\" \/><\/figure>\n\n\n\n<h2 class=\"wp-block-heading has-text-align-center\">________________________________________________________________________________<\/h2>\n\n\n\n<figure class=\"wp-block-image size-large is-resized\"><img loading=\"lazy\" decoding=\"async\" width=\"694\" height=\"979\" src=\"http:\/\/www.dustyroadblues.se\/wp-content\/uploads\/2020\/02\/Jeff-Jensen-2015.jpeg\" alt=\"\" class=\"wp-image-3180\" style=\"width:840px;height:auto\" srcset=\"http:\/\/www.dustyroadblues.se\/wp-content\/uploads\/2020\/02\/Jeff-Jensen-2015.jpeg 694w, http:\/\/www.dustyroadblues.se\/wp-content\/uploads\/2020\/02\/Jeff-Jensen-2015-213x300.jpeg 213w\" sizes=\"auto, (max-width: 694px) 100vw, 694px\" \/><\/figure>\n\n\n\n<h2 class=\"wp-block-heading has-text-align-center\">________________________________________________________________________________<\/h2>\n\n\n\n<figure class=\"wp-block-image size-large is-resized\"><img loading=\"lazy\" decoding=\"async\" width=\"507\" height=\"715\" src=\"http:\/\/www.dustyroadblues.se\/wp-content\/uploads\/2014\/09\/JulBlues_B-mail_500px.jpg\" alt=\"\" class=\"wp-image-2046\" style=\"width:840px;height:auto\" srcset=\"http:\/\/www.dustyroadblues.se\/wp-content\/uploads\/2014\/09\/JulBlues_B-mail_500px.jpg 507w, http:\/\/www.dustyroadblues.se\/wp-content\/uploads\/2014\/09\/JulBlues_B-mail_500px-213x300.jpg 213w\" sizes=\"auto, (max-width: 507px) 100vw, 507px\" \/><\/figure>\n\n\n\n<h2 class=\"wp-block-heading has-text-align-center\"> <a href=\"http:\/\/www.dustyroadblues.se\/?page_id=2528\">Tilbake til Arrangemang<\/a> <\/h2>\n<p><\/p>","protected":false},"excerpt":{"rendered":"<p>________________________________________________________________________________ ________________________________________________________________________________ ________________________________________________________________________________ ________________________________________________________________________________ Tilbake til Arrangemang<\/p>\n","protected":false},"author":6,"featured_media":0,"parent":0,"menu_order":0,"comment_status":"closed","ping_status":"closed","template":"","meta":{"om_disable_all_campaigns":false,"_monsterinsights_skip_tracking":false,"_monsterinsights_sitenote_active":false,"_monsterinsights_sitenote_note":"","_monsterinsights_sitenote_category":0,"_uf_show_specific_survey":0,"_uf_disable_surveys":false,"footnotes":""},"class_list":["post-2999","page","type-page","status-publish","hentry"],"_links":{"self":[{"href":"http:\/\/www.dustyroadblues.se\/index.php?rest_route=\/wp\/v2\/pages\/2999","targetHints":{"allow":["GET"]}}],"collection":[{"href":"http:\/\/www.dustyroadblues.se\/index.php?rest_route=\/wp\/v2\/pages"}],"about":[{"href":"http:\/\/www.dustyroadblues.se\/index.php?rest_route=\/wp\/v2\/types\/page"}],"author":[{"embeddable":true,"href":"http:\/\/www.dustyroadblues.se\/index.php?rest_route=\/wp\/v2\/users\/6"}],"replies":[{"embeddable":true,"href":"http:\/\/www.dustyroadblues.se\/index.php?rest_route=%2Fwp%2Fv2%2Fcomments&post=2999"}],"version-history":[{"count":7,"href":"http:\/\/www.dustyroadblues.se\/index.php?rest_route=\/wp\/v2\/pages\/2999\/revisions"}],"predecessor-version":[{"id":7065,"href":"http:\/\/www.dustyroadblues.se\/index.php?rest_route=\/wp\/v2\/pages\/2999\/revisions\/7065"}],"wp:attachment":[{"href":"http:\/\/www.dustyroadblues.se\/index.php?rest_route=%2Fwp%2Fv2%2Fmedia&parent=2999"}],"curies":[{"name":"wp","href":"https:\/\/api.w.org\/{rel}","templated":true}]}}