{"id":3158,"date":"2020-02-21T17:23:55","date_gmt":"2020-02-21T15:23:55","guid":{"rendered":"http:\/\/www.dustyroadblues.se\/?page_id=3158"},"modified":"2026-01-31T15:26:08","modified_gmt":"2026-01-31T13:26:08","slug":"dokument-2","status":"publish","type":"page","link":"http:\/\/www.dustyroadblues.se\/?page_id=3158","title":{"rendered":"Dokument"},"content":{"rendered":"\n<figure class=\"wp-block-image size-full\"><a href=\"http:\/\/www.dustyroadblues.se\/wp-content\/uploads\/2021\/01\/Stadgar.jpeg\"><img loading=\"lazy\" decoding=\"async\" width=\"300\" height=\"168\" src=\"http:\/\/www.dustyroadblues.se\/wp-content\/uploads\/2021\/01\/Stadgar.jpeg\" alt=\"\" class=\"wp-image-3670\"\/><\/a><\/figure>\n\n\n\n<h1 class=\"wp-block-heading\"><a href=\"https:\/\/www.dustyroadblues.se\/?page_id=7225\">\u00c5rsm\u00f6te 2026<\/a><\/h1>\n\n\n\n<h1 class=\"wp-block-heading\" id=\"drb-stadgar\"><a href=\"http:\/\/www.dustyroadblues.se\/wp-content\/uploads\/2021\/01\/DRB-stadgar.pdf\">DRB stadgar<\/a><\/h1>\n\n\n<div class=\"wp-block-image\">\n<figure class=\"aligncenter size-large is-resized\"><a href=\"http:\/\/www.dustyroadblues.se\/?page_id=2825\"><img loading=\"lazy\" decoding=\"async\" width=\"337\" height=\"150\" src=\"http:\/\/www.dustyroadblues.se\/wp-content\/uploads\/2020\/03\/\u00c5rsm\u00f8te.jpg\" alt=\"\" class=\"wp-image-3462\" style=\"width:341px;height:152px\" srcset=\"http:\/\/www.dustyroadblues.se\/wp-content\/uploads\/2020\/03\/\u00c5rsm\u00f8te.jpg 337w, http:\/\/www.dustyroadblues.se\/wp-content\/uploads\/2020\/03\/\u00c5rsm\u00f8te-300x134.jpg 300w\" sizes=\"auto, (max-width: 337px) 100vw, 337px\" \/><\/a><\/figure><\/div>\n\n<div class=\"wp-block-image\">\n<figure class=\"aligncenter size-large is-resized\"><a href=\"http:\/\/www.dustyroadblues.se\/?page_id=2927\"><img loading=\"lazy\" decoding=\"async\" width=\"425\" height=\"366\" src=\"http:\/\/www.dustyroadblues.se\/wp-content\/uploads\/2020\/02\/old-book-clip-art-5327.jpg\" alt=\"\" class=\"wp-image-2947\" style=\"width:182px;height:157px\" srcset=\"http:\/\/www.dustyroadblues.se\/wp-content\/uploads\/2020\/02\/old-book-clip-art-5327.jpg 425w, http:\/\/www.dustyroadblues.se\/wp-content\/uploads\/2020\/02\/old-book-clip-art-5327-300x258.jpg 300w\" sizes=\"auto, (max-width: 425px) 100vw, 425px\" \/><\/a><\/figure><\/div>\n\n\n<h1 class=\"wp-block-heading\" id=\"arsberattelser\"><a href=\"http:\/\/www.dustyroadblues.se\/?page_id=2927\">\u00c5rsber\u00e4ttelser (lite kul l\u00e4sning om man vill minnas tillbaks en stund)<\/a><\/h1>\n\n\n\n<p><\/p>\n<p><\/p>","protected":false},"excerpt":{"rendered":"<p>\u00c5rsm\u00f6te 2026 DRB stadgar \u00c5rsber\u00e4ttelser (lite kul l\u00e4sning om man vill minnas tillbaks en stund)<\/p>\n","protected":false},"author":6,"featured_media":0,"parent":0,"menu_order":0,"comment_status":"closed","ping_status":"closed","template":"","meta":{"om_disable_all_campaigns":false,"_monsterinsights_skip_tracking":false,"_monsterinsights_sitenote_active":false,"_monsterinsights_sitenote_note":"","_monsterinsights_sitenote_category":0,"_uf_show_specific_survey":0,"_uf_disable_surveys":false,"footnotes":""},"class_list":["post-3158","page","type-page","status-publish","hentry"],"_links":{"self":[{"href":"http:\/\/www.dustyroadblues.se\/index.php?rest_route=\/wp\/v2\/pages\/3158","targetHints":{"allow":["GET"]}}],"collection":[{"href":"http:\/\/www.dustyroadblues.se\/index.php?rest_route=\/wp\/v2\/pages"}],"about":[{"href":"http:\/\/www.dustyroadblues.se\/index.php?rest_route=\/wp\/v2\/types\/page"}],"author":[{"embeddable":true,"href":"http:\/\/www.dustyroadblues.se\/index.php?rest_route=\/wp\/v2\/users\/6"}],"replies":[{"embeddable":true,"href":"http:\/\/www.dustyroadblues.se\/index.php?rest_route=%2Fwp%2Fv2%2Fcomments&post=3158"}],"version-history":[{"count":22,"href":"http:\/\/www.dustyroadblues.se\/index.php?rest_route=\/wp\/v2\/pages\/3158\/revisions"}],"predecessor-version":[{"id":7232,"href":"http:\/\/www.dustyroadblues.se\/index.php?rest_route=\/wp\/v2\/pages\/3158\/revisions\/7232"}],"wp:attachment":[{"href":"http:\/\/www.dustyroadblues.se\/index.php?rest_route=%2Fwp%2Fv2%2Fmedia&parent=3158"}],"curies":[{"name":"wp","href":"https:\/\/api.w.org\/{rel}","templated":true}]}}