{"id":3678,"date":"2021-02-08T00:46:49","date_gmt":"2021-02-07T22:46:49","guid":{"rendered":"http:\/\/www.dustyroadblues.se\/?page_id=3678"},"modified":"2022-02-28T00:38:03","modified_gmt":"2022-02-27T22:38:03","slug":"arsmote-23-februari-2021-kl-18-00","status":"publish","type":"page","link":"http:\/\/www.dustyroadblues.se\/?page_id=3678","title":{"rendered":"\u00c5rsm\u00f8te 23 februari 2021 kl. 18.00"},"content":{"rendered":"\n<h2 class=\"wp-block-heading\"><a href=\"http:\/\/www.dustyroadblues.se\/wp-content\/uploads\/2021\/02\/dagordn-DRB-arsmote-200223.pdf\" data-type=\"URL\" data-id=\"http:\/\/www.dustyroadblues.se\/wp-content\/uploads\/2021\/02\/dagordn-DRB-arsmote-200223.pdf\">Dagordning<\/a><\/h2>\n\n\n\n<h2 class=\"wp-block-heading\"><a href=\"http:\/\/www.dustyroadblues.se\/wp-content\/uploads\/2021\/02\/Arsberattelse-Dusty-Road-Blues-2020.pdf\" data-type=\"URL\" data-id=\"http:\/\/www.dustyroadblues.se\/wp-content\/uploads\/2021\/02\/Arsberattelse-Dusty-Road-Blues-2020.pdf\">\u00c5rsber\u00e4ttelse 2020<\/a><\/h2>\n\n\n\n<h2 class=\"wp-block-heading\"><a href=\"http:\/\/www.dustyroadblues.se\/wp-content\/uploads\/2021\/02\/huvudbok2020.pdf\" data-type=\"URL\" data-id=\"http:\/\/www.dustyroadblues.se\/wp-content\/uploads\/2021\/02\/huvudbok2020.pdf\">Hovudbok 2020<\/a><\/h2>\n\n\n\n<h2 class=\"wp-block-heading\"><a href=\"http:\/\/www.dustyroadblues.se\/wp-content\/uploads\/2021\/02\/balansrapp2020.pdf\" data-type=\"URL\" data-id=\"http:\/\/www.dustyroadblues.se\/wp-content\/uploads\/2021\/02\/balansrapp2020.pdf\">Balansrapport 2020<\/a><\/h2>\n\n\n\n<h2 class=\"wp-block-heading\"><a href=\"http:\/\/www.dustyroadblues.se\/wp-content\/uploads\/2021\/02\/resultatrapp2020.pdf\" data-type=\"URL\" data-id=\"http:\/\/www.dustyroadblues.se\/wp-content\/uploads\/2021\/02\/resultatrapp2020.pdf\">Resultatrapport 2020<\/a><\/h2>\n\n\n\n<h2 class=\"wp-block-heading\"><a href=\"http:\/\/www.dustyroadblues.se\/wp-content\/uploads\/2021\/02\/revisionsber2020.pdf\" data-type=\"URL\" data-id=\"http:\/\/www.dustyroadblues.se\/wp-content\/uploads\/2021\/02\/revisionsber2020.pdf\">Revisionsber\u00e4ttelse 2020<\/a><\/h2>\n\n\n\n<h2 class=\"wp-block-heading\"><a href=\"http:\/\/www.dustyroadblues.se\/wp-content\/uploads\/2021\/02\/verksamhetsplan-2021-1.pdf\" data-type=\"URL\" data-id=\"http:\/\/www.dustyroadblues.se\/wp-content\/uploads\/2021\/02\/verksamhetsplan-2021-1.pdf\">Verksamhetsplan 2021<\/a><\/h2>\n\n\n\n<h2 class=\"wp-block-heading\"><a href=\"http:\/\/www.dustyroadblues.se\/wp-content\/uploads\/2021\/02\/Budget-for-verksamhetsaret-2021-DRB.pdf\" data-type=\"URL\" data-id=\"http:\/\/www.dustyroadblues.se\/wp-content\/uploads\/2021\/02\/Budget-for-verksamhetsaret-2021-DRB.pdf\">Budget 2021<\/a><\/h2>\n\n\n\n<h2 class=\"wp-block-heading\"><a href=\"http:\/\/www.dustyroadblues.se\/wp-content\/uploads\/2021\/02\/Valberedningens-forslag-till-styrelse-och-ledamotert-2021.pdf\" data-type=\"URL\" data-id=\"http:\/\/www.dustyroadblues.se\/wp-content\/uploads\/2021\/02\/Valberedningens-forslag-till-styrelse-och-ledamotert-2021.pdf\">Valberedningens forslag till styrelse och ledamotert 2021<\/a><\/h2>\n\n\n\n<p><\/p>\n<p><\/p>","protected":false},"excerpt":{"rendered":"<p>Dagordning \u00c5rsber\u00e4ttelse 2020 Hovudbok 2020 Balansrapport 2020 Resultatrapport 2020 Revisionsber\u00e4ttelse 2020 Verksamhetsplan 2021 Budget 2021 Valberedningens forslag till styrelse och ledamotert 2021<\/p>\n","protected":false},"author":6,"featured_media":0,"parent":0,"menu_order":0,"comment_status":"closed","ping_status":"closed","template":"","meta":{"om_disable_all_campaigns":false,"_monsterinsights_skip_tracking":false,"_monsterinsights_sitenote_active":false,"_monsterinsights_sitenote_note":"","_monsterinsights_sitenote_category":0,"_uf_show_specific_survey":0,"_uf_disable_surveys":false,"footnotes":""},"class_list":["post-3678","page","type-page","status-publish","hentry"],"_links":{"self":[{"href":"http:\/\/www.dustyroadblues.se\/index.php?rest_route=\/wp\/v2\/pages\/3678","targetHints":{"allow":["GET"]}}],"collection":[{"href":"http:\/\/www.dustyroadblues.se\/index.php?rest_route=\/wp\/v2\/pages"}],"about":[{"href":"http:\/\/www.dustyroadblues.se\/index.php?rest_route=\/wp\/v2\/types\/page"}],"author":[{"embeddable":true,"href":"http:\/\/www.dustyroadblues.se\/index.php?rest_route=\/wp\/v2\/users\/6"}],"replies":[{"embeddable":true,"href":"http:\/\/www.dustyroadblues.se\/index.php?rest_route=%2Fwp%2Fv2%2Fcomments&post=3678"}],"version-history":[{"count":5,"href":"http:\/\/www.dustyroadblues.se\/index.php?rest_route=\/wp\/v2\/pages\/3678\/revisions"}],"predecessor-version":[{"id":3697,"href":"http:\/\/www.dustyroadblues.se\/index.php?rest_route=\/wp\/v2\/pages\/3678\/revisions\/3697"}],"wp:attachment":[{"href":"http:\/\/www.dustyroadblues.se\/index.php?rest_route=%2Fwp%2Fv2%2Fmedia&parent=3678"}],"curies":[{"name":"wp","href":"https:\/\/api.w.org\/{rel}","templated":true}]}}