{"id":4152,"date":"2022-02-12T18:59:40","date_gmt":"2022-02-12T16:59:40","guid":{"rendered":"http:\/\/www.dustyroadblues.se\/?page_id=4152"},"modified":"2026-01-02T20:18:30","modified_gmt":"2026-01-02T18:18:30","slug":"arrangemang-2022","status":"publish","type":"page","link":"http:\/\/www.dustyroadblues.se\/?page_id=4152","title":{"rendered":"Arrangemang 2022"},"content":{"rendered":"\n<ul class=\"wp-block-list\">\n<li>2022.02.11 The Blue Benders @ Hotel Bellevue, Hjo<\/li>\n\n\n\n<li>2022.03.01 Nine Below Zero @ Hotel Bellevue, Hjo<\/li>\n\n\n\n<li>2022.03.19 Tomas Jo` Group @ Thaipalatset, Tidaholm<\/li>\n\n\n\n<li>2022.04.09 Blues Jam @ ThaiPalatset, Tidaholm<\/li>\n\n\n\n<li>2022.06.29 <strong>Sommarblues<\/strong> Old Betty`s Blues Duo @ Hotel Bellevue, Hjo<\/li>\n\n\n\n<li>2022.07.07 <strong>Sommarblues<\/strong> Hurley &amp; The Blue Dots @ Hotel Bellevue, Hjo<\/li>\n\n\n\n<li>2022.08.03 <strong>Sommarblues<\/strong> Slidin` Slim @ Hotel Bellevue, Hjo<\/li>\n\n\n\n<li>2022.08.27 Blues Jam @ ThaiPalatset, Tidaholm<\/li>\n\n\n\n<li>2022.09.13 Kat Riggins (USA) @ JIVEs K\u00f6k &amp; Cafe, Tidaholm<\/li>\n\n\n\n<li>2022.10.01 Ingela \u00d6hman Trio @ 10:an, Hjo<\/li>\n\n\n\n<li>2022.10.22 Music Jam @ JIVEs K\u00f6k &amp; Cafe, Tidaholm<\/li>\n\n\n\n<li>2022.11.12 Sture Elldin Blues Band @ ThaiPalatset, Tidaholm<\/li>\n\n\n\n<li>2022.12.03 Faraj Risberg Rogefeldt @ Hotel Bellevue, Hjo<\/li>\n<\/ul>\n\n\n<div class=\"wp-block-image\">\n<figure class=\"aligncenter size-large is-resized\"><a href=\"http:\/\/www.dustyroadblues.se\/wp-content\/uploads\/2022\/11\/Faraj-Risberg-Rogerfeldt.jpeg\"><img loading=\"lazy\" decoding=\"async\" width=\"724\" height=\"1024\" src=\"http:\/\/www.dustyroadblues.se\/wp-content\/uploads\/2022\/11\/Faraj-Risberg-Rogerfeldt-724x1024.jpeg\" alt=\"\" class=\"wp-image-4678\" style=\"aspect-ratio:0.7068239258635215;width:840px;height:auto\" srcset=\"http:\/\/www.dustyroadblues.se\/wp-content\/uploads\/2022\/11\/Faraj-Risberg-Rogerfeldt-724x1024.jpeg 724w, http:\/\/www.dustyroadblues.se\/wp-content\/uploads\/2022\/11\/Faraj-Risberg-Rogerfeldt-212x300.jpeg 212w, http:\/\/www.dustyroadblues.se\/wp-content\/uploads\/2022\/11\/Faraj-Risberg-Rogerfeldt-768x1086.jpeg 768w, http:\/\/www.dustyroadblues.se\/wp-content\/uploads\/2022\/11\/Faraj-Risberg-Rogerfeldt-1086x1536.jpeg 1086w, http:\/\/www.dustyroadblues.se\/wp-content\/uploads\/2022\/11\/Faraj-Risberg-Rogerfeldt-1448x2048.jpeg 1448w, http:\/\/www.dustyroadblues.se\/wp-content\/uploads\/2022\/11\/Faraj-Risberg-Rogerfeldt.jpeg 1684w\" sizes=\"auto, (max-width: 724px) 100vw, 724px\" \/><\/a><\/figure><\/div>\n\n\n<h2 class=\"wp-block-heading has-text-align-center\"><a href=\"https:\/\/www.youtube.com\/playlist?list=PLYwEi_ghNShpfGRO-TaHjwu7SA5wRMbyH\">Videos<\/a> <\/h2>\n\n\n\n<h2 class=\"wp-block-heading has-text-align-center\">______________________________________<\/h2>\n\n\n<div class=\"wp-block-image\">\n<figure class=\"aligncenter size-large is-resized\"><a href=\"http:\/\/www.dustyroadblues.se\/wp-content\/uploads\/2022\/11\/Sture-Elldin-Blues-Band.jpeg\"><img loading=\"lazy\" decoding=\"async\" width=\"724\" height=\"1024\" src=\"http:\/\/www.dustyroadblues.se\/wp-content\/uploads\/2022\/11\/Sture-Elldin-Blues-Band-724x1024.jpeg\" alt=\"\" class=\"wp-image-4665\" style=\"width:841px;height:1189px\" srcset=\"http:\/\/www.dustyroadblues.se\/wp-content\/uploads\/2022\/11\/Sture-Elldin-Blues-Band-724x1024.jpeg 724w, http:\/\/www.dustyroadblues.se\/wp-content\/uploads\/2022\/11\/Sture-Elldin-Blues-Band-212x300.jpeg 212w, http:\/\/www.dustyroadblues.se\/wp-content\/uploads\/2022\/11\/Sture-Elldin-Blues-Band-768x1086.jpeg 768w, http:\/\/www.dustyroadblues.se\/wp-content\/uploads\/2022\/11\/Sture-Elldin-Blues-Band-1086x1536.jpeg 1086w, http:\/\/www.dustyroadblues.se\/wp-content\/uploads\/2022\/11\/Sture-Elldin-Blues-Band-1448x2048.jpeg 1448w, http:\/\/www.dustyroadblues.se\/wp-content\/uploads\/2022\/11\/Sture-Elldin-Blues-Band.jpeg 1684w\" sizes=\"auto, (max-width: 724px) 100vw, 724px\" \/><\/a><\/figure><\/div>\n\n\n<h2 class=\"wp-block-heading has-text-align-center\"><a href=\"https:\/\/www.youtube.com\/playlist?list=PLYwEi_ghNShp6toLklzG1I32tr01cKemO\">Videos<\/a><\/h2>\n\n\n\n<p class=\"has-text-align-center\">______________________________________<\/p>\n\n\n\n<figure class=\"wp-block-image size-large is-resized\"><a href=\"http:\/\/www.dustyroadblues.se\/wp-content\/uploads\/2022\/10\/Bluesjam-22-oktober-2022-page001.jpg\"><img loading=\"lazy\" decoding=\"async\" width=\"724\" height=\"1024\" src=\"http:\/\/www.dustyroadblues.se\/wp-content\/uploads\/2022\/10\/Bluesjam-22-oktober-2022-page001-724x1024.jpg\" alt=\"\" class=\"wp-image-4617\" style=\"width:839px;height:1187px\" srcset=\"http:\/\/www.dustyroadblues.se\/wp-content\/uploads\/2022\/10\/Bluesjam-22-oktober-2022-page001-724x1024.jpg 724w, http:\/\/www.dustyroadblues.se\/wp-content\/uploads\/2022\/10\/Bluesjam-22-oktober-2022-page001-212x300.jpg 212w, http:\/\/www.dustyroadblues.se\/wp-content\/uploads\/2022\/10\/Bluesjam-22-oktober-2022-page001-768x1086.jpg 768w, http:\/\/www.dustyroadblues.se\/wp-content\/uploads\/2022\/10\/Bluesjam-22-oktober-2022-page001-1086x1536.jpg 1086w, http:\/\/www.dustyroadblues.se\/wp-content\/uploads\/2022\/10\/Bluesjam-22-oktober-2022-page001-1448x2048.jpg 1448w, http:\/\/www.dustyroadblues.se\/wp-content\/uploads\/2022\/10\/Bluesjam-22-oktober-2022-page001.jpg 1684w\" sizes=\"auto, (max-width: 724px) 100vw, 724px\" \/><\/a><\/figure>\n\n\n\n<h2 class=\"wp-block-heading\">Grundband \u00e4r denna eftermiddag:<\/h2>\n\n\n\n<figure class=\"wp-block-image size-full\"><a href=\"http:\/\/www.dustyroadblues.se\/wp-content\/uploads\/2022\/10\/image.png\"><img loading=\"lazy\" decoding=\"async\" width=\"680\" height=\"341\" src=\"http:\/\/www.dustyroadblues.se\/wp-content\/uploads\/2022\/10\/image.png\" alt=\"\" class=\"wp-image-4651\" srcset=\"http:\/\/www.dustyroadblues.se\/wp-content\/uploads\/2022\/10\/image.png 680w, http:\/\/www.dustyroadblues.se\/wp-content\/uploads\/2022\/10\/image-300x150.png 300w\" sizes=\"auto, (max-width: 680px) 100vw, 680px\" \/><\/a><\/figure>\n\n\n\n<p><\/p>\n\n\n\n<h2 class=\"wp-block-heading\">70-talets myllrande kompott av musikaliska influenser har gett stort avtryck p\u00e5 Street Cry och den musikaliska resa som inleddes under 2020 i V\u00e4nersborg. Street Cry ger lyssnaren genren Progressive Soul vilken \u00e4r en resa igenom ett landskap av olika genrer s\u00e5 som soul, pop, rock, jazz och blues med en fram\u00e5tstr\u00e4van f\u00f6r att hitta dynamiska och sj\u00e4lfulla m\u00f6ten inom musiken. Gruppen har hittat ett sound som inte vill <a><\/a>begr\u00e4nsa sig och stagnera inom redan uppbyggda ramar d\u00e5 alla i gruppen b\u00e4r in olika influenser fr\u00e5n ett brett spektrum p\u00e5 den musikaliska kartan. F\u00f6r att ge lyssnare en liten inblick i vad som har r\u00f6rt sig i Streets Crys medlemmars medvetande under musikskapandeprocessen kommer h\u00e4r ett axplock av olika influenser:<\/h2>\n\n\n\n<h2 class=\"wp-block-heading\">Supertramp, The Doobie Brothers, Bobby Bland, Rush, The Police, Paul Carrack, Steely Dan, MFSB, Band of Gypsys, The Creeps, Fleetwood Mac, Donny Hathaway, Highway Robbery, Pink Floyd, Boz Scaggs, Bill Withers, Genesis, James Taylor, Curtis Mayfield, The Black Crows<\/h2>\n\n\n\n<h2 class=\"wp-block-heading\">Videos<\/h2>\n\n\n\n<h2 class=\"wp-block-heading has-text-align-center\">______________________________________<\/h2>\n\n\n\n<figure class=\"wp-block-image size-large is-resized\"><a href=\"http:\/\/www.dustyroadblues.se\/wp-content\/uploads\/2022\/09\/Ingela-Ohman-Trio-Okt-22-page001.png\"><img loading=\"lazy\" decoding=\"async\" width=\"724\" height=\"1024\" src=\"http:\/\/www.dustyroadblues.se\/wp-content\/uploads\/2022\/09\/Ingela-Ohman-Trio-Okt-22-page001-724x1024.png\" alt=\"\" class=\"wp-image-4579\" style=\"width:842px;height:1191px\" srcset=\"http:\/\/www.dustyroadblues.se\/wp-content\/uploads\/2022\/09\/Ingela-Ohman-Trio-Okt-22-page001-724x1024.png 724w, http:\/\/www.dustyroadblues.se\/wp-content\/uploads\/2022\/09\/Ingela-Ohman-Trio-Okt-22-page001-212x300.png 212w, http:\/\/www.dustyroadblues.se\/wp-content\/uploads\/2022\/09\/Ingela-Ohman-Trio-Okt-22-page001-768x1086.png 768w, http:\/\/www.dustyroadblues.se\/wp-content\/uploads\/2022\/09\/Ingela-Ohman-Trio-Okt-22-page001-1086x1536.png 1086w, http:\/\/www.dustyroadblues.se\/wp-content\/uploads\/2022\/09\/Ingela-Ohman-Trio-Okt-22-page001-1448x2048.png 1448w, http:\/\/www.dustyroadblues.se\/wp-content\/uploads\/2022\/09\/Ingela-Ohman-Trio-Okt-22-page001.png 1684w\" sizes=\"auto, (max-width: 724px) 100vw, 724px\" \/><\/a><\/figure>\n\n\n\n<h2 class=\"wp-block-heading has-text-align-center\">______________________________________<\/h2>\n\n\n\n<figure class=\"wp-block-image size-large\"><a href=\"http:\/\/www.dustyroadblues.se\/wp-content\/uploads\/2022\/08\/Kat-Riggins-lokal-affisch.jpeg\"><img loading=\"lazy\" decoding=\"async\" width=\"870\" height=\"1024\" src=\"http:\/\/www.dustyroadblues.se\/wp-content\/uploads\/2022\/08\/Kat-Riggins-lokal-affisch-870x1024.jpeg\" alt=\"\" class=\"wp-image-4563\" srcset=\"http:\/\/www.dustyroadblues.se\/wp-content\/uploads\/2022\/08\/Kat-Riggins-lokal-affisch-870x1024.jpeg 870w, http:\/\/www.dustyroadblues.se\/wp-content\/uploads\/2022\/08\/Kat-Riggins-lokal-affisch-255x300.jpeg 255w, http:\/\/www.dustyroadblues.se\/wp-content\/uploads\/2022\/08\/Kat-Riggins-lokal-affisch-768x903.jpeg 768w, http:\/\/www.dustyroadblues.se\/wp-content\/uploads\/2022\/08\/Kat-Riggins-lokal-affisch-1306x1536.jpeg 1306w, http:\/\/www.dustyroadblues.se\/wp-content\/uploads\/2022\/08\/Kat-Riggins-lokal-affisch.jpeg 1678w\" sizes=\"auto, (max-width: 870px) 100vw, 870px\" \/><\/a><\/figure>\n\n\n\n<h2 class=\"wp-block-heading has-text-align-center\">______________________________________<\/h2>\n\n\n\n<figure class=\"wp-block-image size-large is-resized\"><a href=\"http:\/\/www.dustyroadblues.se\/wp-content\/uploads\/2022\/08\/Bluesjam27-aug-2022-page001.jpeg\"><img loading=\"lazy\" decoding=\"async\" width=\"724\" height=\"1024\" src=\"http:\/\/www.dustyroadblues.se\/wp-content\/uploads\/2022\/08\/Bluesjam27-aug-2022-page001-724x1024.jpeg\" alt=\"\" class=\"wp-image-4571\" style=\"width:840px;height:1188px\" srcset=\"http:\/\/www.dustyroadblues.se\/wp-content\/uploads\/2022\/08\/Bluesjam27-aug-2022-page001-724x1024.jpeg 724w, http:\/\/www.dustyroadblues.se\/wp-content\/uploads\/2022\/08\/Bluesjam27-aug-2022-page001-212x300.jpeg 212w, http:\/\/www.dustyroadblues.se\/wp-content\/uploads\/2022\/08\/Bluesjam27-aug-2022-page001-768x1086.jpeg 768w, http:\/\/www.dustyroadblues.se\/wp-content\/uploads\/2022\/08\/Bluesjam27-aug-2022-page001-1086x1536.jpeg 1086w, http:\/\/www.dustyroadblues.se\/wp-content\/uploads\/2022\/08\/Bluesjam27-aug-2022-page001-1448x2048.jpeg 1448w, http:\/\/www.dustyroadblues.se\/wp-content\/uploads\/2022\/08\/Bluesjam27-aug-2022-page001.jpeg 1684w\" sizes=\"auto, (max-width: 724px) 100vw, 724px\" \/><\/a><\/figure>\n\n\n\n<h2 class=\"wp-block-heading has-text-align-center\">______________________________________<\/h2>\n\n\n\n<figure class=\"wp-block-image size-large is-resized\"><a href=\"http:\/\/www.dustyroadblues.se\/wp-content\/uploads\/2022\/07\/Slidn-Slim-med-text-page001.jpg\"><img loading=\"lazy\" decoding=\"async\" width=\"724\" height=\"1024\" src=\"http:\/\/www.dustyroadblues.se\/wp-content\/uploads\/2022\/07\/Slidn-Slim-med-text-page001-724x1024.jpg\" alt=\"\" class=\"wp-image-4548\" style=\"aspect-ratio:0.7062289562289562;width:840px;height:auto\" srcset=\"http:\/\/www.dustyroadblues.se\/wp-content\/uploads\/2022\/07\/Slidn-Slim-med-text-page001-724x1024.jpg 724w, http:\/\/www.dustyroadblues.se\/wp-content\/uploads\/2022\/07\/Slidn-Slim-med-text-page001-212x300.jpg 212w, http:\/\/www.dustyroadblues.se\/wp-content\/uploads\/2022\/07\/Slidn-Slim-med-text-page001-768x1086.jpg 768w, http:\/\/www.dustyroadblues.se\/wp-content\/uploads\/2022\/07\/Slidn-Slim-med-text-page001-1086x1536.jpg 1086w, http:\/\/www.dustyroadblues.se\/wp-content\/uploads\/2022\/07\/Slidn-Slim-med-text-page001-1448x2048.jpg 1448w, http:\/\/www.dustyroadblues.se\/wp-content\/uploads\/2022\/07\/Slidn-Slim-med-text-page001.jpg 1684w\" sizes=\"auto, (max-width: 724px) 100vw, 724px\" \/><\/a><\/figure>\n\n\n\n<h2 class=\"wp-block-heading has-text-align-center\">______________________________________<\/h2>\n\n\n\n<figure class=\"wp-block-image size-large is-resized\"><a href=\"http:\/\/www.dustyroadblues.se\/wp-content\/uploads\/2022\/07\/Hurley-the-Blue-Dots-page001.jpeg\"><img loading=\"lazy\" decoding=\"async\" width=\"724\" height=\"1024\" src=\"http:\/\/www.dustyroadblues.se\/wp-content\/uploads\/2022\/07\/Hurley-the-Blue-Dots-page001-724x1024.jpeg\" alt=\"\" class=\"wp-image-4544\" style=\"width:837px;height:1183px\" srcset=\"http:\/\/www.dustyroadblues.se\/wp-content\/uploads\/2022\/07\/Hurley-the-Blue-Dots-page001-724x1024.jpeg 724w, http:\/\/www.dustyroadblues.se\/wp-content\/uploads\/2022\/07\/Hurley-the-Blue-Dots-page001-212x300.jpeg 212w, http:\/\/www.dustyroadblues.se\/wp-content\/uploads\/2022\/07\/Hurley-the-Blue-Dots-page001-768x1086.jpeg 768w, http:\/\/www.dustyroadblues.se\/wp-content\/uploads\/2022\/07\/Hurley-the-Blue-Dots-page001-1086x1536.jpeg 1086w, http:\/\/www.dustyroadblues.se\/wp-content\/uploads\/2022\/07\/Hurley-the-Blue-Dots-page001-1448x2048.jpeg 1448w, http:\/\/www.dustyroadblues.se\/wp-content\/uploads\/2022\/07\/Hurley-the-Blue-Dots-page001.jpeg 1684w\" sizes=\"auto, (max-width: 724px) 100vw, 724px\" \/><\/a><\/figure>\n\n\n\n<h2 class=\"wp-block-heading has-text-align-center\">______________________________________<\/h2>\n\n\n\n<figure class=\"wp-block-image size-large is-resized\"><a href=\"http:\/\/www.dustyroadblues.se\/wp-content\/uploads\/2022\/10\/Old-Betsy-page001.jpg\"><img loading=\"lazy\" decoding=\"async\" width=\"724\" height=\"1024\" src=\"http:\/\/www.dustyroadblues.se\/wp-content\/uploads\/2022\/10\/Old-Betsy-page001-724x1024.jpg\" alt=\"\" class=\"wp-image-4601\" style=\"width:841px;height:1189px\" srcset=\"http:\/\/www.dustyroadblues.se\/wp-content\/uploads\/2022\/10\/Old-Betsy-page001-724x1024.jpg 724w, http:\/\/www.dustyroadblues.se\/wp-content\/uploads\/2022\/10\/Old-Betsy-page001-212x300.jpg 212w, http:\/\/www.dustyroadblues.se\/wp-content\/uploads\/2022\/10\/Old-Betsy-page001-768x1086.jpg 768w, http:\/\/www.dustyroadblues.se\/wp-content\/uploads\/2022\/10\/Old-Betsy-page001-1086x1536.jpg 1086w, http:\/\/www.dustyroadblues.se\/wp-content\/uploads\/2022\/10\/Old-Betsy-page001-1448x2048.jpg 1448w, http:\/\/www.dustyroadblues.se\/wp-content\/uploads\/2022\/10\/Old-Betsy-page001.jpg 1684w\" sizes=\"auto, (max-width: 724px) 100vw, 724px\" \/><\/a><\/figure>\n\n\n\n<h2 class=\"wp-block-heading has-text-align-center\">______________________________________<\/h2>\n\n\n\n<figure class=\"wp-block-image size-large is-resized\"><a href=\"http:\/\/www.dustyroadblues.se\/wp-content\/uploads\/2022\/02\/Bluesjam-9-april-2022-001.jpg\"><img loading=\"lazy\" decoding=\"async\" width=\"724\" height=\"1024\" src=\"http:\/\/www.dustyroadblues.se\/wp-content\/uploads\/2022\/02\/Bluesjam-9-april-2022-001-724x1024.jpg\" alt=\"\" class=\"wp-image-4102\" style=\"width:861px;height:1220px\" srcset=\"http:\/\/www.dustyroadblues.se\/wp-content\/uploads\/2022\/02\/Bluesjam-9-april-2022-001-724x1024.jpg 724w, http:\/\/www.dustyroadblues.se\/wp-content\/uploads\/2022\/02\/Bluesjam-9-april-2022-001-212x300.jpg 212w, http:\/\/www.dustyroadblues.se\/wp-content\/uploads\/2022\/02\/Bluesjam-9-april-2022-001-768x1086.jpg 768w, http:\/\/www.dustyroadblues.se\/wp-content\/uploads\/2022\/02\/Bluesjam-9-april-2022-001-1086x1536.jpg 1086w, http:\/\/www.dustyroadblues.se\/wp-content\/uploads\/2022\/02\/Bluesjam-9-april-2022-001-1448x2048.jpg 1448w, http:\/\/www.dustyroadblues.se\/wp-content\/uploads\/2022\/02\/Bluesjam-9-april-2022-001.jpg 1684w\" sizes=\"auto, (max-width: 724px) 100vw, 724px\" \/><\/a><\/figure>\n\n\n\n<h2 class=\"wp-block-heading has-text-align-center\">______________________________________<\/h2>\n\n\n\n<figure class=\"wp-block-image size-large is-resized\"><a href=\"http:\/\/www.dustyroadblues.se\/wp-content\/uploads\/2022\/02\/Tomas-Jo-Group-affisch-001.jpg\"><img loading=\"lazy\" decoding=\"async\" width=\"724\" height=\"1024\" src=\"http:\/\/www.dustyroadblues.se\/wp-content\/uploads\/2022\/02\/Tomas-Jo-Group-affisch-001-724x1024.jpg\" alt=\"\" class=\"wp-image-4121\" style=\"width:881px;height:1246px\" srcset=\"http:\/\/www.dustyroadblues.se\/wp-content\/uploads\/2022\/02\/Tomas-Jo-Group-affisch-001-724x1024.jpg 724w, http:\/\/www.dustyroadblues.se\/wp-content\/uploads\/2022\/02\/Tomas-Jo-Group-affisch-001-212x300.jpg 212w, http:\/\/www.dustyroadblues.se\/wp-content\/uploads\/2022\/02\/Tomas-Jo-Group-affisch-001-768x1086.jpg 768w, http:\/\/www.dustyroadblues.se\/wp-content\/uploads\/2022\/02\/Tomas-Jo-Group-affisch-001-1086x1536.jpg 1086w, http:\/\/www.dustyroadblues.se\/wp-content\/uploads\/2022\/02\/Tomas-Jo-Group-affisch-001.jpg 1191w\" sizes=\"auto, (max-width: 724px) 100vw, 724px\" \/><\/a><\/figure>\n\n\n\n<h2 class=\"wp-block-heading has-text-align-center\">______________________________________<\/h2>\n\n\n\n<figure class=\"wp-block-image size-large is-resized\"><a href=\"http:\/\/www.dustyroadblues.se\/wp-content\/uploads\/2022\/02\/Nine-Below-Zero-affisch-2-001.jpg\"><img loading=\"lazy\" decoding=\"async\" width=\"724\" height=\"1024\" src=\"http:\/\/www.dustyroadblues.se\/wp-content\/uploads\/2022\/02\/Nine-Below-Zero-affisch-2-001-724x1024.jpg\" alt=\"\" class=\"wp-image-4167\" style=\"width:893px;height:1262px\" srcset=\"http:\/\/www.dustyroadblues.se\/wp-content\/uploads\/2022\/02\/Nine-Below-Zero-affisch-2-001-724x1024.jpg 724w, http:\/\/www.dustyroadblues.se\/wp-content\/uploads\/2022\/02\/Nine-Below-Zero-affisch-2-001-212x300.jpg 212w, http:\/\/www.dustyroadblues.se\/wp-content\/uploads\/2022\/02\/Nine-Below-Zero-affisch-2-001-768x1086.jpg 768w, http:\/\/www.dustyroadblues.se\/wp-content\/uploads\/2022\/02\/Nine-Below-Zero-affisch-2-001-1086x1536.jpg 1086w, http:\/\/www.dustyroadblues.se\/wp-content\/uploads\/2022\/02\/Nine-Below-Zero-affisch-2-001.jpg 1191w\" sizes=\"auto, (max-width: 724px) 100vw, 724px\" \/><\/a><\/figure>\n\n\n\n<h2 class=\"wp-block-heading has-text-align-center\">______________________________________<\/h2>\n\n\n\n<figure class=\"wp-block-image size-large is-resized\"><a href=\"http:\/\/www.dustyroadblues.se\/wp-content\/uploads\/2022\/01\/Blue-Benders-affisch-001.jpg\"><img loading=\"lazy\" decoding=\"async\" width=\"724\" height=\"1024\" src=\"http:\/\/www.dustyroadblues.se\/wp-content\/uploads\/2022\/01\/Blue-Benders-affisch-001-724x1024.jpg\" alt=\"\" class=\"wp-image-3938\" style=\"width:880px;height:1243px\" srcset=\"http:\/\/www.dustyroadblues.se\/wp-content\/uploads\/2022\/01\/Blue-Benders-affisch-001-724x1024.jpg 724w, http:\/\/www.dustyroadblues.se\/wp-content\/uploads\/2022\/01\/Blue-Benders-affisch-001-212x300.jpg 212w, http:\/\/www.dustyroadblues.se\/wp-content\/uploads\/2022\/01\/Blue-Benders-affisch-001-768x1086.jpg 768w, http:\/\/www.dustyroadblues.se\/wp-content\/uploads\/2022\/01\/Blue-Benders-affisch-001-1086x1536.jpg 1086w, http:\/\/www.dustyroadblues.se\/wp-content\/uploads\/2022\/01\/Blue-Benders-affisch-001.jpg 1191w\" sizes=\"auto, (max-width: 724px) 100vw, 724px\" \/><\/a><\/figure>\n<p><\/p>","protected":false},"excerpt":{"rendered":"<p>Videos ______________________________________ Videos ______________________________________ Grundband \u00e4r denna eftermiddag: 70-talets myllrande kompott av musikaliska influenser har gett stort avtryck p\u00e5 Street Cry och den musikaliska resa som inleddes under 2020 i V\u00e4nersborg. Street Cry ger lyssnaren genren Progressive Soul vilken \u00e4r &hellip; <a href=\"http:\/\/www.dustyroadblues.se\/?page_id=4152\">L\u00e4s mer <span class=\"meta-nav\">&rarr;<\/span><\/a><\/p>\n","protected":false},"author":6,"featured_media":0,"parent":0,"menu_order":0,"comment_status":"closed","ping_status":"closed","template":"","meta":{"om_disable_all_campaigns":false,"_monsterinsights_skip_tracking":false,"_monsterinsights_sitenote_active":false,"_monsterinsights_sitenote_note":"","_monsterinsights_sitenote_category":0,"_uf_show_specific_survey":0,"_uf_disable_surveys":false,"footnotes":""},"class_list":["post-4152","page","type-page","status-publish","hentry"],"_links":{"self":[{"href":"http:\/\/www.dustyroadblues.se\/index.php?rest_route=\/wp\/v2\/pages\/4152","targetHints":{"allow":["GET"]}}],"collection":[{"href":"http:\/\/www.dustyroadblues.se\/index.php?rest_route=\/wp\/v2\/pages"}],"about":[{"href":"http:\/\/www.dustyroadblues.se\/index.php?rest_route=\/wp\/v2\/types\/page"}],"author":[{"embeddable":true,"href":"http:\/\/www.dustyroadblues.se\/index.php?rest_route=\/wp\/v2\/users\/6"}],"replies":[{"embeddable":true,"href":"http:\/\/www.dustyroadblues.se\/index.php?rest_route=%2Fwp%2Fv2%2Fcomments&post=4152"}],"version-history":[{"count":36,"href":"http:\/\/www.dustyroadblues.se\/index.php?rest_route=\/wp\/v2\/pages\/4152\/revisions"}],"predecessor-version":[{"id":7153,"href":"http:\/\/www.dustyroadblues.se\/index.php?rest_route=\/wp\/v2\/pages\/4152\/revisions\/7153"}],"wp:attachment":[{"href":"http:\/\/www.dustyroadblues.se\/index.php?rest_route=%2Fwp%2Fv2%2Fmedia&parent=4152"}],"curies":[{"name":"wp","href":"https:\/\/api.w.org\/{rel}","templated":true}]}}