{"id":4907,"date":"2023-02-14T00:02:18","date_gmt":"2023-02-13T22:02:18","guid":{"rendered":"http:\/\/www.dustyroadblues.se\/?page_id=4907"},"modified":"2023-04-20T00:08:43","modified_gmt":"2023-04-19T22:08:43","slug":"the-downshifters","status":"publish","type":"page","link":"http:\/\/www.dustyroadblues.se\/?page_id=4907","title":{"rendered":"The DownShifters"},"content":{"rendered":"\n<figure class=\"wp-block-image size-full\"><a href=\"http:\/\/www.dustyroadblues.se\/wp-content\/uploads\/2023\/02\/The-DownShifters.jpg\"><img loading=\"lazy\" decoding=\"async\" width=\"827\" height=\"540\" src=\"http:\/\/www.dustyroadblues.se\/wp-content\/uploads\/2023\/02\/The-DownShifters.jpg\" alt=\"\" class=\"wp-image-4908\" srcset=\"http:\/\/www.dustyroadblues.se\/wp-content\/uploads\/2023\/02\/The-DownShifters.jpg 827w, http:\/\/www.dustyroadblues.se\/wp-content\/uploads\/2023\/02\/The-DownShifters-300x196.jpg 300w, http:\/\/www.dustyroadblues.se\/wp-content\/uploads\/2023\/02\/The-DownShifters-768x501.jpg 768w\" sizes=\"auto, (max-width: 827px) 100vw, 827px\" \/><\/a><\/figure>\n\n\n\n<h2 class=\"wp-block-heading\"><strong>Det \u00e4r en tv\u00e5mannatrio som spelar blues &#8211; och rootsmusik.<\/strong><\/h2>\n\n\n\n<h2 class=\"wp-block-heading\">Med <a><\/a>gitarr, munspel, bas, banjo och fottrummor framf\u00f6r de originall\u00e5tar inspirerade av gammal amerikansk musiktradition &#8211; fr\u00e5n akustisk\/elektrisk deltablues till banjobaserad old time.<\/h2>\n\n\n\n<h2 class=\"wp-block-heading\">De bildades 2020 av br\u00f6derna Sune och Kasper Bjerre, b\u00e5da med en l\u00e5ng historia p\u00e5 den danska bluesscenen.<\/h2>\n\n\n\n<h2 class=\"wp-block-heading\">2022 nominerades de till Danish Music Award Blues.<\/h2>\n\n\n\n<h2 class=\"wp-block-heading\">Tidigare var Sune och Kasper verksamma i The Cornfeds som vann Danish Blues Challenge 2016.<\/h2>\n\n\n\n<h2 class=\"wp-block-heading\">\u00c5ret efter bes\u00f6kte The Cornfeds oss p\u00e5 Tidaholms Bluesfestival 2017.<\/h2>\n\n\n\n<h2 class=\"wp-block-heading\"><a href=\"http:\/\/www.dustyroadblues.se\/?page_id=3940\">Tillbaka till Program<\/a><\/h2>\n<p><\/p>","protected":false},"excerpt":{"rendered":"<p>Det \u00e4r en tv\u00e5mannatrio som spelar blues &#8211; och rootsmusik. Med gitarr, munspel, bas, banjo och fottrummor framf\u00f6r de originall\u00e5tar inspirerade av gammal amerikansk musiktradition &#8211; fr\u00e5n akustisk\/elektrisk deltablues till banjobaserad old time. De bildades 2020 av br\u00f6derna Sune och &hellip; <a href=\"http:\/\/www.dustyroadblues.se\/?page_id=4907\">L\u00e4s mer <span class=\"meta-nav\">&rarr;<\/span><\/a><\/p>\n","protected":false},"author":6,"featured_media":0,"parent":0,"menu_order":0,"comment_status":"closed","ping_status":"closed","template":"","meta":{"om_disable_all_campaigns":false,"_monsterinsights_skip_tracking":false,"_monsterinsights_sitenote_active":false,"_monsterinsights_sitenote_note":"","_monsterinsights_sitenote_category":0,"_uf_show_specific_survey":0,"_uf_disable_surveys":false,"footnotes":""},"class_list":["post-4907","page","type-page","status-publish","hentry"],"_links":{"self":[{"href":"http:\/\/www.dustyroadblues.se\/index.php?rest_route=\/wp\/v2\/pages\/4907","targetHints":{"allow":["GET"]}}],"collection":[{"href":"http:\/\/www.dustyroadblues.se\/index.php?rest_route=\/wp\/v2\/pages"}],"about":[{"href":"http:\/\/www.dustyroadblues.se\/index.php?rest_route=\/wp\/v2\/types\/page"}],"author":[{"embeddable":true,"href":"http:\/\/www.dustyroadblues.se\/index.php?rest_route=\/wp\/v2\/users\/6"}],"replies":[{"embeddable":true,"href":"http:\/\/www.dustyroadblues.se\/index.php?rest_route=%2Fwp%2Fv2%2Fcomments&post=4907"}],"version-history":[{"count":2,"href":"http:\/\/www.dustyroadblues.se\/index.php?rest_route=\/wp\/v2\/pages\/4907\/revisions"}],"predecessor-version":[{"id":5123,"href":"http:\/\/www.dustyroadblues.se\/index.php?rest_route=\/wp\/v2\/pages\/4907\/revisions\/5123"}],"wp:attachment":[{"href":"http:\/\/www.dustyroadblues.se\/index.php?rest_route=%2Fwp%2Fv2%2Fmedia&parent=4907"}],"curies":[{"name":"wp","href":"https:\/\/api.w.org\/{rel}","templated":true}]}}