{"id":6834,"date":"2025-10-13T13:19:59","date_gmt":"2025-10-13T11:19:59","guid":{"rendered":"http:\/\/www.dustyroadblues.se\/?page_id=6834"},"modified":"2025-10-14T10:41:14","modified_gmt":"2025-10-14T08:41:14","slug":"the-delta-duo","status":"publish","type":"page","link":"http:\/\/www.dustyroadblues.se\/?page_id=6834","title":{"rendered":"THE DELTA DUO"},"content":{"rendered":"\n<figure class=\"wp-block-image size-large\"><a href=\"http:\/\/www.dustyroadblues.se\/wp-content\/uploads\/2025\/10\/DuoGavle-1-scaled.jpg\"><img loading=\"lazy\" decoding=\"async\" width=\"1024\" height=\"669\" src=\"http:\/\/www.dustyroadblues.se\/wp-content\/uploads\/2025\/10\/DuoGavle-1-1024x669.jpg\" alt=\"\" class=\"wp-image-6833\" srcset=\"http:\/\/www.dustyroadblues.se\/wp-content\/uploads\/2025\/10\/DuoGavle-1-1024x669.jpg 1024w, http:\/\/www.dustyroadblues.se\/wp-content\/uploads\/2025\/10\/DuoGavle-1-300x196.jpg 300w, http:\/\/www.dustyroadblues.se\/wp-content\/uploads\/2025\/10\/DuoGavle-1-768x502.jpg 768w, http:\/\/www.dustyroadblues.se\/wp-content\/uploads\/2025\/10\/DuoGavle-1-1536x1003.jpg 1536w, http:\/\/www.dustyroadblues.se\/wp-content\/uploads\/2025\/10\/DuoGavle-1-2048x1337.jpg 2048w\" sizes=\"auto, (max-width: 1024px) 100vw, 1024px\" \/><\/a><\/figure>\n\n\n\n<h1 class=\"wp-block-heading\">The Delta Duo Bottleneck John &amp; Christer Ring<\/h1>\n\n\n\n<h2 class=\"wp-block-heading\"><strong>L\u00f6rdagen den 18 oktober blir det g\u00f4rh\u00e4rlig blues med Bottleneck John &amp; Christer Ring p\u00e5 La Famiglia mellan klockan 20 &amp; 22<\/strong><\/h2>\n\n\n\n<h2 class=\"wp-block-heading\"><strong>Johan Eliasson\/Bottleneck John, fr\u00e5n Lit i J\u00e4mtland, med en av Sveriges b\u00e4sta bluesr\u00f6ster och gitarrist i sin genre, \u00e4r ocks\u00e5 en ber\u00e4ttare av rang. Med Sverige och m\u00e5nga av Europas scener p\u00e5 cv\u2019t s\u00e5 \u00e4r han en legend inom deltabluesen. Christer Ring, munspelare fr\u00e5n s\u00f6dra Dalarna. Med ett f\u00f6rflutet inom visa, rock men framf\u00f6r allt blues i otaliga konstellationer. Senast i Clas Yngstr\u00f6ms Blue Devils.<\/strong><br>En konsert som bjuder p\u00e5 blues, hokum &amp; spirituals med r\u00f6tterna djupt nere i 1920\/30-talets Mississippidelta.<br>Musik som \u00e4r intensiv, r\u00e5 och tempofylld men \u00e4ven tillbakalutad och k\u00e4nslosam! En tidsresa med l\u00e5tar av legendarer som Robert Johnson, Muddy Waters, Son House och Blind Willie Johnson men \u00e4ven eget material i denna traditionsfyllda genre.<\/h2>\n\n\n\n<p><\/p>\n<p><\/p>","protected":false},"excerpt":{"rendered":"<p>The Delta Duo Bottleneck John &amp; Christer Ring L\u00f6rdagen den 18 oktober blir det g\u00f4rh\u00e4rlig blues med Bottleneck John &amp; Christer Ring p\u00e5 La Famiglia mellan klockan 20 &amp; 22 Johan Eliasson\/Bottleneck John, fr\u00e5n Lit i J\u00e4mtland, med en av &hellip; <a href=\"http:\/\/www.dustyroadblues.se\/?page_id=6834\">L\u00e4s mer <span class=\"meta-nav\">&rarr;<\/span><\/a><\/p>\n","protected":false},"author":6,"featured_media":0,"parent":0,"menu_order":0,"comment_status":"closed","ping_status":"closed","template":"","meta":{"om_disable_all_campaigns":false,"_monsterinsights_skip_tracking":false,"_monsterinsights_sitenote_active":false,"_monsterinsights_sitenote_note":"","_monsterinsights_sitenote_category":0,"_uf_show_specific_survey":0,"_uf_disable_surveys":false,"footnotes":""},"class_list":["post-6834","page","type-page","status-publish","hentry"],"_links":{"self":[{"href":"http:\/\/www.dustyroadblues.se\/index.php?rest_route=\/wp\/v2\/pages\/6834","targetHints":{"allow":["GET"]}}],"collection":[{"href":"http:\/\/www.dustyroadblues.se\/index.php?rest_route=\/wp\/v2\/pages"}],"about":[{"href":"http:\/\/www.dustyroadblues.se\/index.php?rest_route=\/wp\/v2\/types\/page"}],"author":[{"embeddable":true,"href":"http:\/\/www.dustyroadblues.se\/index.php?rest_route=\/wp\/v2\/users\/6"}],"replies":[{"embeddable":true,"href":"http:\/\/www.dustyroadblues.se\/index.php?rest_route=%2Fwp%2Fv2%2Fcomments&post=6834"}],"version-history":[{"count":3,"href":"http:\/\/www.dustyroadblues.se\/index.php?rest_route=\/wp\/v2\/pages\/6834\/revisions"}],"predecessor-version":[{"id":6850,"href":"http:\/\/www.dustyroadblues.se\/index.php?rest_route=\/wp\/v2\/pages\/6834\/revisions\/6850"}],"wp:attachment":[{"href":"http:\/\/www.dustyroadblues.se\/index.php?rest_route=%2Fwp%2Fv2%2Fmedia&parent=6834"}],"curies":[{"name":"wp","href":"https:\/\/api.w.org\/{rel}","templated":true}]}}