{"id":5425,"date":"2024-01-29T21:22:05","date_gmt":"2024-01-29T19:22:05","guid":{"rendered":"https:\/\/www.dustyroadblues.se\/?page_id=5425"},"modified":"2025-12-16T11:08:35","modified_gmt":"2025-12-16T09:08:35","slug":"arrangemang-2024","status":"publish","type":"page","link":"https:\/\/www.dustyroadblues.se\/?page_id=5425","title":{"rendered":"Arrangemang 2024"},"content":{"rendered":"\n<ul class=\"wp-block-list\">\n<li>2024.01.27 Music Jam @ La Famiglia<\/li>\n\n\n\n<li>2024.02.24 Blue Stompers @ La Famiglia<\/li>\n\n\n\n<li>2404.03.16 Music Jam @ Festerian 10:an, Hjo<\/li>\n\n\n\n<li>2024.04.27 B-Fat Boogie, Mac Soul @ JIVEs K\u00f6k &amp; Cafe, Tidaholm<\/li>\n\n\n\n<li>2024.05.25 <strong>Blues &amp; Gamla Bilar<\/strong> Vulturnecks @ Tidaholms Landsbygd<\/li>\n\n\n\n<li>2024.06.01 <strong>Blues &amp; Gamla Bilar<\/strong> Vulturnecks @ Tidaholms Landsbygd<\/li>\n\n\n\n<li>2024.08.17 Music Jam @ Festerian 10:an, Hjo<\/li>\n\n\n\n<li>2024.09.20 Retro Train @ Daretorp Bygdeg\u00e5rd<\/li>\n\n\n\n<li>2024.10.05 Blueshammers @ La Famiglia, Tidaholm<\/li>\n\n\n\n<li>2024.11.16 Snow Blind Willie @ La Famiglia. Tidaholm<\/li>\n\n\n\n<li>2024.11.22 <strong>Medlemsfest<\/strong> Gubbaskrammel @ La Famiglia, Tidaholm<\/li>\n<\/ul>\n\n\n\n<figure class=\"wp-block-image size-large is-resized\"><a href=\"http:\/\/www.dustyroadblues.se\/wp-content\/uploads\/2024\/01\/Jam-27-jan-2024.png\"><img loading=\"lazy\" decoding=\"async\" width=\"724\" height=\"1024\" src=\"http:\/\/www.dustyroadblues.se\/wp-content\/uploads\/2024\/01\/Jam-27-jan-2024-724x1024.png\" alt=\"\" class=\"wp-image-5363\" style=\"width:841px;height:auto\" srcset=\"https:\/\/www.dustyroadblues.se\/wp-content\/uploads\/2024\/01\/Jam-27-jan-2024-724x1024.png 724w, https:\/\/www.dustyroadblues.se\/wp-content\/uploads\/2024\/01\/Jam-27-jan-2024-212x300.png 212w, https:\/\/www.dustyroadblues.se\/wp-content\/uploads\/2024\/01\/Jam-27-jan-2024-768x1086.png 768w, https:\/\/www.dustyroadblues.se\/wp-content\/uploads\/2024\/01\/Jam-27-jan-2024-1086x1536.png 1086w, https:\/\/www.dustyroadblues.se\/wp-content\/uploads\/2024\/01\/Jam-27-jan-2024-1448x2048.png 1448w\" sizes=\"auto, (max-width: 724px) 100vw, 724px\" \/><\/a><\/figure>\n\n\n\n<h1 class=\"wp-block-heading has-text-align-center\">_____________________________________<\/h1>\n\n\n\n<figure class=\"wp-block-image size-large is-resized\"><a href=\"https:\/\/www.dustyroadblues.se\/?page_id=6533\"><img loading=\"lazy\" decoding=\"async\" width=\"724\" height=\"1024\" src=\"http:\/\/www.dustyroadblues.se\/wp-content\/uploads\/2024\/01\/Blue-Stompers-4-page001-1-724x1024.jpeg\" alt=\"\" class=\"wp-image-5429\" style=\"width:839px;height:auto\" srcset=\"https:\/\/www.dustyroadblues.se\/wp-content\/uploads\/2024\/01\/Blue-Stompers-4-page001-1-724x1024.jpeg 724w, https:\/\/www.dustyroadblues.se\/wp-content\/uploads\/2024\/01\/Blue-Stompers-4-page001-1-212x300.jpeg 212w, https:\/\/www.dustyroadblues.se\/wp-content\/uploads\/2024\/01\/Blue-Stompers-4-page001-1-768x1086.jpeg 768w, https:\/\/www.dustyroadblues.se\/wp-content\/uploads\/2024\/01\/Blue-Stompers-4-page001-1-1086x1536.jpeg 1086w, https:\/\/www.dustyroadblues.se\/wp-content\/uploads\/2024\/01\/Blue-Stompers-4-page001-1-1448x2048.jpeg 1448w, https:\/\/www.dustyroadblues.se\/wp-content\/uploads\/2024\/01\/Blue-Stompers-4-page001-1-scaled.jpeg 1810w\" sizes=\"auto, (max-width: 724px) 100vw, 724px\" \/><\/a><\/figure>\n\n\n\n<h2 class=\"wp-block-heading\">F\u00f6r mer info klicka p\u00e5 bilden<\/h2>\n\n\n\n<h1 class=\"wp-block-heading has-text-align-center\">_____________________________________<\/h1>\n\n\n\n<figure class=\"wp-block-image size-large is-resized\"><a href=\"https:\/\/www.dustyroadblues.se\/?page_id=5612\"><img loading=\"lazy\" decoding=\"async\" width=\"724\" height=\"1024\" src=\"http:\/\/www.dustyroadblues.se\/wp-content\/uploads\/2024\/01\/Jam-affisch-16-mars-2024-724x1024.jpg\" alt=\"\" class=\"wp-image-5608\" style=\"width:840px;height:auto\" srcset=\"https:\/\/www.dustyroadblues.se\/wp-content\/uploads\/2024\/01\/Jam-affisch-16-mars-2024-724x1024.jpg 724w, https:\/\/www.dustyroadblues.se\/wp-content\/uploads\/2024\/01\/Jam-affisch-16-mars-2024-212x300.jpg 212w, https:\/\/www.dustyroadblues.se\/wp-content\/uploads\/2024\/01\/Jam-affisch-16-mars-2024-768x1086.jpg 768w, https:\/\/www.dustyroadblues.se\/wp-content\/uploads\/2024\/01\/Jam-affisch-16-mars-2024-1086x1536.jpg 1086w, https:\/\/www.dustyroadblues.se\/wp-content\/uploads\/2024\/01\/Jam-affisch-16-mars-2024-1448x2048.jpg 1448w, https:\/\/www.dustyroadblues.se\/wp-content\/uploads\/2024\/01\/Jam-affisch-16-mars-2024-scaled.jpg 1810w\" sizes=\"auto, (max-width: 724px) 100vw, 724px\" \/><\/a><\/figure>\n\n\n\n<h2 class=\"wp-block-heading\">F\u00f6r mer info klicka p\u00e5 bilden<\/h2>\n\n\n\n<h1 class=\"wp-block-heading has-text-align-center\">_____________________________________<\/h1>\n\n\n\n<figure class=\"wp-block-image size-large is-resized\"><a href=\"https:\/\/www.dustyroadblues.se\/?page_id=5675\"><img loading=\"lazy\" decoding=\"async\" width=\"724\" height=\"1024\" src=\"http:\/\/www.dustyroadblues.se\/wp-content\/uploads\/2024\/04\/B-Fat-Boogie-alt-3-page001-724x1024.png\" alt=\"\" class=\"wp-image-5850\" style=\"width:840px;height:auto\" srcset=\"https:\/\/www.dustyroadblues.se\/wp-content\/uploads\/2024\/04\/B-Fat-Boogie-alt-3-page001-724x1024.png 724w, https:\/\/www.dustyroadblues.se\/wp-content\/uploads\/2024\/04\/B-Fat-Boogie-alt-3-page001-212x300.png 212w, https:\/\/www.dustyroadblues.se\/wp-content\/uploads\/2024\/04\/B-Fat-Boogie-alt-3-page001-768x1086.png 768w, https:\/\/www.dustyroadblues.se\/wp-content\/uploads\/2024\/04\/B-Fat-Boogie-alt-3-page001-1086x1536.png 1086w, https:\/\/www.dustyroadblues.se\/wp-content\/uploads\/2024\/04\/B-Fat-Boogie-alt-3-page001-1448x2048.png 1448w\" sizes=\"auto, (max-width: 724px) 100vw, 724px\" \/><\/a><\/figure>\n\n\n\n<h2 class=\"wp-block-heading\">F\u00f6r mer info klicka p\u00e5 bilden<\/h2>\n\n\n\n<h1 class=\"wp-block-heading has-text-align-center\">_____________________________________<\/h1>\n\n\n\n<figure class=\"wp-block-image size-large is-resized\"><a href=\"https:\/\/www.dustyroadblues.se\/?page_id=5941\"><img loading=\"lazy\" decoding=\"async\" width=\"724\" height=\"1024\" src=\"http:\/\/www.dustyroadblues.se\/wp-content\/uploads\/2024\/05\/Bilaffisch-ver-9-sida002-724x1024.png\" alt=\"\" class=\"wp-image-5940\" style=\"width:842px;height:auto\" srcset=\"https:\/\/www.dustyroadblues.se\/wp-content\/uploads\/2024\/05\/Bilaffisch-ver-9-sida002-724x1024.png 724w, https:\/\/www.dustyroadblues.se\/wp-content\/uploads\/2024\/05\/Bilaffisch-ver-9-sida002-212x300.png 212w, https:\/\/www.dustyroadblues.se\/wp-content\/uploads\/2024\/05\/Bilaffisch-ver-9-sida002-768x1086.png 768w, https:\/\/www.dustyroadblues.se\/wp-content\/uploads\/2024\/05\/Bilaffisch-ver-9-sida002-1086x1536.png 1086w, https:\/\/www.dustyroadblues.se\/wp-content\/uploads\/2024\/05\/Bilaffisch-ver-9-sida002-1448x2048.png 1448w\" sizes=\"auto, (max-width: 724px) 100vw, 724px\" \/><\/a><\/figure>\n\n\n\n<h2 class=\"wp-block-heading\">F\u00f6r mer info klicka p\u00e5 bilden<\/h2>\n\n\n\n<h1 class=\"wp-block-heading has-text-align-center\">_____________________________________<\/h1>\n\n\n\n<figure class=\"wp-block-image size-large is-resized\"><a href=\"https:\/\/www.dustyroadblues.se\/?page_id=6038\"><img loading=\"lazy\" decoding=\"async\" width=\"724\" height=\"1024\" src=\"http:\/\/www.dustyroadblues.se\/wp-content\/uploads\/2024\/08\/Jam-affisch-17-aug-724x1024.jpg\" alt=\"\" class=\"wp-image-6042\" style=\"width:839px;height:auto\" srcset=\"https:\/\/www.dustyroadblues.se\/wp-content\/uploads\/2024\/08\/Jam-affisch-17-aug-724x1024.jpg 724w, https:\/\/www.dustyroadblues.se\/wp-content\/uploads\/2024\/08\/Jam-affisch-17-aug-212x300.jpg 212w, https:\/\/www.dustyroadblues.se\/wp-content\/uploads\/2024\/08\/Jam-affisch-17-aug-768x1086.jpg 768w, https:\/\/www.dustyroadblues.se\/wp-content\/uploads\/2024\/08\/Jam-affisch-17-aug-1086x1536.jpg 1086w, https:\/\/www.dustyroadblues.se\/wp-content\/uploads\/2024\/08\/Jam-affisch-17-aug-1448x2048.jpg 1448w, https:\/\/www.dustyroadblues.se\/wp-content\/uploads\/2024\/08\/Jam-affisch-17-aug-scaled.jpg 1810w\" sizes=\"auto, (max-width: 724px) 100vw, 724px\" \/><\/a><\/figure>\n\n\n\n<h2 class=\"wp-block-heading\">F\u00f6r mer info klicka p\u00e5 bilden<\/h2>\n\n\n\n<h1 class=\"wp-block-heading has-text-align-center\">_____________________________________<\/h1>\n\n\n\n<figure class=\"wp-block-image size-large is-resized\"><a href=\"https:\/\/www.dustyroadblues.se\/?page_id=6065\"><img loading=\"lazy\" decoding=\"async\" width=\"724\" height=\"1024\" src=\"http:\/\/www.dustyroadblues.se\/wp-content\/uploads\/2024\/09\/Blues-i-Daretorp-724x1024.png\" alt=\"\" class=\"wp-image-6050\" style=\"width:842px;height:auto\" srcset=\"https:\/\/www.dustyroadblues.se\/wp-content\/uploads\/2024\/09\/Blues-i-Daretorp-724x1024.png 724w, https:\/\/www.dustyroadblues.se\/wp-content\/uploads\/2024\/09\/Blues-i-Daretorp-212x300.png 212w, https:\/\/www.dustyroadblues.se\/wp-content\/uploads\/2024\/09\/Blues-i-Daretorp-768x1086.png 768w, https:\/\/www.dustyroadblues.se\/wp-content\/uploads\/2024\/09\/Blues-i-Daretorp-1086x1536.png 1086w, https:\/\/www.dustyroadblues.se\/wp-content\/uploads\/2024\/09\/Blues-i-Daretorp-1448x2048.png 1448w\" sizes=\"auto, (max-width: 724px) 100vw, 724px\" \/><\/a><\/figure>\n\n\n\n<h2 class=\"wp-block-heading\">F\u00f6r mer info klicka p\u00e5 bilden<\/h2>\n\n\n\n<h1 class=\"wp-block-heading has-text-align-center\">_____________________________________<\/h1>\n\n\n<div class=\"wp-block-image\">\n<figure class=\"alignleft size-large is-resized\"><a href=\"https:\/\/www.dustyroadblues.se\/?page_id=6011\"><img loading=\"lazy\" decoding=\"async\" width=\"724\" height=\"1024\" src=\"https:\/\/www.dustyroadblues.se\/wp-content\/uploads\/2024\/10\/Affisch-Blueshammer-724x1024.png\" alt=\"\" class=\"wp-image-6087\" style=\"width:840px;height:auto\" srcset=\"https:\/\/www.dustyroadblues.se\/wp-content\/uploads\/2024\/10\/Affisch-Blueshammer-724x1024.png 724w, https:\/\/www.dustyroadblues.se\/wp-content\/uploads\/2024\/10\/Affisch-Blueshammer-212x300.png 212w, https:\/\/www.dustyroadblues.se\/wp-content\/uploads\/2024\/10\/Affisch-Blueshammer-768x1086.png 768w, https:\/\/www.dustyroadblues.se\/wp-content\/uploads\/2024\/10\/Affisch-Blueshammer-1086x1536.png 1086w, https:\/\/www.dustyroadblues.se\/wp-content\/uploads\/2024\/10\/Affisch-Blueshammer-1448x2048.png 1448w\" sizes=\"auto, (max-width: 724px) 100vw, 724px\" \/><\/a><\/figure><\/div>\n\n\n<h2 class=\"wp-block-heading\">F\u00f6r mer info klicka p\u00e5 bilden<\/h2>\n\n\n\n<h1 class=\"wp-block-heading has-text-align-center\">_____________________________________<\/h1>\n\n\n\n<figure class=\"wp-block-image size-large is-resized\"><a href=\"https:\/\/www.dustyroadblues.se\/?page_id=6094\"><img loading=\"lazy\" decoding=\"async\" width=\"724\" height=\"1024\" src=\"https:\/\/www.dustyroadblues.se\/wp-content\/uploads\/2024\/11\/Affisch-Snow-Blind-Willie-724x1024.png\" alt=\"\" class=\"wp-image-6139\" style=\"width:840px;height:auto\" srcset=\"https:\/\/www.dustyroadblues.se\/wp-content\/uploads\/2024\/11\/Affisch-Snow-Blind-Willie-724x1024.png 724w, https:\/\/www.dustyroadblues.se\/wp-content\/uploads\/2024\/11\/Affisch-Snow-Blind-Willie-212x300.png 212w, https:\/\/www.dustyroadblues.se\/wp-content\/uploads\/2024\/11\/Affisch-Snow-Blind-Willie-768x1086.png 768w, https:\/\/www.dustyroadblues.se\/wp-content\/uploads\/2024\/11\/Affisch-Snow-Blind-Willie-1086x1536.png 1086w, https:\/\/www.dustyroadblues.se\/wp-content\/uploads\/2024\/11\/Affisch-Snow-Blind-Willie-1448x2048.png 1448w\" sizes=\"auto, (max-width: 724px) 100vw, 724px\" \/><\/a><\/figure>\n\n\n\n<h2 class=\"wp-block-heading\">F\u00f6r mer info klicka p\u00e5 bilden<\/h2>\n\n\n\n<h2 class=\"wp-block-heading\"><a href=\"https:\/\/www.youtube.com\/watch?v=F2Qg2RjMHJE&amp;list=PLOAUQxYLXi7wIgBX8JfnZ0ysXVOVevA_R\">Videos fran arrangemanget<\/a><\/h2>\n\n\n\n<h1 class=\"wp-block-heading has-text-align-center\">_____________________________________<\/h1>\n\n\n\n<h1 class=\"wp-block-heading has-x-large-font-size\">MEDLEMSFEST<\/h1>\n\n\n\n<figure class=\"wp-block-image size-large is-resized\"><a href=\"https:\/\/www.dustyroadblues.se\/?page_id=6099\"><img loading=\"lazy\" decoding=\"async\" width=\"1024\" height=\"1024\" src=\"http:\/\/www.dustyroadblues.se\/wp-content\/uploads\/2024\/10\/dustyroad_logo_rund-Tidaholm-1024x1024.png\" alt=\"\" class=\"wp-image-6100\" style=\"width:369px;height:auto\" srcset=\"https:\/\/www.dustyroadblues.se\/wp-content\/uploads\/2024\/10\/dustyroad_logo_rund-Tidaholm-1024x1024.png 1024w, https:\/\/www.dustyroadblues.se\/wp-content\/uploads\/2024\/10\/dustyroad_logo_rund-Tidaholm-300x300.png 300w, https:\/\/www.dustyroadblues.se\/wp-content\/uploads\/2024\/10\/dustyroad_logo_rund-Tidaholm-150x150.png 150w, https:\/\/www.dustyroadblues.se\/wp-content\/uploads\/2024\/10\/dustyroad_logo_rund-Tidaholm-768x768.png 768w, https:\/\/www.dustyroadblues.se\/wp-content\/uploads\/2024\/10\/dustyroad_logo_rund-Tidaholm-1536x1536.png 1536w, https:\/\/www.dustyroadblues.se\/wp-content\/uploads\/2024\/10\/dustyroad_logo_rund-Tidaholm-2048x2048.png 2048w, https:\/\/www.dustyroadblues.se\/wp-content\/uploads\/2024\/10\/dustyroad_logo_rund-Tidaholm-144x144.png 144w\" sizes=\"auto, (max-width: 1024px) 100vw, 1024px\" \/><\/a><\/figure>\n\n\n\n<h1 class=\"wp-block-heading\">F\u00f6r mer info klicka p\u00e5 bilden<\/h1>\n<p><\/p>","protected":false},"excerpt":{"rendered":"<p>_____________________________________ F\u00f6r mer info klicka p\u00e5 bilden _____________________________________ F\u00f6r mer info klicka p\u00e5 bilden _____________________________________ F\u00f6r mer info klicka p\u00e5 bilden _____________________________________ F\u00f6r mer info klicka p\u00e5 bilden _____________________________________ F\u00f6r mer info klicka p\u00e5 bilden _____________________________________ F\u00f6r mer info klicka &hellip; <a href=\"https:\/\/www.dustyroadblues.se\/?page_id=5425\">L\u00e4s mer <span class=\"meta-nav\">&rarr;<\/span><\/a><\/p>\n","protected":false},"author":6,"featured_media":0,"parent":0,"menu_order":0,"comment_status":"closed","ping_status":"closed","template":"","meta":{"om_disable_all_campaigns":false,"_monsterinsights_skip_tracking":false,"_monsterinsights_sitenote_active":false,"_monsterinsights_sitenote_note":"","_monsterinsights_sitenote_category":0,"_uf_show_specific_survey":0,"_uf_disable_surveys":false,"footnotes":""},"class_list":["post-5425","page","type-page","status-publish","hentry"],"_links":{"self":[{"href":"https:\/\/www.dustyroadblues.se\/index.php?rest_route=\/wp\/v2\/pages\/5425","targetHints":{"allow":["GET"]}}],"collection":[{"href":"https:\/\/www.dustyroadblues.se\/index.php?rest_route=\/wp\/v2\/pages"}],"about":[{"href":"https:\/\/www.dustyroadblues.se\/index.php?rest_route=\/wp\/v2\/types\/page"}],"author":[{"embeddable":true,"href":"https:\/\/www.dustyroadblues.se\/index.php?rest_route=\/wp\/v2\/users\/6"}],"replies":[{"embeddable":true,"href":"https:\/\/www.dustyroadblues.se\/index.php?rest_route=%2Fwp%2Fv2%2Fcomments&post=5425"}],"version-history":[{"count":29,"href":"https:\/\/www.dustyroadblues.se\/index.php?rest_route=\/wp\/v2\/pages\/5425\/revisions"}],"predecessor-version":[{"id":7080,"href":"https:\/\/www.dustyroadblues.se\/index.php?rest_route=\/wp\/v2\/pages\/5425\/revisions\/7080"}],"wp:attachment":[{"href":"https:\/\/www.dustyroadblues.se\/index.php?rest_route=%2Fwp%2Fv2%2Fmedia&parent=5425"}],"curies":[{"name":"wp","href":"https:\/\/api.w.org\/{rel}","templated":true}]}}