{"id":5493,"date":"2024-02-08T16:48:48","date_gmt":"2024-02-08T14:48:48","guid":{"rendered":"https:\/\/www.dustyroadblues.se\/?page_id=5493"},"modified":"2024-04-06T19:59:07","modified_gmt":"2024-04-06T17:59:07","slug":"drb","status":"publish","type":"page","link":"https:\/\/www.dustyroadblues.se\/?page_id=5493","title":{"rendered":"BILJETTER"},"content":{"rendered":"\n<figure class=\"wp-block-image size-large\"><a href=\"http:\/\/www.dustyroadblues.se\/wp-content\/uploads\/2024\/02\/Dokument-1-page001-1.png\"><img loading=\"lazy\" decoding=\"async\" width=\"1024\" height=\"142\" src=\"http:\/\/www.dustyroadblues.se\/wp-content\/uploads\/2024\/02\/Dokument-1-page001-1-1024x142.png\" alt=\"\" class=\"wp-image-5490\" srcset=\"https:\/\/www.dustyroadblues.se\/wp-content\/uploads\/2024\/02\/Dokument-1-page001-1-1024x142.png 1024w, https:\/\/www.dustyroadblues.se\/wp-content\/uploads\/2024\/02\/Dokument-1-page001-1-300x42.png 300w, https:\/\/www.dustyroadblues.se\/wp-content\/uploads\/2024\/02\/Dokument-1-page001-1-768x106.png 768w, https:\/\/www.dustyroadblues.se\/wp-content\/uploads\/2024\/02\/Dokument-1-page001-1-1536x213.png 1536w, https:\/\/www.dustyroadblues.se\/wp-content\/uploads\/2024\/02\/Dokument-1-page001-1-2048x284.png 2048w\" sizes=\"auto, (max-width: 1024px) 100vw, 1024px\" \/><\/a><\/figure>\n\n\n\n<h1 class=\"wp-block-heading\"><strong>Medlemmar i Dusty Road Blues kan k\u00f6pa ett tv\u00e5 dagars festivalpass till reducerat pris.<\/strong><\/h1>\n\n\n\n<h2 class=\"wp-block-heading\">Med festivalpasset f\u00e5r du tillg\u00e5ng till alla v\u00e5ra evenemang under festivalen. Dessa m\u00e5ste best\u00e4llas f\u00f6re 1\/5 och kostar 600 kr (Du sparar 100 kr).<\/h2>\n\n\n\n<h1 class=\"wp-block-heading\">Du best\u00e4ller ditt Festivalpass&nbsp;<strong><a href=\"https:\/\/docs.google.com\/forms\/d\/1zt6mNijxu-CDJx_c8DhPSw2OfYFE4q49TFlQu6-Mfqw\/edit\">h\u00e4r<\/a><\/strong><\/h1>\n\n\n\n<h1 class=\"wp-block-heading has-text-align-center\"><strong>_____________________________________<\/strong><\/h1>\n\n\n\n<h1 class=\"wp-block-heading has-large-font-size\" style=\"font-style:normal;font-weight:700\"><strong>Ordin\u00e4ra biljetter kan du k\u00f6pa i Tidaholms Bokhandel, eller p\u00e5:<\/strong><\/h1>\n\n\n\n<figure class=\"wp-block-image size-full is-resized\"><a href=\"https:\/\/www.dustyroadblues.se\/wp-content\/uploads\/2024\/03\/Billjettkiosken-logga.png\"><img loading=\"lazy\" decoding=\"async\" width=\"640\" height=\"450\" src=\"https:\/\/www.dustyroadblues.se\/wp-content\/uploads\/2024\/03\/Billjettkiosken-logga.png\" alt=\"\" class=\"wp-image-5686\" style=\"width:398px;height:auto\" srcset=\"https:\/\/www.dustyroadblues.se\/wp-content\/uploads\/2024\/03\/Billjettkiosken-logga.png 640w, https:\/\/www.dustyroadblues.se\/wp-content\/uploads\/2024\/03\/Billjettkiosken-logga-300x211.png 300w\" sizes=\"auto, (max-width: 640px) 100vw, 640px\" \/><\/a><\/figure>\n\n\n\n<h2 class=\"wp-block-heading\"> <a href=\"https:\/\/www.biljettkiosken.se\/event\/240531-tidaholmsbluesfestival-festivalpass\" target=\"_blank\" rel=\"noreferrer noopener\">www.biljettkiosken.se<\/a><\/h2>\n<p><\/p>","protected":false},"excerpt":{"rendered":"<p>Medlemmar i Dusty Road Blues kan k\u00f6pa ett tv\u00e5 dagars festivalpass till reducerat pris. Med festivalpasset f\u00e5r du tillg\u00e5ng till alla v\u00e5ra evenemang under festivalen. Dessa m\u00e5ste best\u00e4llas f\u00f6re 1\/5 och kostar 600 kr (Du sparar 100 kr). Du best\u00e4ller &hellip; <a href=\"https:\/\/www.dustyroadblues.se\/?page_id=5493\">L\u00e4s mer <span class=\"meta-nav\">&rarr;<\/span><\/a><\/p>\n","protected":false},"author":6,"featured_media":0,"parent":0,"menu_order":0,"comment_status":"closed","ping_status":"closed","template":"","meta":{"om_disable_all_campaigns":false,"_monsterinsights_skip_tracking":false,"_monsterinsights_sitenote_active":false,"_monsterinsights_sitenote_note":"","_monsterinsights_sitenote_category":0,"_uf_show_specific_survey":0,"_uf_disable_surveys":false,"footnotes":""},"class_list":["post-5493","page","type-page","status-publish","hentry"],"_links":{"self":[{"href":"https:\/\/www.dustyroadblues.se\/index.php?rest_route=\/wp\/v2\/pages\/5493","targetHints":{"allow":["GET"]}}],"collection":[{"href":"https:\/\/www.dustyroadblues.se\/index.php?rest_route=\/wp\/v2\/pages"}],"about":[{"href":"https:\/\/www.dustyroadblues.se\/index.php?rest_route=\/wp\/v2\/types\/page"}],"author":[{"embeddable":true,"href":"https:\/\/www.dustyroadblues.se\/index.php?rest_route=\/wp\/v2\/users\/6"}],"replies":[{"embeddable":true,"href":"https:\/\/www.dustyroadblues.se\/index.php?rest_route=%2Fwp%2Fv2%2Fcomments&post=5493"}],"version-history":[{"count":7,"href":"https:\/\/www.dustyroadblues.se\/index.php?rest_route=\/wp\/v2\/pages\/5493\/revisions"}],"predecessor-version":[{"id":6986,"href":"https:\/\/www.dustyroadblues.se\/index.php?rest_route=\/wp\/v2\/pages\/5493\/revisions\/6986"}],"wp:attachment":[{"href":"https:\/\/www.dustyroadblues.se\/index.php?rest_route=%2Fwp%2Fv2%2Fmedia&parent=5493"}],"curies":[{"name":"wp","href":"https:\/\/api.w.org\/{rel}","templated":true}]}}