{"id":5632,"date":"2024-03-03T01:32:33","date_gmt":"2024-03-02T23:32:33","guid":{"rendered":"https:\/\/www.dustyroadblues.se\/?page_id=5632"},"modified":"2024-03-03T01:32:34","modified_gmt":"2024-03-02T23:32:34","slug":"tove-gustavssond-band","status":"publish","type":"page","link":"https:\/\/www.dustyroadblues.se\/?page_id=5632","title":{"rendered":"TOVE GUSTAVSSOND BAND"},"content":{"rendered":"\n<figure class=\"wp-block-image size-full\"><a href=\"http:\/\/www.dustyroadblues.se\/wp-content\/uploads\/2024\/02\/Tove_Gustavsson_lowres_grit.jpeg\"><img loading=\"lazy\" decoding=\"async\" width=\"480\" height=\"601\" src=\"http:\/\/www.dustyroadblues.se\/wp-content\/uploads\/2024\/02\/Tove_Gustavsson_lowres_grit.jpeg\" alt=\"\" class=\"wp-image-5585\" srcset=\"https:\/\/www.dustyroadblues.se\/wp-content\/uploads\/2024\/02\/Tove_Gustavsson_lowres_grit.jpeg 480w, https:\/\/www.dustyroadblues.se\/wp-content\/uploads\/2024\/02\/Tove_Gustavsson_lowres_grit-240x300.jpeg 240w\" sizes=\"auto, (max-width: 480px) 100vw, 480px\" \/><\/a><\/figure>\n\n\n\n<h2 class=\"wp-block-heading\"><strong>Tove Gustavsson \u00e4r en av den nya generationens kvinnliga bluesartister som bluesscenen s\u00e5v\u00e4l beh\u00f6ver. Tove sticker ut i m\u00e4ngden med helt egen originalmusik och en unik, m\u00f6rk och hes st\u00e4mma.<\/strong><\/h2>\n\n\n\n<h2 class=\"wp-block-heading\">Efter att Tove sl\u00e4ppte sin debutskiva f\u00f6r ca fem \u00e5r sedan, har hennes musik uppm\u00e4rksammats med fin kritik i radio, poddar, sociala medier samt ett fint reportage i branschtidningen Jefferson. Men framf\u00f6r allt f\u00e5r Tove Gustavsson och hennes band publikens uppm\u00e4rksamhet i varje liveshow.&nbsp;<\/h2>\n\n\n\n<h2 class=\"wp-block-heading\">Bakom sig har hon samlat de mest kompetenta musikerna man kan \u00f6nska sig i branschen:<\/h2>\n\n\n\n<h3 class=\"wp-block-heading\">Kjell Gustavsson \u2013 trummor (Jukka Tolonen Trio,&nbsp;Kjell Gustavsson Rhythm &amp; Blues Orchestra)<\/h3>\n\n\n\n<h3 class=\"wp-block-heading\">Surjo Benigh &#8211; bas (Ulf Lundell, The Boppers)<\/h3>\n\n\n\n<h3 class=\"wp-block-heading\">Jens Frithiof &#8211; gitarr (Ulf Lundell, Caroline Af Ugglas)<\/h3>\n\n\n\n<h3 class=\"wp-block-heading\">Matte Gustafsson &#8211; gitarr (Lisa Lystam family band)<\/h3>\n\n\n\n<h2 class=\"wp-block-heading\">2018 och \u00e4ven h\u00f6sten 2023, var Gustavsson en del i den hyllade liveshowen \u201dLadies Got The Blues\u201d p\u00e5 den legendariska krogen Fasching i Stockholm. 2019 tilldelades Tove det hedersv\u00e4rda stipendiet \u201d\u00c5m\u00e5l Junior Blues Prize\u201d efter att spelat med sitt band p\u00e5 \u00c5m\u00e5ls Blues Fest.&nbsp;<\/h2>\n\n\n\n<h2 class=\"wp-block-heading\">2020 vann hon \u201d\u00c5rets platta\u201d i Bluespodden-priset efter att ha sl\u00e4ppt singeln \u201dAll The Things\u201d&nbsp;och 2023 vann hon \u00e4ven \u201d\u00c5rets s\u00e5ngerska 2022\u201d i Bluespodden-priset.<\/h2>\n\n\n\n<h2 class=\"wp-block-heading\">Toves andra skiva \u00e4r under inspelning och kommer att sl\u00e4ppas v\u00e5ren 2024.<\/h2>\n<p><\/p>","protected":false},"excerpt":{"rendered":"<p>Tove Gustavsson \u00e4r en av den nya generationens kvinnliga bluesartister som bluesscenen s\u00e5v\u00e4l beh\u00f6ver. Tove sticker ut i m\u00e4ngden med helt egen originalmusik och en unik, m\u00f6rk och hes st\u00e4mma. Efter att Tove sl\u00e4ppte sin debutskiva f\u00f6r ca fem \u00e5r &hellip; <a href=\"https:\/\/www.dustyroadblues.se\/?page_id=5632\">L\u00e4s mer <span class=\"meta-nav\">&rarr;<\/span><\/a><\/p>\n","protected":false},"author":6,"featured_media":0,"parent":0,"menu_order":0,"comment_status":"closed","ping_status":"closed","template":"","meta":{"om_disable_all_campaigns":false,"_monsterinsights_skip_tracking":false,"_monsterinsights_sitenote_active":false,"_monsterinsights_sitenote_note":"","_monsterinsights_sitenote_category":0,"_uf_show_specific_survey":0,"_uf_disable_surveys":false,"footnotes":""},"class_list":["post-5632","page","type-page","status-publish","hentry"],"_links":{"self":[{"href":"https:\/\/www.dustyroadblues.se\/index.php?rest_route=\/wp\/v2\/pages\/5632","targetHints":{"allow":["GET"]}}],"collection":[{"href":"https:\/\/www.dustyroadblues.se\/index.php?rest_route=\/wp\/v2\/pages"}],"about":[{"href":"https:\/\/www.dustyroadblues.se\/index.php?rest_route=\/wp\/v2\/types\/page"}],"author":[{"embeddable":true,"href":"https:\/\/www.dustyroadblues.se\/index.php?rest_route=\/wp\/v2\/users\/6"}],"replies":[{"embeddable":true,"href":"https:\/\/www.dustyroadblues.se\/index.php?rest_route=%2Fwp%2Fv2%2Fcomments&post=5632"}],"version-history":[{"count":2,"href":"https:\/\/www.dustyroadblues.se\/index.php?rest_route=\/wp\/v2\/pages\/5632\/revisions"}],"predecessor-version":[{"id":5634,"href":"https:\/\/www.dustyroadblues.se\/index.php?rest_route=\/wp\/v2\/pages\/5632\/revisions\/5634"}],"wp:attachment":[{"href":"https:\/\/www.dustyroadblues.se\/index.php?rest_route=%2Fwp%2Fv2%2Fmedia&parent=5632"}],"curies":[{"name":"wp","href":"https:\/\/api.w.org\/{rel}","templated":true}]}}