{"id":5675,"date":"2024-03-06T19:58:22","date_gmt":"2024-03-06T17:58:22","guid":{"rendered":"https:\/\/www.dustyroadblues.se\/?page_id=5675"},"modified":"2025-03-19T11:46:04","modified_gmt":"2025-03-19T09:46:04","slug":"b-fat-boogie","status":"publish","type":"page","link":"https:\/\/www.dustyroadblues.se\/?page_id=5675","title":{"rendered":"B-fat Boogie \/ MacSoul"},"content":{"rendered":"\n<figure class=\"wp-block-image size-large\"><a href=\"https:\/\/www.dustyroadblues.se\/wp-content\/uploads\/2024\/03\/Skarmavb.jpg\"><img loading=\"lazy\" decoding=\"async\" width=\"1024\" height=\"1018\" src=\"https:\/\/www.dustyroadblues.se\/wp-content\/uploads\/2024\/03\/Skarmavb-1024x1018.jpg\" alt=\"\" class=\"wp-image-5676\" srcset=\"https:\/\/www.dustyroadblues.se\/wp-content\/uploads\/2024\/03\/Skarmavb-1024x1018.jpg 1024w, https:\/\/www.dustyroadblues.se\/wp-content\/uploads\/2024\/03\/Skarmavb-300x298.jpg 300w, https:\/\/www.dustyroadblues.se\/wp-content\/uploads\/2024\/03\/Skarmavb-150x150.jpg 150w, https:\/\/www.dustyroadblues.se\/wp-content\/uploads\/2024\/03\/Skarmavb-768x764.jpg 768w, https:\/\/www.dustyroadblues.se\/wp-content\/uploads\/2024\/03\/Skarmavb-144x144.jpg 144w, https:\/\/www.dustyroadblues.se\/wp-content\/uploads\/2024\/03\/Skarmavb.jpg 1281w\" sizes=\"auto, (max-width: 1024px) 100vw, 1024px\" \/><\/a><\/figure>\n\n\n\n<h2 class=\"wp-block-heading\"><strong>Ett band som funnits i m\u00e5nga \u00e5r och som underh\u00e5llit med sv\u00e4ngig boogie-rock p\u00e5 flertalet scener. Det ryms sammanlagt strax \u00f6ver 200 \u00e5rs erfarenhet i bandet och med en god publikkontakt och med glimten i \u00f6gat s\u00e5 g\u00f6r de allt f\u00f6r att f\u00e5 till ett riktigt tung-gung! <\/strong><\/h2>\n\n\n\n<h2 class=\"wp-block-heading\">M\u00e5nga nyanser finns d\u00e5 det \u00e4r tv\u00e5 s\u00e5ngare, tv\u00e5 soloinstrument i form av gitarr och piano som tillsammans skapar en lekfullhet och solon som kan bli l\u00e5nga om k\u00e4nslan faller p\u00e5 ?<\/h2>\n\n\n\n<figure class=\"wp-block-image size-large\"><a href=\"http:\/\/www.dustyroadblues.se\/wp-content\/uploads\/2024\/12\/Mac-Soul-collage-med-ram-scaled.jpeg\"><img loading=\"lazy\" decoding=\"async\" width=\"1024\" height=\"1024\" src=\"http:\/\/www.dustyroadblues.se\/wp-content\/uploads\/2024\/12\/Mac-Soul-collage-med-ram-1024x1024.jpeg\" alt=\"\" class=\"wp-image-6332\" srcset=\"https:\/\/www.dustyroadblues.se\/wp-content\/uploads\/2024\/12\/Mac-Soul-collage-med-ram-1024x1024.jpeg 1024w, https:\/\/www.dustyroadblues.se\/wp-content\/uploads\/2024\/12\/Mac-Soul-collage-med-ram-300x300.jpeg 300w, https:\/\/www.dustyroadblues.se\/wp-content\/uploads\/2024\/12\/Mac-Soul-collage-med-ram-150x150.jpeg 150w, https:\/\/www.dustyroadblues.se\/wp-content\/uploads\/2024\/12\/Mac-Soul-collage-med-ram-768x768.jpeg 768w, https:\/\/www.dustyroadblues.se\/wp-content\/uploads\/2024\/12\/Mac-Soul-collage-med-ram-1536x1536.jpeg 1536w, https:\/\/www.dustyroadblues.se\/wp-content\/uploads\/2024\/12\/Mac-Soul-collage-med-ram-2048x2048.jpeg 2048w, https:\/\/www.dustyroadblues.se\/wp-content\/uploads\/2024\/12\/Mac-Soul-collage-med-ram-144x144.jpeg 144w\" sizes=\"auto, (max-width: 1024px) 100vw, 1024px\" \/><\/a><\/figure>\n\n\n\n<h1 class=\"wp-block-heading\"><strong>Mac Soul s\u00e5g dagens ljus redan 1967, i sin forna settning var bandet en trio och bestod av Dan Skavhellen p\u00e5 bas, Bosse Jansson p\u00e5 trummor och Anders Nor\u00e9n p\u00e5 s\u00e5ng och gitarr. <\/strong><\/h1>\n\n\n\n<h2 class=\"wp-block-heading\">Trion spelade runtom i Sverige och var \u00e4ven husband p\u00e5 Spooky club i G\u00f6teborg . 2022 \u00e5teruppstod trion igen, men med en ny medlem i fronten, Marcus Mikanovic p\u00e5 s\u00e5ng och gitarr och efter att ha spelat i snart tv\u00e5 \u00e5r, har fler medlemmar tillkommit, f\u00f6rst Otto Nygren p\u00e5 keyboard och orgel, senare \u00e4ven Micke Holmstr\u00f6m p\u00e5 gitarr och Anna Thunborg p\u00e5 s\u00e5ng. Idag \u00e4r Mac Soul mest k\u00e4nda som husband och spelar p\u00e5 pubben Festerian 10&#8217;an i Hjo.&#8221;<\/h2>\n<p><\/p>","protected":false},"excerpt":{"rendered":"<p>Ett band som funnits i m\u00e5nga \u00e5r och som underh\u00e5llit med sv\u00e4ngig boogie-rock p\u00e5 flertalet scener. Det ryms sammanlagt strax \u00f6ver 200 \u00e5rs erfarenhet i bandet och med en god publikkontakt och med glimten i \u00f6gat s\u00e5 g\u00f6r de allt &hellip; <a href=\"https:\/\/www.dustyroadblues.se\/?page_id=5675\">L\u00e4s mer <span class=\"meta-nav\">&rarr;<\/span><\/a><\/p>\n","protected":false},"author":6,"featured_media":0,"parent":0,"menu_order":0,"comment_status":"closed","ping_status":"closed","template":"","meta":{"om_disable_all_campaigns":false,"_monsterinsights_skip_tracking":false,"_monsterinsights_sitenote_active":false,"_monsterinsights_sitenote_note":"","_monsterinsights_sitenote_category":0,"_uf_show_specific_survey":0,"_uf_disable_surveys":false,"footnotes":""},"class_list":["post-5675","page","type-page","status-publish","hentry"],"_links":{"self":[{"href":"https:\/\/www.dustyroadblues.se\/index.php?rest_route=\/wp\/v2\/pages\/5675","targetHints":{"allow":["GET"]}}],"collection":[{"href":"https:\/\/www.dustyroadblues.se\/index.php?rest_route=\/wp\/v2\/pages"}],"about":[{"href":"https:\/\/www.dustyroadblues.se\/index.php?rest_route=\/wp\/v2\/types\/page"}],"author":[{"embeddable":true,"href":"https:\/\/www.dustyroadblues.se\/index.php?rest_route=\/wp\/v2\/users\/6"}],"replies":[{"embeddable":true,"href":"https:\/\/www.dustyroadblues.se\/index.php?rest_route=%2Fwp%2Fv2%2Fcomments&post=5675"}],"version-history":[{"count":5,"href":"https:\/\/www.dustyroadblues.se\/index.php?rest_route=\/wp\/v2\/pages\/5675\/revisions"}],"predecessor-version":[{"id":6529,"href":"https:\/\/www.dustyroadblues.se\/index.php?rest_route=\/wp\/v2\/pages\/5675\/revisions\/6529"}],"wp:attachment":[{"href":"https:\/\/www.dustyroadblues.se\/index.php?rest_route=%2Fwp%2Fv2%2Fmedia&parent=5675"}],"curies":[{"name":"wp","href":"https:\/\/api.w.org\/{rel}","templated":true}]}}