{"id":5941,"date":"2024-05-19T22:36:24","date_gmt":"2024-05-19T20:36:24","guid":{"rendered":"http:\/\/www.dustyroadblues.se\/?page_id=5941"},"modified":"2024-11-21T09:42:14","modified_gmt":"2024-11-21T07:42:14","slug":"blues-gamla-bilar","status":"publish","type":"page","link":"https:\/\/www.dustyroadblues.se\/?page_id=5941","title":{"rendered":"BLUES &amp; GAMLA BILAR"},"content":{"rendered":"\n<figure class=\"wp-block-image size-large\"><a href=\"http:\/\/www.dustyroadblues.se\/wp-content\/uploads\/2024\/05\/Bilaffisch-ver-9-sida002.png\"><img loading=\"lazy\" decoding=\"async\" width=\"724\" height=\"1024\" src=\"http:\/\/www.dustyroadblues.se\/wp-content\/uploads\/2024\/05\/Bilaffisch-ver-9-sida002-724x1024.png\" alt=\"\" class=\"wp-image-5940\" srcset=\"https:\/\/www.dustyroadblues.se\/wp-content\/uploads\/2024\/05\/Bilaffisch-ver-9-sida002-724x1024.png 724w, https:\/\/www.dustyroadblues.se\/wp-content\/uploads\/2024\/05\/Bilaffisch-ver-9-sida002-212x300.png 212w, https:\/\/www.dustyroadblues.se\/wp-content\/uploads\/2024\/05\/Bilaffisch-ver-9-sida002-768x1086.png 768w, https:\/\/www.dustyroadblues.se\/wp-content\/uploads\/2024\/05\/Bilaffisch-ver-9-sida002-1086x1536.png 1086w, https:\/\/www.dustyroadblues.se\/wp-content\/uploads\/2024\/05\/Bilaffisch-ver-9-sida002-1448x2048.png 1448w\" sizes=\"auto, (max-width: 724px) 100vw, 724px\" \/><\/a><\/figure>\n\n\n\n<h1 class=\"wp-block-heading\">Leader Skaraborg beviljade medel f\u00f6r projektet \u201dSamverkan landsbygd och t\u00e4tort i Tidaholm\u201d d\u00e4r en karavan av gamla tidaholmsbilar bes\u00f6ker sm\u00e5orter runt t\u00e4torten i Tidaholms kommun.<\/h1>\n\n\n\n<h2 class=\"wp-block-heading\">Projektet har flera m\u00e5l: Att g\u00f6ra reklam f\u00f6r Dusty Road Blues och Tidaholms Bluesfestival, att sprida kunskapen om bluesmusiken, och ett annat \u00e4r att \u00f6ka kontakten mellan t\u00e4tortens och landsbygdens f\u00f6reningar. Samtidigt vill projektet visa upp olika modeller av \u201dTidaholm\u201d, den bilmodell som tillverkades i Tidaholm fr\u00e5n 1903 \u2013 1934. Modellen byggdes som bussar, lastbilar, brandbilar och n\u00e5gra andra. Fyra olika bilmodeller och ett bluesband bes\u00f6kte d\u00e4rf\u00f6r 10 olika orter p\u00e5 landsbygden. Mer \u00e4n 400 personer nj\u00f6t av synen av bilar och ljudet av sk\u00f6n musik. Ledare f\u00f6r projektet var Ulf Nilsson.<\/h2>\n\n\n\n<h1 class=\"wp-block-heading\">Blues och gamla bilar, runda nr 1<\/h1>\n\n\n\n<h2 class=\"wp-block-heading\">Bluesbandet Vulturenecks spelar sk\u00f6n bluesmusik fr\u00e5n ett lastbilsflak. De gamla bilarna \u00e4r ute p\u00e5 l\u00e5ngtur f\u00f6r att visa upp sig och samtidigt vill Dusty Road Blues f\u00f6rs\u00f6ka \u00f6ka kontakten mellan t\u00e4tortens och landsbygdens f\u00f6reningar. H\u00e4r f\u00e4rdas karavanen i kommunens \u00f6stra och norra delar. Fr\u00f6jered, Ekedalen, Dimbo, Madangsholm samt Gamla Torget i Tidaholm var dagens stopp.<\/h2>\n\n\n\n<h2 class=\"wp-block-heading\"><a href=\"https:\/\/youtu.be\/gKkirTPbyBwVideo:%20%E2%80%9DBlues%20och%20gamla%20bilar%E2%80%9D,%20runda%20nr%201\">Video: Blues och gamla bilar, Runda nr 1<\/a><\/h2>\n\n\n\n<h1 class=\"wp-block-heading\">Blues och gamla bilar, runda nr 2<\/h1>\n\n\n\n<h2 class=\"wp-block-heading\">H\u00e4r spelar bluesbandet Vulturenecks \u00e4ven n\u00e4r rundan drar mer v\u00e4sterut i Tidaholms kommun. Daretorp, Velinga, H\u00e4rja, Kvarnen och V\u00e4ttak bes\u00f6kades. I slutet av rundan blev det stopp i Suntak. F\u00f6rst f\u00f6r att f\u00e5 spela inf\u00f6r en stor folkmassa. Det var n\u00e4mligen veteranfordonsutst\u00e4llning i hela byn. Sen blev det \u00e4nnu ett stopp d\u00e5 t\u00e4ndstiften sotat igen i bussens motor. Brandbilen fick agera extrabuss s\u00e5 f\u00f6ljet kunde \u00e5terv\u00e4nda till t\u00e4torten p\u00e5 ett tryggt men bl\u00e5sigt s\u00e4tt.<\/h2>\n\n\n\n<h2 class=\"wp-block-heading\"><a href=\"https:\/\/www.youtube.com\/watch?v=lcD3i7lqKr4&amp;t=0s\">Video; Blues&nbsp;&amp;&nbsp;Gamla&nbsp;bilar,&nbsp;Runda&nbsp;nr&nbsp;2&nbsp;&nbsp;<\/a><\/h2>\n<p><\/p>","protected":false},"excerpt":{"rendered":"<p>Leader Skaraborg beviljade medel f\u00f6r projektet \u201dSamverkan landsbygd och t\u00e4tort i Tidaholm\u201d d\u00e4r en karavan av gamla tidaholmsbilar bes\u00f6ker sm\u00e5orter runt t\u00e4torten i Tidaholms kommun. Projektet har flera m\u00e5l: Att g\u00f6ra reklam f\u00f6r Dusty Road Blues och Tidaholms Bluesfestival, att &hellip; <a href=\"https:\/\/www.dustyroadblues.se\/?page_id=5941\">L\u00e4s mer <span class=\"meta-nav\">&rarr;<\/span><\/a><\/p>\n","protected":false},"author":6,"featured_media":0,"parent":0,"menu_order":0,"comment_status":"closed","ping_status":"closed","template":"","meta":{"om_disable_all_campaigns":false,"_monsterinsights_skip_tracking":false,"_monsterinsights_sitenote_active":false,"_monsterinsights_sitenote_note":"","_monsterinsights_sitenote_category":0,"_uf_show_specific_survey":0,"_uf_disable_surveys":false,"footnotes":""},"class_list":["post-5941","page","type-page","status-publish","hentry"],"_links":{"self":[{"href":"https:\/\/www.dustyroadblues.se\/index.php?rest_route=\/wp\/v2\/pages\/5941","targetHints":{"allow":["GET"]}}],"collection":[{"href":"https:\/\/www.dustyroadblues.se\/index.php?rest_route=\/wp\/v2\/pages"}],"about":[{"href":"https:\/\/www.dustyroadblues.se\/index.php?rest_route=\/wp\/v2\/types\/page"}],"author":[{"embeddable":true,"href":"https:\/\/www.dustyroadblues.se\/index.php?rest_route=\/wp\/v2\/users\/6"}],"replies":[{"embeddable":true,"href":"https:\/\/www.dustyroadblues.se\/index.php?rest_route=%2Fwp%2Fv2%2Fcomments&post=5941"}],"version-history":[{"count":3,"href":"https:\/\/www.dustyroadblues.se\/index.php?rest_route=\/wp\/v2\/pages\/5941\/revisions"}],"predecessor-version":[{"id":6136,"href":"https:\/\/www.dustyroadblues.se\/index.php?rest_route=\/wp\/v2\/pages\/5941\/revisions\/6136"}],"wp:attachment":[{"href":"https:\/\/www.dustyroadblues.se\/index.php?rest_route=%2Fwp%2Fv2%2Fmedia&parent=5941"}],"curies":[{"name":"wp","href":"https:\/\/api.w.org\/{rel}","templated":true}]}}