{"id":6011,"date":"2024-07-10T08:45:16","date_gmt":"2024-07-10T06:45:16","guid":{"rendered":"https:\/\/www.dustyroadblues.se\/?page_id=6011"},"modified":"2024-10-16T17:14:29","modified_gmt":"2024-10-16T15:14:29","slug":"spelning-september","status":"publish","type":"page","link":"https:\/\/www.dustyroadblues.se\/?page_id=6011","title":{"rendered":"5 oktober 2024"},"content":{"rendered":"\n<figure class=\"wp-block-image size-large\"><a href=\"https:\/\/www.dustyroadblues.se\/wp-content\/uploads\/2024\/07\/Blueshammers-pic.jpg\"><img loading=\"lazy\" decoding=\"async\" width=\"1024\" height=\"1024\" src=\"https:\/\/www.dustyroadblues.se\/wp-content\/uploads\/2024\/07\/Blueshammers-pic-1024x1024.jpg\" alt=\"\" class=\"wp-image-6012\" srcset=\"https:\/\/www.dustyroadblues.se\/wp-content\/uploads\/2024\/07\/Blueshammers-pic-1024x1024.jpg 1024w, https:\/\/www.dustyroadblues.se\/wp-content\/uploads\/2024\/07\/Blueshammers-pic-300x300.jpg 300w, https:\/\/www.dustyroadblues.se\/wp-content\/uploads\/2024\/07\/Blueshammers-pic-150x150.jpg 150w, https:\/\/www.dustyroadblues.se\/wp-content\/uploads\/2024\/07\/Blueshammers-pic-768x768.jpg 768w, https:\/\/www.dustyroadblues.se\/wp-content\/uploads\/2024\/07\/Blueshammers-pic-144x144.jpg 144w, https:\/\/www.dustyroadblues.se\/wp-content\/uploads\/2024\/07\/Blueshammers-pic.jpg 1440w\" sizes=\"auto, (max-width: 1024px) 100vw, 1024px\" \/><\/a><\/figure>\n\n\n\n<h2 class=\"wp-block-heading\"><strong>Blueshammers<\/strong> lirar Blues, soul &amp; rock&#8217;n&#8217;roll och s\u00e4tter g\u00e4rna sin egen pr\u00e4gel p\u00e5 l\u00e5tarna, lite som TV-succ\u00e9n &#8221;S\u00e5 mycket b\u00e4ttre&#8221;.<br>Dom utg\u00e5r fr\u00e5n bruksorten Surahammar och har levererat sin musik \u00f6ver M\u00e4lardalen, Bergslagen och delar av Dalarna sedan 2015.&nbsp;<\/h2>\n\n\n\n<h1 class=\"wp-block-heading\">La Famiglia, Tidaholm &#8211; L\u00f6rdag 5\/10 kl 15-17<\/h1>\n\n\n\n<h1 class=\"wp-block-heading\">Intr\u00e4de 150 kr &#8211; Medlemmar 100 kr<\/h1>\n<p><\/p>","protected":false},"excerpt":{"rendered":"<p>Blueshammers lirar Blues, soul &amp; rock&#8217;n&#8217;roll och s\u00e4tter g\u00e4rna sin egen pr\u00e4gel p\u00e5 l\u00e5tarna, lite som TV-succ\u00e9n &#8221;S\u00e5 mycket b\u00e4ttre&#8221;.Dom utg\u00e5r fr\u00e5n bruksorten Surahammar och har levererat sin musik \u00f6ver M\u00e4lardalen, Bergslagen och delar av Dalarna sedan 2015.&nbsp; La Famiglia, &hellip; <a href=\"https:\/\/www.dustyroadblues.se\/?page_id=6011\">L\u00e4s mer <span class=\"meta-nav\">&rarr;<\/span><\/a><\/p>\n","protected":false},"author":6,"featured_media":0,"parent":0,"menu_order":0,"comment_status":"closed","ping_status":"closed","template":"","meta":{"om_disable_all_campaigns":false,"_monsterinsights_skip_tracking":false,"_monsterinsights_sitenote_active":false,"_monsterinsights_sitenote_note":"","_monsterinsights_sitenote_category":0,"_uf_show_specific_survey":0,"_uf_disable_surveys":false,"footnotes":""},"class_list":["post-6011","page","type-page","status-publish","hentry"],"_links":{"self":[{"href":"https:\/\/www.dustyroadblues.se\/index.php?rest_route=\/wp\/v2\/pages\/6011","targetHints":{"allow":["GET"]}}],"collection":[{"href":"https:\/\/www.dustyroadblues.se\/index.php?rest_route=\/wp\/v2\/pages"}],"about":[{"href":"https:\/\/www.dustyroadblues.se\/index.php?rest_route=\/wp\/v2\/types\/page"}],"author":[{"embeddable":true,"href":"https:\/\/www.dustyroadblues.se\/index.php?rest_route=\/wp\/v2\/users\/6"}],"replies":[{"embeddable":true,"href":"https:\/\/www.dustyroadblues.se\/index.php?rest_route=%2Fwp%2Fv2%2Fcomments&post=6011"}],"version-history":[{"count":6,"href":"https:\/\/www.dustyroadblues.se\/index.php?rest_route=\/wp\/v2\/pages\/6011\/revisions"}],"predecessor-version":[{"id":6089,"href":"https:\/\/www.dustyroadblues.se\/index.php?rest_route=\/wp\/v2\/pages\/6011\/revisions\/6089"}],"wp:attachment":[{"href":"https:\/\/www.dustyroadblues.se\/index.php?rest_route=%2Fwp%2Fv2%2Fmedia&parent=6011"}],"curies":[{"name":"wp","href":"https:\/\/api.w.org\/{rel}","templated":true}]}}