{"id":6038,"date":"2024-08-06T21:54:41","date_gmt":"2024-08-06T19:54:41","guid":{"rendered":"http:\/\/www.dustyroadblues.se\/?page_id=6038"},"modified":"2024-08-06T21:59:04","modified_gmt":"2024-08-06T19:59:04","slug":"musik-jam","status":"publish","type":"page","link":"https:\/\/www.dustyroadblues.se\/?page_id=6038","title":{"rendered":"MUSIK JAM"},"content":{"rendered":"\n<figure class=\"wp-block-image size-large\"><a href=\"https:\/\/www.dustyroadblues.se\/wp-content\/uploads\/2024\/08\/Jam-affisch-17-aug-scaled.jpg\"><img loading=\"lazy\" decoding=\"async\" width=\"724\" height=\"1024\" src=\"https:\/\/www.dustyroadblues.se\/wp-content\/uploads\/2024\/08\/Jam-affisch-17-aug-724x1024.jpg\" alt=\"\" class=\"wp-image-6042\" srcset=\"https:\/\/www.dustyroadblues.se\/wp-content\/uploads\/2024\/08\/Jam-affisch-17-aug-724x1024.jpg 724w, https:\/\/www.dustyroadblues.se\/wp-content\/uploads\/2024\/08\/Jam-affisch-17-aug-212x300.jpg 212w, https:\/\/www.dustyroadblues.se\/wp-content\/uploads\/2024\/08\/Jam-affisch-17-aug-768x1086.jpg 768w, https:\/\/www.dustyroadblues.se\/wp-content\/uploads\/2024\/08\/Jam-affisch-17-aug-1086x1536.jpg 1086w, https:\/\/www.dustyroadblues.se\/wp-content\/uploads\/2024\/08\/Jam-affisch-17-aug-1448x2048.jpg 1448w, https:\/\/www.dustyroadblues.se\/wp-content\/uploads\/2024\/08\/Jam-affisch-17-aug-scaled.jpg 1810w\" sizes=\"auto, (max-width: 724px) 100vw, 724px\" \/><\/a><\/figure>\n\n\n\n<h1 class=\"wp-block-heading\"><strong>Nu \u00e4r det igen dags f\u00f6r Music Jam<\/strong><\/h1>\n\n\n\n<h1 class=\"wp-block-heading\">Lirar ni blues, rockabilly, country rock osv osv s\u00e5 \u00e4r scenen er. Skriv g\u00e4rna in er p\u00e5 listan s\u00e5 blir logistiken enkel och bra:<\/h1>\n\n\n\n<h1 class=\"wp-block-heading\"><strong><a href=\"https:\/\/docs.google.com\/forms\/d\/1VcZABgb5bMUdvLjWMD_7Qf9rFNJebgh3RiySx9NoXF4\/edit\" title=\"\">H\u00e4r anm\u00e4ler du dig till jammet<\/a><\/strong><\/h1>\n\n\n\n<h1 class=\"wp-block-heading has-large-font-size\"><strong>Jamledare \u00e4r Dan Skavhellen<\/strong><\/h1>\n\n\n\n<h1 class=\"wp-block-heading has-black-color has-text-color has-link-color has-large-font-size wp-elements-3b955800f60ad3cddce33ef5de786a03\"><strong>Grundband denna eftermiddag \u00e4r PUGS<\/strong><br><\/h1>\n\n\n\n<h2 class=\"wp-block-heading\"><em><strong>V\u00e4lkomna ocks\u00e5 ni som vill lyssna p\u00e5 vad som kommer upp. F\u00f6rdriva eftermiddagen med n\u00e5gra timmar med musik, en matbit och n\u00e5got gott att dricka l\u00e5ter v\u00e4l som en trevlig eftermiddag, eller hur! Vi startar 14.00 och h\u00e5ller p\u00e5 till ca: 18.00 <\/strong><\/em><\/h2>\n\n\n\n<h1 class=\"wp-block-heading\"><strong>FRITT INTR\u00c4DE<\/strong><\/h1>\n\n\n\n<h1 class=\"wp-block-heading\"><strong>V\u00e4lkomna till Festerian 10:an, d\u00e4r det finns god musik, mat och dryck!<\/strong><\/h1>\n<p><\/p>","protected":false},"excerpt":{"rendered":"<p>Nu \u00e4r det igen dags f\u00f6r Music Jam Lirar ni blues, rockabilly, country rock osv osv s\u00e5 \u00e4r scenen er. Skriv g\u00e4rna in er p\u00e5 listan s\u00e5 blir logistiken enkel och bra: H\u00e4r anm\u00e4ler du dig till jammet Jamledare \u00e4r &hellip; <a href=\"https:\/\/www.dustyroadblues.se\/?page_id=6038\">L\u00e4s mer <span class=\"meta-nav\">&rarr;<\/span><\/a><\/p>\n","protected":false},"author":6,"featured_media":0,"parent":0,"menu_order":0,"comment_status":"closed","ping_status":"closed","template":"","meta":{"om_disable_all_campaigns":false,"_monsterinsights_skip_tracking":false,"_monsterinsights_sitenote_active":false,"_monsterinsights_sitenote_note":"","_monsterinsights_sitenote_category":0,"_uf_show_specific_survey":0,"_uf_disable_surveys":false,"footnotes":""},"class_list":["post-6038","page","type-page","status-publish","hentry"],"_links":{"self":[{"href":"https:\/\/www.dustyroadblues.se\/index.php?rest_route=\/wp\/v2\/pages\/6038","targetHints":{"allow":["GET"]}}],"collection":[{"href":"https:\/\/www.dustyroadblues.se\/index.php?rest_route=\/wp\/v2\/pages"}],"about":[{"href":"https:\/\/www.dustyroadblues.se\/index.php?rest_route=\/wp\/v2\/types\/page"}],"author":[{"embeddable":true,"href":"https:\/\/www.dustyroadblues.se\/index.php?rest_route=\/wp\/v2\/users\/6"}],"replies":[{"embeddable":true,"href":"https:\/\/www.dustyroadblues.se\/index.php?rest_route=%2Fwp%2Fv2%2Fcomments&post=6038"}],"version-history":[{"count":4,"href":"https:\/\/www.dustyroadblues.se\/index.php?rest_route=\/wp\/v2\/pages\/6038\/revisions"}],"predecessor-version":[{"id":6044,"href":"https:\/\/www.dustyroadblues.se\/index.php?rest_route=\/wp\/v2\/pages\/6038\/revisions\/6044"}],"wp:attachment":[{"href":"https:\/\/www.dustyroadblues.se\/index.php?rest_route=%2Fwp%2Fv2%2Fmedia&parent=6038"}],"curies":[{"name":"wp","href":"https:\/\/api.w.org\/{rel}","templated":true}]}}