{"id":6065,"date":"2024-09-23T21:41:24","date_gmt":"2024-09-23T19:41:24","guid":{"rendered":"https:\/\/www.dustyroadblues.se\/?page_id=6065"},"modified":"2024-09-23T21:49:47","modified_gmt":"2024-09-23T19:49:47","slug":"20-september","status":"publish","type":"page","link":"https:\/\/www.dustyroadblues.se\/?page_id=6065","title":{"rendered":"20 September"},"content":{"rendered":"\n<figure class=\"wp-block-image size-large\"><a href=\"http:\/\/www.dustyroadblues.se\/wp-content\/uploads\/2024\/09\/Blues-i-Daretorp.png\"><img loading=\"lazy\" decoding=\"async\" width=\"724\" height=\"1024\" src=\"http:\/\/www.dustyroadblues.se\/wp-content\/uploads\/2024\/09\/Blues-i-Daretorp-724x1024.png\" alt=\"\" class=\"wp-image-6050\" srcset=\"https:\/\/www.dustyroadblues.se\/wp-content\/uploads\/2024\/09\/Blues-i-Daretorp-724x1024.png 724w, https:\/\/www.dustyroadblues.se\/wp-content\/uploads\/2024\/09\/Blues-i-Daretorp-212x300.png 212w, https:\/\/www.dustyroadblues.se\/wp-content\/uploads\/2024\/09\/Blues-i-Daretorp-768x1086.png 768w, https:\/\/www.dustyroadblues.se\/wp-content\/uploads\/2024\/09\/Blues-i-Daretorp-1086x1536.png 1086w, https:\/\/www.dustyroadblues.se\/wp-content\/uploads\/2024\/09\/Blues-i-Daretorp-1448x2048.png 1448w\" sizes=\"auto, (max-width: 724px) 100vw, 724px\" \/><\/a><\/figure>\n\n\n\n<h2 class=\"wp-block-heading\">Fredagen den 20 september arrangerar Dusty Road Blues tillsammans med Daretorps Bygdeg\u00e5rdsf\u00f6rening ett musikarrangemang i Daretorps bygdeg\u00e5rd. Det \u00e4r en forts\u00e4ttning p\u00e5 v\u00e5rt projekt Blues &amp; Gamla Bilar som vi anordnade i somras. Flera lokala f\u00f6reningar I Tidaholms n\u00e4romr\u00e5de var d\u00e5 inblandade.<\/h2>\n\n\n\n<h2 class=\"wp-block-heading\">RETRO TRAIN best\u00e5r av:<\/h2>\n\n\n\n<h3 class=\"wp-block-heading\">Peder Bodin \u2013 Trummor &amp; S\u00e5ng<\/h3>\n\n\n\n<h3 class=\"wp-block-heading\">Tobias Larsson \u2013 Gitarr<\/h3>\n\n\n\n<h3 class=\"wp-block-heading\"><a><\/a>Stefan \u00c5sberg \u2013 Bas<\/h3>\n\n\n\n<h3 class=\"wp-block-heading\">Mikael Blom \u2013 Keyboard<\/h3>\n\n\n\n<h3 class=\"wp-block-heading\">Staffan K\u00e4llhult \u2013 Harmonica<\/h3>\n\n\n\n<h3 class=\"wp-block-heading\">Jan-Yngve Ekstedt \u2013 Gitarr<\/h3>\n\n\n\n<h1 class=\"wp-block-heading\">V\u00e4lkomna till en trevlig musikkv\u00e4ll<\/h1>\n<p><\/p>","protected":false},"excerpt":{"rendered":"<p>Fredagen den 20 september arrangerar Dusty Road Blues tillsammans med Daretorps Bygdeg\u00e5rdsf\u00f6rening ett musikarrangemang i Daretorps bygdeg\u00e5rd. Det \u00e4r en forts\u00e4ttning p\u00e5 v\u00e5rt projekt Blues &amp; Gamla Bilar som vi anordnade i somras. Flera lokala f\u00f6reningar I Tidaholms n\u00e4romr\u00e5de var &hellip; <a href=\"https:\/\/www.dustyroadblues.se\/?page_id=6065\">L\u00e4s mer <span class=\"meta-nav\">&rarr;<\/span><\/a><\/p>\n","protected":false},"author":6,"featured_media":0,"parent":0,"menu_order":0,"comment_status":"closed","ping_status":"closed","template":"","meta":{"om_disable_all_campaigns":false,"_monsterinsights_skip_tracking":false,"_monsterinsights_sitenote_active":false,"_monsterinsights_sitenote_note":"","_monsterinsights_sitenote_category":0,"_uf_show_specific_survey":0,"_uf_disable_surveys":false,"footnotes":""},"class_list":["post-6065","page","type-page","status-publish","hentry"],"_links":{"self":[{"href":"https:\/\/www.dustyroadblues.se\/index.php?rest_route=\/wp\/v2\/pages\/6065","targetHints":{"allow":["GET"]}}],"collection":[{"href":"https:\/\/www.dustyroadblues.se\/index.php?rest_route=\/wp\/v2\/pages"}],"about":[{"href":"https:\/\/www.dustyroadblues.se\/index.php?rest_route=\/wp\/v2\/types\/page"}],"author":[{"embeddable":true,"href":"https:\/\/www.dustyroadblues.se\/index.php?rest_route=\/wp\/v2\/users\/6"}],"replies":[{"embeddable":true,"href":"https:\/\/www.dustyroadblues.se\/index.php?rest_route=%2Fwp%2Fv2%2Fcomments&post=6065"}],"version-history":[{"count":2,"href":"https:\/\/www.dustyroadblues.se\/index.php?rest_route=\/wp\/v2\/pages\/6065\/revisions"}],"predecessor-version":[{"id":6072,"href":"https:\/\/www.dustyroadblues.se\/index.php?rest_route=\/wp\/v2\/pages\/6065\/revisions\/6072"}],"wp:attachment":[{"href":"https:\/\/www.dustyroadblues.se\/index.php?rest_route=%2Fwp%2Fv2%2Fmedia&parent=6065"}],"curies":[{"name":"wp","href":"https:\/\/api.w.org\/{rel}","templated":true}]}}