{"id":6094,"date":"2024-10-18T10:47:00","date_gmt":"2024-10-18T08:47:00","guid":{"rendered":"https:\/\/www.dustyroadblues.se\/?page_id=6094"},"modified":"2024-10-18T11:33:44","modified_gmt":"2024-10-18T09:33:44","slug":"snow-blind-willie","status":"publish","type":"page","link":"https:\/\/www.dustyroadblues.se\/?page_id=6094","title":{"rendered":"Snow Blind Willie"},"content":{"rendered":"\n<figure class=\"wp-block-image size-large\"><a href=\"http:\/\/www.dustyroadblues.se\/wp-content\/uploads\/2024\/10\/FOTO-utan-textSnow-Blind-Willie-gruppfoto-scaled.jpg\"><img loading=\"lazy\" decoding=\"async\" width=\"1024\" height=\"831\" src=\"http:\/\/www.dustyroadblues.se\/wp-content\/uploads\/2024\/10\/FOTO-utan-textSnow-Blind-Willie-gruppfoto-1024x831.jpg\" alt=\"\" class=\"wp-image-6077\" srcset=\"https:\/\/www.dustyroadblues.se\/wp-content\/uploads\/2024\/10\/FOTO-utan-textSnow-Blind-Willie-gruppfoto-1024x831.jpg 1024w, https:\/\/www.dustyroadblues.se\/wp-content\/uploads\/2024\/10\/FOTO-utan-textSnow-Blind-Willie-gruppfoto-300x243.jpg 300w, https:\/\/www.dustyroadblues.se\/wp-content\/uploads\/2024\/10\/FOTO-utan-textSnow-Blind-Willie-gruppfoto-768x623.jpg 768w, https:\/\/www.dustyroadblues.se\/wp-content\/uploads\/2024\/10\/FOTO-utan-textSnow-Blind-Willie-gruppfoto-1536x1246.jpg 1536w, https:\/\/www.dustyroadblues.se\/wp-content\/uploads\/2024\/10\/FOTO-utan-textSnow-Blind-Willie-gruppfoto-2048x1662.jpg 2048w\" sizes=\"auto, (max-width: 1024px) 100vw, 1024px\" \/><\/a><\/figure>\n\n\n\n<h1 class=\"wp-block-heading\"><strong><strong>Bandet Snow Blind Willie, fr\u00e5n Lidk\u00f6ping (och numera en fr\u00e5n G\u00f6teborg), har spelat blues- och countryblues tillsammans sedan 2009. SBW \u00e4r ett halvakustiskt band som satsar p\u00e5 caf\u00e9spelningar med en lyssnande publik. Dom sitter ner och spelar och brukar ha ett gott snack med publiken och har texter som ofta \u00e4r roliga eller underfundiga.<\/strong><\/strong><\/h1>\n\n\n\n<h2 class=\"wp-block-heading\">S\u00e4ttningen \u00e4r tv\u00e5 gitarrer, munspel och ett mindre trumset. Samtliga medlemmar sjunger. Musiken best\u00e5r av blandade bluescovers, g\u00e4rna lite \u00f6verraskande omarbetningar av t.ex. Frank Zappa eller varf\u00f6r inte Deep Purple, men \u00e4ven l\u00e5tar av Per Svalin, gitarrist och s\u00e5ngare.<\/h2>\n\n\n\n<h2 class=\"wp-block-heading\">Medlemmar \u00e4r Bill Ackeby, munspel, Tomas Jakobson, gitarr och bas, Johan Sk\u00f6ld, trummor samt Per Svalin, gitarr.<\/h2>\n\n\n\n<h1 class=\"wp-block-heading\"><strong>La Famiglia, Tidaholm \u2013 L\u00f6rdag 16\/11 kl 15-17<br>Intr\u00e4de 150 kr \u2013 Medlemmar 100 kr<\/strong><\/h1>\n<p><\/p>","protected":false},"excerpt":{"rendered":"<p>Bandet Snow Blind Willie, fr\u00e5n Lidk\u00f6ping (och numera en fr\u00e5n G\u00f6teborg), har spelat blues- och countryblues tillsammans sedan 2009. SBW \u00e4r ett halvakustiskt band som satsar p\u00e5 caf\u00e9spelningar med en lyssnande publik. Dom sitter ner och spelar och brukar ha &hellip; <a href=\"https:\/\/www.dustyroadblues.se\/?page_id=6094\">L\u00e4s mer <span class=\"meta-nav\">&rarr;<\/span><\/a><\/p>\n","protected":false},"author":6,"featured_media":0,"parent":0,"menu_order":0,"comment_status":"closed","ping_status":"closed","template":"","meta":{"om_disable_all_campaigns":false,"_monsterinsights_skip_tracking":false,"_monsterinsights_sitenote_active":false,"_monsterinsights_sitenote_note":"","_monsterinsights_sitenote_category":0,"_uf_show_specific_survey":0,"_uf_disable_surveys":false,"footnotes":""},"class_list":["post-6094","page","type-page","status-publish","hentry"],"_links":{"self":[{"href":"https:\/\/www.dustyroadblues.se\/index.php?rest_route=\/wp\/v2\/pages\/6094","targetHints":{"allow":["GET"]}}],"collection":[{"href":"https:\/\/www.dustyroadblues.se\/index.php?rest_route=\/wp\/v2\/pages"}],"about":[{"href":"https:\/\/www.dustyroadblues.se\/index.php?rest_route=\/wp\/v2\/types\/page"}],"author":[{"embeddable":true,"href":"https:\/\/www.dustyroadblues.se\/index.php?rest_route=\/wp\/v2\/users\/6"}],"replies":[{"embeddable":true,"href":"https:\/\/www.dustyroadblues.se\/index.php?rest_route=%2Fwp%2Fv2%2Fcomments&post=6094"}],"version-history":[{"count":2,"href":"https:\/\/www.dustyroadblues.se\/index.php?rest_route=\/wp\/v2\/pages\/6094\/revisions"}],"predecessor-version":[{"id":6098,"href":"https:\/\/www.dustyroadblues.se\/index.php?rest_route=\/wp\/v2\/pages\/6094\/revisions\/6098"}],"wp:attachment":[{"href":"https:\/\/www.dustyroadblues.se\/index.php?rest_route=%2Fwp%2Fv2%2Fmedia&parent=6094"}],"curies":[{"name":"wp","href":"https:\/\/api.w.org\/{rel}","templated":true}]}}