{"id":6179,"date":"2024-11-25T16:41:36","date_gmt":"2024-11-25T14:41:36","guid":{"rendered":"https:\/\/www.dustyroadblues.se\/?page_id=6179"},"modified":"2025-02-13T17:22:06","modified_gmt":"2025-02-13T15:22:06","slug":"marius-lien","status":"publish","type":"page","link":"https:\/\/www.dustyroadblues.se\/?page_id=6179","title":{"rendered":"MARIUS LIEN"},"content":{"rendered":"\n<figure class=\"wp-block-image size-large\"><a href=\"https:\/\/www.dustyroadblues.se\/wp-content\/uploads\/2024\/11\/1689006436259_filtered.jpeg\"><img loading=\"lazy\" decoding=\"async\" width=\"1024\" height=\"678\" src=\"https:\/\/www.dustyroadblues.se\/wp-content\/uploads\/2024\/11\/1689006436259_filtered-1024x678.jpeg\" alt=\"\" class=\"wp-image-6182\" srcset=\"https:\/\/www.dustyroadblues.se\/wp-content\/uploads\/2024\/11\/1689006436259_filtered-1024x678.jpeg 1024w, https:\/\/www.dustyroadblues.se\/wp-content\/uploads\/2024\/11\/1689006436259_filtered-300x199.jpeg 300w, https:\/\/www.dustyroadblues.se\/wp-content\/uploads\/2024\/11\/1689006436259_filtered-768x509.jpeg 768w, https:\/\/www.dustyroadblues.se\/wp-content\/uploads\/2024\/11\/1689006436259_filtered-120x80.jpeg 120w, https:\/\/www.dustyroadblues.se\/wp-content\/uploads\/2024\/11\/1689006436259_filtered.jpeg 1280w\" sizes=\"auto, (max-width: 1024px) 100vw, 1024px\" \/><\/a><\/figure>\n\n\n\n<p>Foto: Guro Hansen<\/p>\n\n\n\n<h1 class=\"wp-block-heading\"><strong>Marius Lien \u00e4r en ung artist som utm\u00e4rker sig som en utm\u00e4rkt gitarrist, s\u00e5ngare och l\u00e5tskrivare. Han har gjort sig ett namn i det norska bluessamh\u00e4llet och anses av m\u00e5nga, trots sin unga \u00e5lder, som en del av den norska blueseliten. <\/strong><\/h1>\n\n\n\n<h2 class=\"wp-block-heading\">Redan vid sina 24 \u00e5r har han f\u00e5tt flera utm\u00e4rkelser och medverkat ett flertal g\u00e5nger i Norsk TV samt vunnit en Norsk Grammy 2024 f\u00f6r hans debutalbum. Han har nyligen skrivit nytt material till det kommande albumet. Detta kommer att inneh\u00e5lla en ny inriktning som omfattar ett bredare musikaliskt uttryck. En musikalisk blandning av blues och andra genrer och stilar. Fr\u00e5n Americana till V\u00e4stafrikansk musik. Marius har ett rykte om sig att ge allt p\u00e5 sina konserter och f\u00f6rv\u00e5nar de flesta med sin unika s\u00e5ng, bluesiga gitarrspel och m\u00e5ngsidiga l\u00e5tar.<\/h2>\n\n\n\n<h2 class=\"wp-block-heading\">Denna spelning kommer att ske p\u00e5 10:an i Hjo.<br>\u00c4ger rum onsdagen den 19 februari klockan 20.00 &#8211; 22.00 (Insl\u00e4pp kl 18.00)<\/h2>\n\n\n\n<h2 class=\"wp-block-heading\">Intr\u00e4de medlemmar 150 kr<br>Icke medlemmar 200kr<\/h2>\n\n\n\n<h2 class=\"wp-block-heading\"><br><\/h2>\n<p><\/p>","protected":false},"excerpt":{"rendered":"<p>Foto: Guro Hansen Marius Lien \u00e4r en ung artist som utm\u00e4rker sig som en utm\u00e4rkt gitarrist, s\u00e5ngare och l\u00e5tskrivare. Han har gjort sig ett namn i det norska bluessamh\u00e4llet och anses av m\u00e5nga, trots sin unga \u00e5lder, som en del &hellip; <a href=\"https:\/\/www.dustyroadblues.se\/?page_id=6179\">L\u00e4s mer <span class=\"meta-nav\">&rarr;<\/span><\/a><\/p>\n","protected":false},"author":6,"featured_media":0,"parent":0,"menu_order":0,"comment_status":"closed","ping_status":"closed","template":"","meta":{"om_disable_all_campaigns":false,"_monsterinsights_skip_tracking":false,"_monsterinsights_sitenote_active":false,"_monsterinsights_sitenote_note":"","_monsterinsights_sitenote_category":0,"_uf_show_specific_survey":0,"_uf_disable_surveys":false,"footnotes":""},"class_list":["post-6179","page","type-page","status-publish","hentry"],"_links":{"self":[{"href":"https:\/\/www.dustyroadblues.se\/index.php?rest_route=\/wp\/v2\/pages\/6179","targetHints":{"allow":["GET"]}}],"collection":[{"href":"https:\/\/www.dustyroadblues.se\/index.php?rest_route=\/wp\/v2\/pages"}],"about":[{"href":"https:\/\/www.dustyroadblues.se\/index.php?rest_route=\/wp\/v2\/types\/page"}],"author":[{"embeddable":true,"href":"https:\/\/www.dustyroadblues.se\/index.php?rest_route=\/wp\/v2\/users\/6"}],"replies":[{"embeddable":true,"href":"https:\/\/www.dustyroadblues.se\/index.php?rest_route=%2Fwp%2Fv2%2Fcomments&post=6179"}],"version-history":[{"count":8,"href":"https:\/\/www.dustyroadblues.se\/index.php?rest_route=\/wp\/v2\/pages\/6179\/revisions"}],"predecessor-version":[{"id":6485,"href":"https:\/\/www.dustyroadblues.se\/index.php?rest_route=\/wp\/v2\/pages\/6179\/revisions\/6485"}],"wp:attachment":[{"href":"https:\/\/www.dustyroadblues.se\/index.php?rest_route=%2Fwp%2Fv2%2Fmedia&parent=6179"}],"curies":[{"name":"wp","href":"https:\/\/api.w.org\/{rel}","templated":true}]}}