{"id":6293,"date":"2024-12-26T01:39:50","date_gmt":"2024-12-25T23:39:50","guid":{"rendered":"https:\/\/www.dustyroadblues.se\/?page_id=6293"},"modified":"2025-01-12T18:53:49","modified_gmt":"2025-01-12T16:53:49","slug":"jam-11-januari-2025","status":"publish","type":"page","link":"https:\/\/www.dustyroadblues.se\/?page_id=6293","title":{"rendered":"JAM 11 JANUARI 2025"},"content":{"rendered":"\n<h1 class=\"wp-block-heading\"><strong>L\u00f6rdag 11 jan 2025 \u00e4r det igen dags f\u00f6r Music Jam, denna g\u00e5ng p\u00e5 Golden Thai, Tidaholm<\/strong> <strong>kl 14-17<\/strong><\/h1>\n\n\n\n<h2 class=\"wp-block-heading\">Lirar ni blues, rockabilly, country, visor, rock osv osv s\u00e5 \u00e4r scenen er. Skriv g\u00e4rna in er p\u00e5 listan s\u00e5 blir logistiken enkel och bra:<\/h2>\n\n\n\n<figure class=\"wp-block-image\"><a href=\"http:\/\/www.dustyroadblues.se\/wp-content\/uploads\/2024\/01\/Bandbild-Retro-Train-sepia-scaled.jpg\"><img loading=\"lazy\" decoding=\"async\" width=\"1024\" height=\"689\" src=\"http:\/\/www.dustyroadblues.se\/wp-content\/uploads\/2024\/01\/Bandbild-Retro-Train-sepia-1024x689.jpg\" alt=\"\" class=\"wp-image-6163\" srcset=\"https:\/\/www.dustyroadblues.se\/wp-content\/uploads\/2024\/01\/Bandbild-Retro-Train-sepia-1024x689.jpg 1024w, https:\/\/www.dustyroadblues.se\/wp-content\/uploads\/2024\/01\/Bandbild-Retro-Train-sepia-300x202.jpg 300w, https:\/\/www.dustyroadblues.se\/wp-content\/uploads\/2024\/01\/Bandbild-Retro-Train-sepia-768x517.jpg 768w, https:\/\/www.dustyroadblues.se\/wp-content\/uploads\/2024\/01\/Bandbild-Retro-Train-sepia-1536x1033.jpg 1536w, https:\/\/www.dustyroadblues.se\/wp-content\/uploads\/2024\/01\/Bandbild-Retro-Train-sepia-2048x1378.jpg 2048w, https:\/\/www.dustyroadblues.se\/wp-content\/uploads\/2024\/01\/Bandbild-Retro-Train-sepia-120x80.jpg 120w\" sizes=\"auto, (max-width: 1024px) 100vw, 1024px\" \/><\/a><\/figure>\n\n\n\n<h2 class=\"wp-block-heading\"><strong>Grundband denna eftermiddag \u00e4r Retro Train.<\/strong><\/h2>\n\n\n\n<h2 class=\"wp-block-heading\">Jamledare \u00e4r Dan Skavhellen<\/h2>\n\n\n\n<h2 class=\"wp-block-heading\"><em>V\u00e4lkomna ocks\u00e5 ni som vill lyssna p\u00e5 vad som kommer upp. F\u00f6rdriva eftermiddagen med n\u00e5gra timmar med musik, en matbit och n\u00e5got gott att dricka l\u00e5ter v\u00e4l som en trevlig eftermiddag, eller hur! Vi startar 14.00 och h\u00e5ller p\u00e5 till ca: 17.00<\/em><\/h2>\n\n\n\n<h2 class=\"wp-block-heading\"><strong>FRITT INTR\u00c4DE<\/strong><\/h2>\n\n\n\n<h1 class=\"wp-block-heading\"><strong>V\u00e4lkomna till&nbsp;<\/strong><strong>Golden Thai<\/strong><strong>, d\u00e4r det finns god musik, mat och dryck!<\/strong><\/h1>\n<p><\/p>","protected":false},"excerpt":{"rendered":"<p>L\u00f6rdag 11 jan 2025 \u00e4r det igen dags f\u00f6r Music Jam, denna g\u00e5ng p\u00e5 Golden Thai, Tidaholm kl 14-17 Lirar ni blues, rockabilly, country, visor, rock osv osv s\u00e5 \u00e4r scenen er. Skriv g\u00e4rna in er p\u00e5 listan s\u00e5 blir &hellip; <a href=\"https:\/\/www.dustyroadblues.se\/?page_id=6293\">L\u00e4s mer <span class=\"meta-nav\">&rarr;<\/span><\/a><\/p>\n","protected":false},"author":6,"featured_media":0,"parent":0,"menu_order":0,"comment_status":"closed","ping_status":"closed","template":"","meta":{"om_disable_all_campaigns":false,"_monsterinsights_skip_tracking":false,"_monsterinsights_sitenote_active":false,"_monsterinsights_sitenote_note":"","_monsterinsights_sitenote_category":0,"_uf_show_specific_survey":0,"_uf_disable_surveys":false,"footnotes":""},"class_list":["post-6293","page","type-page","status-publish","hentry"],"_links":{"self":[{"href":"https:\/\/www.dustyroadblues.se\/index.php?rest_route=\/wp\/v2\/pages\/6293","targetHints":{"allow":["GET"]}}],"collection":[{"href":"https:\/\/www.dustyroadblues.se\/index.php?rest_route=\/wp\/v2\/pages"}],"about":[{"href":"https:\/\/www.dustyroadblues.se\/index.php?rest_route=\/wp\/v2\/types\/page"}],"author":[{"embeddable":true,"href":"https:\/\/www.dustyroadblues.se\/index.php?rest_route=\/wp\/v2\/users\/6"}],"replies":[{"embeddable":true,"href":"https:\/\/www.dustyroadblues.se\/index.php?rest_route=%2Fwp%2Fv2%2Fcomments&post=6293"}],"version-history":[{"count":2,"href":"https:\/\/www.dustyroadblues.se\/index.php?rest_route=\/wp\/v2\/pages\/6293\/revisions"}],"predecessor-version":[{"id":6344,"href":"https:\/\/www.dustyroadblues.se\/index.php?rest_route=\/wp\/v2\/pages\/6293\/revisions\/6344"}],"wp:attachment":[{"href":"https:\/\/www.dustyroadblues.se\/index.php?rest_route=%2Fwp%2Fv2%2Fmedia&parent=6293"}],"curies":[{"name":"wp","href":"https:\/\/api.w.org\/{rel}","templated":true}]}}