{"id":6345,"date":"2025-01-12T18:45:30","date_gmt":"2025-01-12T16:45:30","guid":{"rendered":"https:\/\/www.dustyroadblues.se\/?page_id=6345"},"modified":"2025-12-18T19:11:41","modified_gmt":"2025-12-18T17:11:41","slug":"arrangemang-2025","status":"publish","type":"page","link":"https:\/\/www.dustyroadblues.se\/?page_id=6345","title":{"rendered":"Arrangemang 2025"},"content":{"rendered":"\n<ul class=\"wp-block-list\">\n<li>2025.01.11 Music Jam @ Golden Thai<\/li>\n\n\n\n<li>2025.01.25 Lassa Backa Blues Band @ La Famiglia, Tidaholm<\/li>\n\n\n\n<li>2025.02.19 Marius Lien @ Festerian 10:an, Hjo<\/li>\n\n\n\n<li>2025.03.15 Slap Back Joe @ La Famiglia, Tidaholm<\/li>\n\n\n\n<li>2025.04.12 Music Jam @ Golden Thai, Tidaholm<\/li>\n\n\n\n<li>2025.04.26 Freddie Nystr\u00f6ms Band @ La Famiglia, Tidaholm<\/li>\n\n\n\n<li>2025.05.18 <strong>Bluesmusikk p\u00e5 landsbygden<\/strong> Vulturnecks<\/li>\n\n\n\n<li>2025.08.23 Music Jam @ Golden Thai, Tidaholm<\/li>\n\n\n\n<li>2025.09.05 Fredrik &amp; Puritanerna @ La Famiglia, Tidaholm<\/li>\n\n\n\n<li>2025.09.27 Tha Black Flakes @ Festerian 10:an, Hjo<\/li>\n\n\n\n<li>2025.10.11 Karin Rudefelt &amp; Dr Blues @ La Famiglia, Tidaholm<\/li>\n\n\n\n<li>2025.10.18 <strong>The Delta Duo<\/strong> Bottleneck John &amp; Christer Ring @ La Famiglia, Tidaholm<\/li>\n\n\n\n<li>2025.10.08-29 <strong>Kurs: Bluesens historia och utveckling<\/strong> Mikael Holmstr\u00f6m, Johan Eliasson, Christer Ring, Joakim Valander. <\/li>\n\n\n\n<li>2025.11.08 Music Jam @ Golden Thai, Tidaholm<\/li>\n\n\n\n<li>2025.11.29 Eva Karlefj\u00e4rd Bluesband, La Famiglia, Tidaholm<\/li>\n<\/ul>\n\n\n\n<h1 class=\"wp-block-heading has-text-align-center\">_________________________<\/h1>\n\n\n\n<figure class=\"wp-block-image size-large is-resized\"><a href=\"https:\/\/www.dustyroadblues.se\/?page_id=6293\"><img loading=\"lazy\" decoding=\"async\" width=\"724\" height=\"1024\" src=\"http:\/\/www.dustyroadblues.se\/wp-content\/uploads\/2025\/01\/Jam-affisch-11-jan-ver-7-724x1024.jpg\" alt=\"\" class=\"wp-image-6348\" style=\"width:839px;height:auto\" srcset=\"https:\/\/www.dustyroadblues.se\/wp-content\/uploads\/2025\/01\/Jam-affisch-11-jan-ver-7-724x1024.jpg 724w, https:\/\/www.dustyroadblues.se\/wp-content\/uploads\/2025\/01\/Jam-affisch-11-jan-ver-7-212x300.jpg 212w, https:\/\/www.dustyroadblues.se\/wp-content\/uploads\/2025\/01\/Jam-affisch-11-jan-ver-7-768x1086.jpg 768w, https:\/\/www.dustyroadblues.se\/wp-content\/uploads\/2025\/01\/Jam-affisch-11-jan-ver-7-1086x1536.jpg 1086w, https:\/\/www.dustyroadblues.se\/wp-content\/uploads\/2025\/01\/Jam-affisch-11-jan-ver-7-1448x2048.jpg 1448w, https:\/\/www.dustyroadblues.se\/wp-content\/uploads\/2025\/01\/Jam-affisch-11-jan-ver-7-scaled.jpg 1810w\" sizes=\"auto, (max-width: 724px) 100vw, 724px\" \/><\/a><\/figure>\n\n\n\n<h2 class=\"wp-block-heading\">F\u00f6r mer info klicka p\u00e5 bilden<\/h2>\n\n\n\n<h2 class=\"wp-block-heading has-text-align-center\">_____________________________________<\/h2>\n\n\n\n<figure class=\"wp-block-image size-large is-resized\"><a href=\"https:\/\/www.dustyroadblues.se\/?page_id=6172\"><img loading=\"lazy\" decoding=\"async\" width=\"724\" height=\"1024\" src=\"http:\/\/www.dustyroadblues.se\/wp-content\/uploads\/2025\/01\/Lassa-Backa-Blues-Band-affisch-25-jan-724x1024.jpg\" alt=\"\" class=\"wp-image-6457\" style=\"width:839px;height:auto\" srcset=\"https:\/\/www.dustyroadblues.se\/wp-content\/uploads\/2025\/01\/Lassa-Backa-Blues-Band-affisch-25-jan-724x1024.jpg 724w, https:\/\/www.dustyroadblues.se\/wp-content\/uploads\/2025\/01\/Lassa-Backa-Blues-Band-affisch-25-jan-212x300.jpg 212w, https:\/\/www.dustyroadblues.se\/wp-content\/uploads\/2025\/01\/Lassa-Backa-Blues-Band-affisch-25-jan-768x1086.jpg 768w, https:\/\/www.dustyroadblues.se\/wp-content\/uploads\/2025\/01\/Lassa-Backa-Blues-Band-affisch-25-jan-1086x1536.jpg 1086w, https:\/\/www.dustyroadblues.se\/wp-content\/uploads\/2025\/01\/Lassa-Backa-Blues-Band-affisch-25-jan-1448x2048.jpg 1448w, https:\/\/www.dustyroadblues.se\/wp-content\/uploads\/2025\/01\/Lassa-Backa-Blues-Band-affisch-25-jan-scaled.jpg 1810w\" sizes=\"auto, (max-width: 724px) 100vw, 724px\" \/><\/a><\/figure>\n\n\n\n<h2 class=\"wp-block-heading\"><a href=\"https:\/\/www.youtube.com\/watch?v=8AtRpIINwaM&amp;list=PLOAUQxYLXi7wafMwwqcamADHAdEuGZih9\">Videos fr\u00e5n arrangemanget<\/a><\/h2>\n\n\n\n<h2 class=\"wp-block-heading\">F\u00f6r mer info klicka p\u00e5 bilden<\/h2>\n\n\n\n<h1 class=\"wp-block-heading has-text-align-center\">_________________________<\/h1>\n\n\n\n<figure class=\"wp-block-image size-large is-resized\"><a href=\"https:\/\/www.dustyroadblues.se\/?page_id=6179\"><img loading=\"lazy\" decoding=\"async\" width=\"724\" height=\"1024\" src=\"http:\/\/www.dustyroadblues.se\/wp-content\/uploads\/2025\/02\/Marius-Lien-affisch2-19-feb-sida001-724x1024.jpeg\" alt=\"\" class=\"wp-image-6487\" style=\"width:839px;height:auto\" srcset=\"https:\/\/www.dustyroadblues.se\/wp-content\/uploads\/2025\/02\/Marius-Lien-affisch2-19-feb-sida001-724x1024.jpeg 724w, https:\/\/www.dustyroadblues.se\/wp-content\/uploads\/2025\/02\/Marius-Lien-affisch2-19-feb-sida001-212x300.jpeg 212w, https:\/\/www.dustyroadblues.se\/wp-content\/uploads\/2025\/02\/Marius-Lien-affisch2-19-feb-sida001-768x1086.jpeg 768w, https:\/\/www.dustyroadblues.se\/wp-content\/uploads\/2025\/02\/Marius-Lien-affisch2-19-feb-sida001-1086x1536.jpeg 1086w, https:\/\/www.dustyroadblues.se\/wp-content\/uploads\/2025\/02\/Marius-Lien-affisch2-19-feb-sida001-1448x2048.jpeg 1448w, https:\/\/www.dustyroadblues.se\/wp-content\/uploads\/2025\/02\/Marius-Lien-affisch2-19-feb-sida001-scaled.jpeg 1810w\" sizes=\"auto, (max-width: 724px) 100vw, 724px\" \/><\/a><\/figure>\n\n\n\n<h2 class=\"wp-block-heading\"><a href=\"https:\/\/www.youtube.com\/playlist?list=PLOAUQxYLXi7y4dLEoCGt-kMBfIAdsq7QZ\">Videos fr\u00e5n arrangemanget<\/a><\/h2>\n\n\n\n<h2 class=\"wp-block-heading\">F\u00f6r mer info klicka p\u00e5 bilden<\/h2>\n\n\n\n<h2 class=\"wp-block-heading has-text-align-center\">_____________________________________<\/h2>\n\n\n\n<figure class=\"wp-block-image size-large is-resized\"><a href=\"https:\/\/www.dustyroadblues.se\/?page_id=6444\"><img loading=\"lazy\" decoding=\"async\" width=\"724\" height=\"1024\" src=\"http:\/\/www.dustyroadblues.se\/wp-content\/uploads\/2025\/02\/Slap-Back-Joe-affisch-sida001-724x1024.png\" alt=\"\" class=\"wp-image-6493\" style=\"width:837px;height:auto\" srcset=\"https:\/\/www.dustyroadblues.se\/wp-content\/uploads\/2025\/02\/Slap-Back-Joe-affisch-sida001-724x1024.png 724w, https:\/\/www.dustyroadblues.se\/wp-content\/uploads\/2025\/02\/Slap-Back-Joe-affisch-sida001-212x300.png 212w, https:\/\/www.dustyroadblues.se\/wp-content\/uploads\/2025\/02\/Slap-Back-Joe-affisch-sida001-768x1086.png 768w, https:\/\/www.dustyroadblues.se\/wp-content\/uploads\/2025\/02\/Slap-Back-Joe-affisch-sida001-1086x1536.png 1086w, https:\/\/www.dustyroadblues.se\/wp-content\/uploads\/2025\/02\/Slap-Back-Joe-affisch-sida001-1448x2048.png 1448w\" sizes=\"auto, (max-width: 724px) 100vw, 724px\" \/><\/a><\/figure>\n\n\n\n<h2 class=\"wp-block-heading\"><a href=\"https:\/\/www.youtube.com\/watch?v=Vd7BJdrOjRU&amp;list=PLOAUQxYLXi7wDOk3jmyTrXCgcvNhkithf\">Videos fr\u00e5n arrangemanget<\/a><\/h2>\n\n\n\n<h2 class=\"wp-block-heading\">F\u00f6r mer info klicka p\u00e5 bilden<\/h2>\n\n\n\n<h1 class=\"wp-block-heading has-text-align-center\">_________________________<\/h1>\n\n\n\n<figure class=\"wp-block-image size-large is-resized\"><a href=\"https:\/\/www.dustyroadblues.se\/?page_id=6581\"><img loading=\"lazy\" decoding=\"async\" width=\"724\" height=\"1024\" src=\"https:\/\/www.dustyroadblues.se\/wp-content\/uploads\/2025\/04\/Affisch-Jam-12-april-2025-b-sida001-724x1024.png\" alt=\"\" class=\"wp-image-6595\" style=\"width:840px;height:auto\" srcset=\"https:\/\/www.dustyroadblues.se\/wp-content\/uploads\/2025\/04\/Affisch-Jam-12-april-2025-b-sida001-724x1024.png 724w, https:\/\/www.dustyroadblues.se\/wp-content\/uploads\/2025\/04\/Affisch-Jam-12-april-2025-b-sida001-212x300.png 212w, https:\/\/www.dustyroadblues.se\/wp-content\/uploads\/2025\/04\/Affisch-Jam-12-april-2025-b-sida001-768x1086.png 768w, https:\/\/www.dustyroadblues.se\/wp-content\/uploads\/2025\/04\/Affisch-Jam-12-april-2025-b-sida001-1086x1536.png 1086w, https:\/\/www.dustyroadblues.se\/wp-content\/uploads\/2025\/04\/Affisch-Jam-12-april-2025-b-sida001-1448x2048.png 1448w\" sizes=\"auto, (max-width: 724px) 100vw, 724px\" \/><\/a><\/figure>\n\n\n\n<h2 class=\"wp-block-heading\">F\u00f6r mer info klicka p\u00e5 bilden<\/h2>\n\n\n\n<h1 class=\"wp-block-heading has-text-align-center\">_________________________<\/h1>\n\n\n\n<figure class=\"wp-block-image size-large is-resized\"><a href=\"https:\/\/www.dustyroadblues.se\/?page_id=6400\"><img loading=\"lazy\" decoding=\"async\" width=\"724\" height=\"1024\" src=\"https:\/\/www.dustyroadblues.se\/wp-content\/uploads\/2025\/03\/Midnigth-Skinny-sida001-1-724x1024.png\" alt=\"\" class=\"wp-image-6576\" style=\"width:840px;height:auto\" srcset=\"https:\/\/www.dustyroadblues.se\/wp-content\/uploads\/2025\/03\/Midnigth-Skinny-sida001-1-724x1024.png 724w, https:\/\/www.dustyroadblues.se\/wp-content\/uploads\/2025\/03\/Midnigth-Skinny-sida001-1-212x300.png 212w, https:\/\/www.dustyroadblues.se\/wp-content\/uploads\/2025\/03\/Midnigth-Skinny-sida001-1-768x1086.png 768w, https:\/\/www.dustyroadblues.se\/wp-content\/uploads\/2025\/03\/Midnigth-Skinny-sida001-1-1086x1536.png 1086w, https:\/\/www.dustyroadblues.se\/wp-content\/uploads\/2025\/03\/Midnigth-Skinny-sida001-1-1448x2048.png 1448w\" sizes=\"auto, (max-width: 724px) 100vw, 724px\" \/><\/a><\/figure>\n\n\n\n<h2 class=\"wp-block-heading\"><a href=\"https:\/\/www.youtube.com\/watch?v=ZAo69TrHgOQ&amp;list=PLOAUQxYLXi7yHifbVjVR69mOx5a6A2rwL\">Videos fr\u00e5n arrangemanget<\/a><\/h2>\n\n\n\n<h2 class=\"wp-block-heading has-text-align-left\">F\u00f6r mer info klicka p\u00e5 bilden<\/h2>\n\n\n\n<h1 class=\"wp-block-heading has-text-align-center\">_________________________<\/h1>\n\n\n\n<figure class=\"wp-block-image size-large is-resized\"><a href=\"https:\/\/www.dustyroadblues.se\/?page_id=6439\"><img loading=\"lazy\" decoding=\"async\" width=\"724\" height=\"1024\" src=\"http:\/\/www.dustyroadblues.se\/wp-content\/uploads\/2025\/04\/Freddy-Nystrom-Band-Affisch-724x1024.jpg\" alt=\"\" class=\"wp-image-6598\" style=\"width:840px;height:auto\" srcset=\"https:\/\/www.dustyroadblues.se\/wp-content\/uploads\/2025\/04\/Freddy-Nystrom-Band-Affisch-724x1024.jpg 724w, https:\/\/www.dustyroadblues.se\/wp-content\/uploads\/2025\/04\/Freddy-Nystrom-Band-Affisch-212x300.jpg 212w, https:\/\/www.dustyroadblues.se\/wp-content\/uploads\/2025\/04\/Freddy-Nystrom-Band-Affisch-768x1086.jpg 768w, https:\/\/www.dustyroadblues.se\/wp-content\/uploads\/2025\/04\/Freddy-Nystrom-Band-Affisch-1086x1536.jpg 1086w, https:\/\/www.dustyroadblues.se\/wp-content\/uploads\/2025\/04\/Freddy-Nystrom-Band-Affisch-1448x2048.jpg 1448w, https:\/\/www.dustyroadblues.se\/wp-content\/uploads\/2025\/04\/Freddy-Nystrom-Band-Affisch-scaled.jpg 1810w\" sizes=\"auto, (max-width: 724px) 100vw, 724px\" \/><\/a><\/figure>\n\n\n\n<h2 class=\"wp-block-heading\">F\u00f6r mer info klicka p\u00e5 bilden<\/h2>\n\n\n\n<h2 class=\"wp-block-heading\"><a href=\"https:\/\/www.youtube.com\/playlist?list=PLOAUQxYLXi7z_e2aJyH9FpVZGM_zr4Q4s\">Videos fr\u00e5n arrangemanget<\/a><\/h2>\n\n\n\n<h1 class=\"wp-block-heading has-text-align-center\">_________________________<\/h1>\n\n\n\n<h1 class=\"wp-block-heading\"><strong>BLUESMUSIK P\u00c5 LANDSBYGDEN 18 MAJ<\/strong><\/h1>\n\n\n\n<figure class=\"wp-block-image size-full\"><a href=\"https:\/\/www.dustyroadblues.se\/wp-content\/uploads\/2024\/01\/Blues-pa-bygda-2.jpg\"><img loading=\"lazy\" decoding=\"async\" width=\"927\" height=\"828\" src=\"https:\/\/www.dustyroadblues.se\/wp-content\/uploads\/2024\/01\/Blues-pa-bygda-2.jpg\" alt=\"\" class=\"wp-image-6693\" srcset=\"https:\/\/www.dustyroadblues.se\/wp-content\/uploads\/2024\/01\/Blues-pa-bygda-2.jpg 927w, https:\/\/www.dustyroadblues.se\/wp-content\/uploads\/2024\/01\/Blues-pa-bygda-2-300x268.jpg 300w, https:\/\/www.dustyroadblues.se\/wp-content\/uploads\/2024\/01\/Blues-pa-bygda-2-768x686.jpg 768w\" sizes=\"auto, (max-width: 927px) 100vw, 927px\" \/><\/a><figcaption class=\"wp-element-caption\">Spelningen p\u00e5 Kvarnen iV\u00e4ttak. Bilm\u00e4rket Tidaholm byggda p\u00e5 1920-talet<\/figcaption><\/figure>\n\n\n\n<h2 class=\"wp-block-heading\"><strong>Dusty Road Blues i samarbete Tidaholms Hembygdsf\u00f6rening, Bilgruppen, bes\u00f6kte sex landsortsf\u00f6reningar p\u00e5 s\u00f6ndagen.<\/strong><\/h2>\n\n\n\n<h2 class=\"wp-block-heading\">Vulturnecks som satt p\u00e5 lastbilsflaket spelade bluesmusik de komponerat sj\u00e4lva. Tre av bilgruppens fordon visade upp sig. De p\u00e5minner om delar av den historia som lade grunden f\u00f6r Tidaholm. Fordonen visar ocks\u00e5 prov p\u00e5 vad idogt arbete, kunnande och \u00e5tervinning kan \u00e5stadkomma.<\/h2>\n\n\n\n<h1 class=\"wp-block-heading has-text-align-center\">_________________________<\/h1>\n\n\n\n<figure class=\"wp-block-image size-large is-resized\"><a href=\"https:\/\/www.dustyroadblues.se\/?page_id=6723\"><img loading=\"lazy\" decoding=\"async\" width=\"724\" height=\"1024\" src=\"http:\/\/www.dustyroadblues.se\/wp-content\/uploads\/2024\/01\/Affisch-Jam-23-aug-2025-sida001-1-724x1024.png\" alt=\"\" class=\"wp-image-6714\" style=\"width:840px;height:auto\" srcset=\"https:\/\/www.dustyroadblues.se\/wp-content\/uploads\/2024\/01\/Affisch-Jam-23-aug-2025-sida001-1-724x1024.png 724w, https:\/\/www.dustyroadblues.se\/wp-content\/uploads\/2024\/01\/Affisch-Jam-23-aug-2025-sida001-1-212x300.png 212w, https:\/\/www.dustyroadblues.se\/wp-content\/uploads\/2024\/01\/Affisch-Jam-23-aug-2025-sida001-1-768x1086.png 768w, https:\/\/www.dustyroadblues.se\/wp-content\/uploads\/2024\/01\/Affisch-Jam-23-aug-2025-sida001-1-1086x1536.png 1086w, https:\/\/www.dustyroadblues.se\/wp-content\/uploads\/2024\/01\/Affisch-Jam-23-aug-2025-sida001-1-1448x2048.png 1448w\" sizes=\"auto, (max-width: 724px) 100vw, 724px\" \/><\/a><\/figure>\n\n\n\n<h1 class=\"wp-block-heading has-text-align-center\">_________________________<\/h1>\n\n\n\n<figure class=\"wp-block-image size-large is-resized\"><a href=\"http:\/\/www.dustyroadblues.se\/wp-content\/uploads\/2024\/01\/Affisch-Fredrik-Puritanerna-sida001-2.png\"><img loading=\"lazy\" decoding=\"async\" width=\"724\" height=\"1024\" src=\"http:\/\/www.dustyroadblues.se\/wp-content\/uploads\/2024\/01\/Affisch-Fredrik-Puritanerna-sida001-2-724x1024.png\" alt=\"\" class=\"wp-image-6740\" style=\"width:840px;height:auto\" srcset=\"https:\/\/www.dustyroadblues.se\/wp-content\/uploads\/2024\/01\/Affisch-Fredrik-Puritanerna-sida001-2-724x1024.png 724w, https:\/\/www.dustyroadblues.se\/wp-content\/uploads\/2024\/01\/Affisch-Fredrik-Puritanerna-sida001-2-212x300.png 212w, https:\/\/www.dustyroadblues.se\/wp-content\/uploads\/2024\/01\/Affisch-Fredrik-Puritanerna-sida001-2-768x1086.png 768w, https:\/\/www.dustyroadblues.se\/wp-content\/uploads\/2024\/01\/Affisch-Fredrik-Puritanerna-sida001-2-1086x1536.png 1086w, https:\/\/www.dustyroadblues.se\/wp-content\/uploads\/2024\/01\/Affisch-Fredrik-Puritanerna-sida001-2-1448x2048.png 1448w\" sizes=\"auto, (max-width: 724px) 100vw, 724px\" \/><\/a><\/figure>\n\n\n\n<h2 class=\"wp-block-heading\"><a href=\"https:\/\/www.dustyroadblues.se\/?page_id=6732\">Mer info<\/a><\/h2>\n\n\n\n<h2 class=\"wp-block-heading\"><a href=\"https:\/\/www.youtube.com\/watch?v=7qHsim3N6LM&amp;list=PLOAUQxYLXi7zNKM_O0MwscJb1ZyvM6u8M\">Videor<\/a><\/h2>\n\n\n\n<h1 class=\"wp-block-heading has-text-align-center\">_________________________<\/h1>\n\n\n\n<figure class=\"wp-block-image size-large is-resized\"><a href=\"http:\/\/www.dustyroadblues.se\/wp-content\/uploads\/2024\/01\/The-Black-Flakes-sida001-2.png\"><img loading=\"lazy\" decoding=\"async\" width=\"724\" height=\"1024\" src=\"http:\/\/www.dustyroadblues.se\/wp-content\/uploads\/2024\/01\/The-Black-Flakes-sida001-2-724x1024.png\" alt=\"\" class=\"wp-image-6764\" style=\"width:840px;height:auto\" srcset=\"https:\/\/www.dustyroadblues.se\/wp-content\/uploads\/2024\/01\/The-Black-Flakes-sida001-2-724x1024.png 724w, https:\/\/www.dustyroadblues.se\/wp-content\/uploads\/2024\/01\/The-Black-Flakes-sida001-2-212x300.png 212w, https:\/\/www.dustyroadblues.se\/wp-content\/uploads\/2024\/01\/The-Black-Flakes-sida001-2-768x1086.png 768w, https:\/\/www.dustyroadblues.se\/wp-content\/uploads\/2024\/01\/The-Black-Flakes-sida001-2-1086x1536.png 1086w, https:\/\/www.dustyroadblues.se\/wp-content\/uploads\/2024\/01\/The-Black-Flakes-sida001-2-1448x2048.png 1448w\" sizes=\"auto, (max-width: 724px) 100vw, 724px\" \/><\/a><\/figure>\n\n\n\n<h2 class=\"wp-block-heading\"><a href=\"https:\/\/www.dustyroadblues.se\/?page_id=6749\">Mer info<\/a><\/h2>\n\n\n\n<h2 class=\"wp-block-heading\"><a href=\"https:\/\/www.youtube.com\/watch?v=MdQw8AMv1sg&amp;list=PLOAUQxYLXi7w146tvA_eU_bZzvQuGA4lf&amp;index=5\">Videor<\/a><\/h2>\n\n\n\n<h1 class=\"wp-block-heading has-text-align-center\">_________________________<\/h1>\n\n\n\n<figure class=\"wp-block-image size-large\"><a href=\"http:\/\/www.dustyroadblues.se\/wp-content\/uploads\/2024\/01\/Karin-Doktor-Blues-sida001.png\"><img loading=\"lazy\" decoding=\"async\" width=\"1024\" height=\"724\" src=\"http:\/\/www.dustyroadblues.se\/wp-content\/uploads\/2024\/01\/Karin-Doktor-Blues-sida001-1024x724.png\" alt=\"\" class=\"wp-image-6812\" srcset=\"https:\/\/www.dustyroadblues.se\/wp-content\/uploads\/2024\/01\/Karin-Doktor-Blues-sida001-1024x724.png 1024w, https:\/\/www.dustyroadblues.se\/wp-content\/uploads\/2024\/01\/Karin-Doktor-Blues-sida001-300x212.png 300w, https:\/\/www.dustyroadblues.se\/wp-content\/uploads\/2024\/01\/Karin-Doktor-Blues-sida001-768x543.png 768w, https:\/\/www.dustyroadblues.se\/wp-content\/uploads\/2024\/01\/Karin-Doktor-Blues-sida001-1536x1086.png 1536w, https:\/\/www.dustyroadblues.se\/wp-content\/uploads\/2024\/01\/Karin-Doktor-Blues-sida001-2048x1448.png 2048w\" sizes=\"auto, (max-width: 1024px) 100vw, 1024px\" \/><\/a><\/figure>\n\n\n\n<h2 class=\"wp-block-heading\"><a href=\"https:\/\/www.dustyroadblues.se\/?page_id=6806\">Mer info<\/a><\/h2>\n\n\n\n<h2 class=\"wp-block-heading\"><a href=\"https:\/\/www.youtube.com\/playlist?list=PLOAUQxYLXi7zBCZwJrQ_cnxgd7hjm3w8v\">Videor<\/a><\/h2>\n\n\n\n<h1 class=\"wp-block-heading has-text-align-center\">_________________________<\/h1>\n\n\n\n<figure class=\"wp-block-image size-large\"><a href=\"http:\/\/www.dustyroadblues.se\/wp-content\/uploads\/2024\/01\/Bottleneck-John-Affisch.png\"><img loading=\"lazy\" decoding=\"async\" width=\"1024\" height=\"724\" src=\"http:\/\/www.dustyroadblues.se\/wp-content\/uploads\/2024\/01\/Bottleneck-John-Affisch-1024x724.png\" alt=\"\" class=\"wp-image-6836\" srcset=\"https:\/\/www.dustyroadblues.se\/wp-content\/uploads\/2024\/01\/Bottleneck-John-Affisch-1024x724.png 1024w, https:\/\/www.dustyroadblues.se\/wp-content\/uploads\/2024\/01\/Bottleneck-John-Affisch-300x212.png 300w, https:\/\/www.dustyroadblues.se\/wp-content\/uploads\/2024\/01\/Bottleneck-John-Affisch-768x543.png 768w, https:\/\/www.dustyroadblues.se\/wp-content\/uploads\/2024\/01\/Bottleneck-John-Affisch-1536x1086.png 1536w, https:\/\/www.dustyroadblues.se\/wp-content\/uploads\/2024\/01\/Bottleneck-John-Affisch-2048x1448.png 2048w\" sizes=\"auto, (max-width: 1024px) 100vw, 1024px\" \/><\/a><\/figure>\n\n\n\n<h2 class=\"wp-block-heading\"><a href=\"http:\/\/www.dustyroadblues.se\/?page_id=6834\">Mer info<\/a><\/h2>\n\n\n\n<h2 class=\"wp-block-heading\"><a href=\"https:\/\/www.youtube.com\/watch?v=Etrwo4PvAjs&amp;list=PLOAUQxYLXi7zU_fLakswxFRI1RssiQw11\">Videor<\/a><\/h2>\n\n\n\n<h1 class=\"wp-block-heading has-text-align-center\">_________________________<\/h1>\n\n\n\n<figure class=\"wp-block-image size-large\"><a href=\"http:\/\/www.dustyroadblues.se\/wp-content\/uploads\/2024\/01\/Hostkurs-sida001.png\"><img loading=\"lazy\" decoding=\"async\" width=\"1024\" height=\"724\" src=\"http:\/\/www.dustyroadblues.se\/wp-content\/uploads\/2024\/01\/Hostkurs-sida001-1024x724.png\" alt=\"\" class=\"wp-image-6821\" srcset=\"https:\/\/www.dustyroadblues.se\/wp-content\/uploads\/2024\/01\/Hostkurs-sida001-1024x724.png 1024w, https:\/\/www.dustyroadblues.se\/wp-content\/uploads\/2024\/01\/Hostkurs-sida001-300x212.png 300w, https:\/\/www.dustyroadblues.se\/wp-content\/uploads\/2024\/01\/Hostkurs-sida001-768x543.png 768w, https:\/\/www.dustyroadblues.se\/wp-content\/uploads\/2024\/01\/Hostkurs-sida001-1536x1086.png 1536w, https:\/\/www.dustyroadblues.se\/wp-content\/uploads\/2024\/01\/Hostkurs-sida001-2048x1448.png 2048w\" sizes=\"auto, (max-width: 1024px) 100vw, 1024px\" \/><\/a><\/figure>\n\n\n\n<h1 class=\"wp-block-heading has-text-align-center\">_________________________<\/h1>\n\n\n\n<figure class=\"wp-block-image size-large is-resized\"><a href=\"http:\/\/www.dustyroadblues.se\/wp-content\/uploads\/2024\/01\/Jam-8-nov-2025.png\"><img loading=\"lazy\" decoding=\"async\" width=\"724\" height=\"1024\" src=\"http:\/\/www.dustyroadblues.se\/wp-content\/uploads\/2024\/01\/Jam-8-nov-2025-724x1024.png\" alt=\"\" class=\"wp-image-6868\" style=\"width:840px;height:auto\" srcset=\"https:\/\/www.dustyroadblues.se\/wp-content\/uploads\/2024\/01\/Jam-8-nov-2025-724x1024.png 724w, https:\/\/www.dustyroadblues.se\/wp-content\/uploads\/2024\/01\/Jam-8-nov-2025-212x300.png 212w, https:\/\/www.dustyroadblues.se\/wp-content\/uploads\/2024\/01\/Jam-8-nov-2025-768x1086.png 768w, https:\/\/www.dustyroadblues.se\/wp-content\/uploads\/2024\/01\/Jam-8-nov-2025-1086x1536.png 1086w, https:\/\/www.dustyroadblues.se\/wp-content\/uploads\/2024\/01\/Jam-8-nov-2025-1448x2048.png 1448w\" sizes=\"auto, (max-width: 724px) 100vw, 724px\" \/><\/a><\/figure>\n\n\n\n<h1 class=\"wp-block-heading has-text-align-center\">_________________________<\/h1>\n\n\n\n<figure class=\"wp-block-image size-large is-resized\"><a href=\"http:\/\/www.dustyroadblues.se\/wp-content\/uploads\/2024\/01\/Eva-affisch-sida001.png\"><img loading=\"lazy\" decoding=\"async\" width=\"724\" height=\"1024\" src=\"http:\/\/www.dustyroadblues.se\/wp-content\/uploads\/2024\/01\/Eva-affisch-sida001-724x1024.png\" alt=\"\" class=\"wp-image-6896\" style=\"width:840px;height:auto\" srcset=\"https:\/\/www.dustyroadblues.se\/wp-content\/uploads\/2024\/01\/Eva-affisch-sida001-724x1024.png 724w, https:\/\/www.dustyroadblues.se\/wp-content\/uploads\/2024\/01\/Eva-affisch-sida001-212x300.png 212w, https:\/\/www.dustyroadblues.se\/wp-content\/uploads\/2024\/01\/Eva-affisch-sida001-768x1086.png 768w, https:\/\/www.dustyroadblues.se\/wp-content\/uploads\/2024\/01\/Eva-affisch-sida001-1086x1536.png 1086w, https:\/\/www.dustyroadblues.se\/wp-content\/uploads\/2024\/01\/Eva-affisch-sida001-1448x2048.png 1448w\" sizes=\"auto, (max-width: 724px) 100vw, 724px\" \/><\/a><\/figure>\n\n\n\n<h2 class=\"wp-block-heading\"><a href=\"https:\/\/www.dustyroadblues.se\/?page_id=6891\">Mer info<\/a><\/h2>\n\n\n\n<h2 class=\"wp-block-heading\"><a href=\"https:\/\/www.youtube.com\/watch?v=DxI-YIi5L8M\">Videor<\/a><\/h2>\n\n\n\n<h1 class=\"wp-block-heading has-text-align-center\">_________________________<\/h1>\n\n\n\n<p><\/p>\n<p><\/p>","protected":false},"excerpt":{"rendered":"<p>_________________________ F\u00f6r mer info klicka p\u00e5 bilden _____________________________________ Videos fr\u00e5n arrangemanget F\u00f6r mer info klicka p\u00e5 bilden _________________________ Videos fr\u00e5n arrangemanget F\u00f6r mer info klicka p\u00e5 bilden _____________________________________ Videos fr\u00e5n arrangemanget F\u00f6r mer info klicka p\u00e5 bilden _________________________ F\u00f6r mer &hellip; <a href=\"https:\/\/www.dustyroadblues.se\/?page_id=6345\">L\u00e4s mer <span class=\"meta-nav\">&rarr;<\/span><\/a><\/p>\n","protected":false},"author":6,"featured_media":0,"parent":0,"menu_order":0,"comment_status":"closed","ping_status":"closed","template":"","meta":{"om_disable_all_campaigns":false,"_monsterinsights_skip_tracking":false,"_monsterinsights_sitenote_active":false,"_monsterinsights_sitenote_note":"","_monsterinsights_sitenote_category":0,"_uf_show_specific_survey":0,"_uf_disable_surveys":false,"footnotes":""},"class_list":["post-6345","page","type-page","status-publish","hentry"],"_links":{"self":[{"href":"https:\/\/www.dustyroadblues.se\/index.php?rest_route=\/wp\/v2\/pages\/6345","targetHints":{"allow":["GET"]}}],"collection":[{"href":"https:\/\/www.dustyroadblues.se\/index.php?rest_route=\/wp\/v2\/pages"}],"about":[{"href":"https:\/\/www.dustyroadblues.se\/index.php?rest_route=\/wp\/v2\/types\/page"}],"author":[{"embeddable":true,"href":"https:\/\/www.dustyroadblues.se\/index.php?rest_route=\/wp\/v2\/users\/6"}],"replies":[{"embeddable":true,"href":"https:\/\/www.dustyroadblues.se\/index.php?rest_route=%2Fwp%2Fv2%2Fcomments&post=6345"}],"version-history":[{"count":34,"href":"https:\/\/www.dustyroadblues.se\/index.php?rest_route=\/wp\/v2\/pages\/6345\/revisions"}],"predecessor-version":[{"id":7100,"href":"https:\/\/www.dustyroadblues.se\/index.php?rest_route=\/wp\/v2\/pages\/6345\/revisions\/7100"}],"wp:attachment":[{"href":"https:\/\/www.dustyroadblues.se\/index.php?rest_route=%2Fwp%2Fv2%2Fmedia&parent=6345"}],"curies":[{"name":"wp","href":"https:\/\/api.w.org\/{rel}","templated":true}]}}