{"id":6363,"date":"2025-01-20T22:59:13","date_gmt":"2025-01-20T20:59:13","guid":{"rendered":"https:\/\/www.dustyroadblues.se\/?page_id=6363"},"modified":"2025-01-20T23:31:07","modified_gmt":"2025-01-20T21:31:07","slug":"yellow-cats","status":"publish","type":"page","link":"https:\/\/www.dustyroadblues.se\/?page_id=6363","title":{"rendered":"Yellow Cats"},"content":{"rendered":"\n<figure class=\"wp-block-image size-large\"><a href=\"https:\/\/www.dustyroadblues.se\/wp-content\/uploads\/2025\/01\/Yellow-Cats-scaled.jpg\"><img loading=\"lazy\" decoding=\"async\" width=\"847\" height=\"1024\" src=\"https:\/\/www.dustyroadblues.se\/wp-content\/uploads\/2025\/01\/Yellow-Cats-847x1024.jpg\" alt=\"\" class=\"wp-image-6364\" srcset=\"https:\/\/www.dustyroadblues.se\/wp-content\/uploads\/2025\/01\/Yellow-Cats-847x1024.jpg 847w, https:\/\/www.dustyroadblues.se\/wp-content\/uploads\/2025\/01\/Yellow-Cats-248x300.jpg 248w, https:\/\/www.dustyroadblues.se\/wp-content\/uploads\/2025\/01\/Yellow-Cats-768x929.jpg 768w, https:\/\/www.dustyroadblues.se\/wp-content\/uploads\/2025\/01\/Yellow-Cats-1270x1536.jpg 1270w, https:\/\/www.dustyroadblues.se\/wp-content\/uploads\/2025\/01\/Yellow-Cats-1694x2048.jpg 1694w\" sizes=\"auto, (max-width: 847px) 100vw, 847px\" \/><\/a><\/figure>\n\n\n\n<h1 class=\"wp-block-heading\"><strong>Bandet har h\u00e5llt ihop sedan 1993 med samma medlemmar alla \u00e5r. Dom \u00e4r alla f\u00f6dda och uppv\u00e4xta i och runt Tidaholm och spelat i olika konstelationer och band under 80-talet.<\/strong><\/h1>\n\n\n\n<h2 class=\"wp-block-heading\">Bandet spelar i huvudsak Rockabilly (50 tals musik) och lite country. Det \u00e4r mestadels covers med n\u00e5gra inslag av eget material. Bandets spelningar har genom \u00e5ren varit fr\u00e5n stora Festivaler till br\u00f6llop och f\u00f6delsedagskalas och m\u00e5nga Raggarg\u00e5rdar.<\/h2>\n\n\n\n<h2 class=\"wp-block-heading\">Bandet best\u00e5r av:<\/h2>\n\n\n\n<h2 class=\"wp-block-heading\">Klas Henriksson , St\u00e5bas Leads\u00e5ng<\/h2>\n\n\n\n<h2 class=\"wp-block-heading\">Anders Henriksson Trummor S\u00e5ng<\/h2>\n\n\n\n<h2 class=\"wp-block-heading\">J\u00f6rgen Karlsson Gitarr S\u00e5ng<\/h2>\n\n\n\n<h2 class=\"wp-block-heading\">Dom har genom \u00e5ren backat upp m\u00e5nga storheter d\u00e5 de varit p\u00e5 sverigebes\u00f6k:<\/h2>\n\n\n\n<h2 class=\"wp-block-heading\">Linda Gail Lewis, Sleepy La Beef och Jonny Carrol och \u00e4ven spelat med ett flertal svenska artister som Svenne Hedlund, Rock Ragge, Kenneth Svanstr\u00f6m, Jan Rohde, Rockande Samen, Rock Olga mm<\/h2>\n\n\n\n<h1 class=\"wp-block-heading\"><strong><em>\u201dVi har h\u00e5llt p\u00e5 f\u00f6r l\u00e4nge f\u00f6r att sluta spela\u201d<\/em><\/strong><\/h1>\n<p><\/p>","protected":false},"excerpt":{"rendered":"<p>Bandet har h\u00e5llt ihop sedan 1993 med samma medlemmar alla \u00e5r. Dom \u00e4r alla f\u00f6dda och uppv\u00e4xta i och runt Tidaholm och spelat i olika konstelationer och band under 80-talet. Bandet spelar i huvudsak Rockabilly (50 tals musik) och lite &hellip; <a href=\"https:\/\/www.dustyroadblues.se\/?page_id=6363\">L\u00e4s mer <span class=\"meta-nav\">&rarr;<\/span><\/a><\/p>\n","protected":false},"author":6,"featured_media":0,"parent":0,"menu_order":0,"comment_status":"closed","ping_status":"closed","template":"","meta":{"om_disable_all_campaigns":false,"_monsterinsights_skip_tracking":false,"_monsterinsights_sitenote_active":false,"_monsterinsights_sitenote_note":"","_monsterinsights_sitenote_category":0,"_uf_show_specific_survey":0,"_uf_disable_surveys":false,"footnotes":""},"class_list":["post-6363","page","type-page","status-publish","hentry"],"_links":{"self":[{"href":"https:\/\/www.dustyroadblues.se\/index.php?rest_route=\/wp\/v2\/pages\/6363","targetHints":{"allow":["GET"]}}],"collection":[{"href":"https:\/\/www.dustyroadblues.se\/index.php?rest_route=\/wp\/v2\/pages"}],"about":[{"href":"https:\/\/www.dustyroadblues.se\/index.php?rest_route=\/wp\/v2\/types\/page"}],"author":[{"embeddable":true,"href":"https:\/\/www.dustyroadblues.se\/index.php?rest_route=\/wp\/v2\/users\/6"}],"replies":[{"embeddable":true,"href":"https:\/\/www.dustyroadblues.se\/index.php?rest_route=%2Fwp%2Fv2%2Fcomments&post=6363"}],"version-history":[{"count":4,"href":"https:\/\/www.dustyroadblues.se\/index.php?rest_route=\/wp\/v2\/pages\/6363\/revisions"}],"predecessor-version":[{"id":6376,"href":"https:\/\/www.dustyroadblues.se\/index.php?rest_route=\/wp\/v2\/pages\/6363\/revisions\/6376"}],"wp:attachment":[{"href":"https:\/\/www.dustyroadblues.se\/index.php?rest_route=%2Fwp%2Fv2%2Fmedia&parent=6363"}],"curies":[{"name":"wp","href":"https:\/\/api.w.org\/{rel}","templated":true}]}}