{"id":6420,"date":"2025-01-28T12:26:45","date_gmt":"2025-01-28T10:26:45","guid":{"rendered":"https:\/\/www.dustyroadblues.se\/?page_id=6420"},"modified":"2025-01-28T15:10:14","modified_gmt":"2025-01-28T13:10:14","slug":"arsmote-2025","status":"publish","type":"page","link":"https:\/\/www.dustyroadblues.se\/?page_id=6420","title":{"rendered":"\u00c5rsm\u00f6te 2025"},"content":{"rendered":"\n<h2 class=\"wp-block-heading\"><a href=\"http:\/\/www.dustyroadblues.se\/wp-content\/uploads\/2025\/01\/Dagordning-DRB-arsmote-20250211.pdf\">Dagordning<\/a><\/h2>\n\n\n\n<h2 class=\"wp-block-heading\"><a href=\"http:\/\/www.dustyroadblues.se\/wp-content\/uploads\/2025\/01\/Arsberattelse-2024-Dusty-Road-Blues.pdf\">\u00c5rsber\u00e4ttelse<\/a><\/h2>\n\n\n\n<h2 class=\"wp-block-heading\"><a href=\"http:\/\/www.dustyroadblues.se\/wp-content\/uploads\/2025\/01\/Verksamhetsplan-2025.pdf\">Verksomhetsplan<\/a><\/h2>\n\n\n\n<h2 class=\"wp-block-heading\">Valf\u00f6rberedningens f\u00f6rslag<\/h2>\n\n\n\n<h2 class=\"wp-block-heading\"><a href=\"http:\/\/www.dustyroadblues.se\/wp-content\/uploads\/2025\/01\/Balansrakning.pdf\">Balansr\u00e4kning<\/a><\/h2>\n\n\n\n<h2 class=\"wp-block-heading\"><a href=\"http:\/\/www.dustyroadblues.se\/wp-content\/uploads\/2025\/01\/Kapitas-Resultatrakning.pdf\">Resultatr\u00e4kning<\/a><\/h2>\n\n\n\n<h2 class=\"wp-block-heading\"><a href=\"http:\/\/www.dustyroadblues.se\/wp-content\/uploads\/2025\/01\/Revisionsberattelse-DRB-250119.pdf\">Revisjonsber\u00e4ttelse<\/a><\/h2>\n\n\n\n<h2 class=\"wp-block-heading\"><a href=\"http:\/\/www.dustyroadblues.se\/wp-content\/uploads\/2025\/01\/Budget-for-verksamhetsaret-2025-DRB.pdf\">Budget f\u00f6r verksomhets\u00e5ret 2024<\/a><\/h2>\n<p><\/p>","protected":false},"excerpt":{"rendered":"<p>Dagordning \u00c5rsber\u00e4ttelse Verksomhetsplan Valf\u00f6rberedningens f\u00f6rslag Balansr\u00e4kning Resultatr\u00e4kning Revisjonsber\u00e4ttelse Budget f\u00f6r verksomhets\u00e5ret 2024<\/p>\n","protected":false},"author":6,"featured_media":0,"parent":0,"menu_order":0,"comment_status":"closed","ping_status":"closed","template":"","meta":{"om_disable_all_campaigns":false,"_monsterinsights_skip_tracking":false,"_monsterinsights_sitenote_active":false,"_monsterinsights_sitenote_note":"","_monsterinsights_sitenote_category":0,"_uf_show_specific_survey":0,"_uf_disable_surveys":false,"footnotes":""},"class_list":["post-6420","page","type-page","status-publish","hentry"],"_links":{"self":[{"href":"https:\/\/www.dustyroadblues.se\/index.php?rest_route=\/wp\/v2\/pages\/6420","targetHints":{"allow":["GET"]}}],"collection":[{"href":"https:\/\/www.dustyroadblues.se\/index.php?rest_route=\/wp\/v2\/pages"}],"about":[{"href":"https:\/\/www.dustyroadblues.se\/index.php?rest_route=\/wp\/v2\/types\/page"}],"author":[{"embeddable":true,"href":"https:\/\/www.dustyroadblues.se\/index.php?rest_route=\/wp\/v2\/users\/6"}],"replies":[{"embeddable":true,"href":"https:\/\/www.dustyroadblues.se\/index.php?rest_route=%2Fwp%2Fv2%2Fcomments&post=6420"}],"version-history":[{"count":2,"href":"https:\/\/www.dustyroadblues.se\/index.php?rest_route=\/wp\/v2\/pages\/6420\/revisions"}],"predecessor-version":[{"id":6433,"href":"https:\/\/www.dustyroadblues.se\/index.php?rest_route=\/wp\/v2\/pages\/6420\/revisions\/6433"}],"wp:attachment":[{"href":"https:\/\/www.dustyroadblues.se\/index.php?rest_route=%2Fwp%2Fv2%2Fmedia&parent=6420"}],"curies":[{"name":"wp","href":"https:\/\/api.w.org\/{rel}","templated":true}]}}