{"id":6439,"date":"2025-01-28T23:15:36","date_gmt":"2025-01-28T21:15:36","guid":{"rendered":"https:\/\/www.dustyroadblues.se\/?page_id=6439"},"modified":"2025-01-28T23:23:37","modified_gmt":"2025-01-28T21:23:37","slug":"freddie-nystrom-band","status":"publish","type":"page","link":"https:\/\/www.dustyroadblues.se\/?page_id=6439","title":{"rendered":"Freddie Nystr\u00f6m Band"},"content":{"rendered":"\n<figure class=\"wp-block-image size-large\"><a href=\"http:\/\/www.dustyroadblues.se\/wp-content\/uploads\/2025\/01\/Freddie-Nystrom-Band.jpg\"><img loading=\"lazy\" decoding=\"async\" width=\"1024\" height=\"724\" src=\"http:\/\/www.dustyroadblues.se\/wp-content\/uploads\/2025\/01\/Freddie-Nystrom-Band-1024x724.jpg\" alt=\"\" class=\"wp-image-6436\" srcset=\"https:\/\/www.dustyroadblues.se\/wp-content\/uploads\/2025\/01\/Freddie-Nystrom-Band-1024x724.jpg 1024w, https:\/\/www.dustyroadblues.se\/wp-content\/uploads\/2025\/01\/Freddie-Nystrom-Band-300x212.jpg 300w, https:\/\/www.dustyroadblues.se\/wp-content\/uploads\/2025\/01\/Freddie-Nystrom-Band-768x543.jpg 768w, https:\/\/www.dustyroadblues.se\/wp-content\/uploads\/2025\/01\/Freddie-Nystrom-Band-1536x1086.jpg 1536w, https:\/\/www.dustyroadblues.se\/wp-content\/uploads\/2025\/01\/Freddie-Nystrom-Band.jpg 2000w\" sizes=\"auto, (max-width: 1024px) 100vw, 1024px\" \/><\/a><\/figure>\n\n\n\n<h1 class=\"wp-block-heading\"><strong>Freddie Nystr\u00f6m Band \u00e4r ett modernt &#8221;crossover&#8221; blues \/ bluesrock band vars influenser kommer bland annat fr\u00e5n Gary Moore, Stevie Ray Vaughan, Jimi Hendrix, Joe Bonamassa, Eric Clapton, Roffe Wikstr\u00f6m, Sky High med flera.<\/strong><\/h1>\n\n\n\n<h2 class=\"wp-block-heading\">Bandet \u00e4r en publikfavorit som alltid ger j\u00e4rnet! De har hunnit skaffa sig en katalog med l\u00e5tar som \u00e4r mycket uppskattade \u2013 allt fr\u00e5n \u00f6sig bluesrock till sj\u00e4lfull blues. P\u00e5 bandets sida p\u00e5 Spotify och YouTube hittar du b\u00e5de liveframtr\u00e4danden och studioinspelningar. Freddie Nystr\u00f6m Band bildades 2005, men fick sin nuvarande form med texter p\u00e5 svenska 2016.<\/h2>\n\n\n\n<h2 class=\"wp-block-heading\"><strong>Freddie och bandet har:<\/strong><\/h2>\n\n\n\n<ul class=\"wp-block-list\">\n<li>Spelat p\u00e5 festivaler, f\u00f6reningar, pubar, folkpark och musikscener i Sverige och Norge.<\/li>\n\n\n\n<li>Spelat live i P4 G\u00f6teborg<\/li>\n\n\n\n<li>F\u00e5tt fin kritik i pressen bland annat Jefferson Blues Magazine<\/li>\n\n\n\n<li>Vunnit Dusty Road Blues Challenge<\/li>\n\n\n\n<li>Varit f\u00f6rband till The Spotnicks &amp; Roffe Wikstr\u00f6m<\/li>\n<\/ul>\n\n\n\n<h2 class=\"wp-block-heading\">Freddie har en gl\u00f6dande passion f\u00f6r blues och bluesbaserad musik som han har odlat sedan han var ton\u00e5ring. Han har studerat och influerats av m\u00e5nga gitarrister inom b\u00e5de blues och bluesrock och har med tiden utvecklat sin egen stil och personlighet p\u00e5 instrumentet. Vokalt har han studerat b\u00e5de den angloamerikanska bluesen men fr\u00e4mst den svenska tolkningen (Rolf W, Peps, med flera). Freddie har ocks\u00e5 varit flera g\u00e5nger i USA och haft m\u00f6jlighet att b\u00e5de spela med amerikanska musiker och lyssna och ta intryck av den levande bluesscenen p\u00e5 plats.<\/h2>\n\n\n\n<h2 class=\"wp-block-heading\">Rolf Svensson och Franky van Vossel p\u00e5 bas respektive trummor ger en gedigen och sv\u00e4ngig grund <em>(f\u00f6r att citera en bokare: &#8221;tight as a bee&#8217;s arse&#8221;).<\/em> P\u00e5 keyboard finner vi Otto Nygren med fina komp och utm\u00e4rkta solistiska insatser.<\/h2>\n\n\n\n<h2 class=\"wp-block-heading\">Med passion &amp; k\u00e4rlek till musiken bjuder Freddie Nystr\u00f6m Band p\u00e5 en unik och \u00e4kta liveshow!!<\/h2>\n\n\n\n<h2 class=\"wp-block-heading\"><strong>Bandet best\u00e5r av:<\/strong><\/h2>\n\n\n\n<ul class=\"wp-block-list\">\n<li>Freddie Nystr\u00f6m \u2013 s\u00e5ng och gitarr<\/li>\n\n\n\n<li>Rolf Svensson \u2013 bas<\/li>\n\n\n\n<li>Franky van Vossel \u2013 trummor<\/li>\n\n\n\n<li>Otto Nygren&nbsp; \u2013 klaviatur<\/li>\n<\/ul>\n\n\n\n<h2 class=\"wp-block-heading\"><strong>R\u00f6ster om bandet:<\/strong><\/h2>\n\n\n\n<h2 class=\"wp-block-heading\">\u201c<em>Succ\u00e9 och tr\u00e5ngt i restauranglokalen n\u00e4r g\u00e4ster aka publik inte kunde f\u00e5 nog av Freddie Nystr\u00f6m Band i l\u00f6rdagskv\u00e4ll!!!! TACK f\u00f6r \u00e4kta, tungt fin och totalt medryckande svensktextad prima bluesrock!! ..ses i v\u00e5r!!\u201d<\/em><\/h2>\n\n\n\n<h2 class=\"wp-block-heading\">Bar KoM<\/h2>\n\n\n\n<h2 class=\"wp-block-heading\"><em>&#8221;Super konsert med Freddie Nystr\u00f8m Band p\u00e5 Havnelageret i dag.&#8221;<\/em><\/h2>\n\n\n\n<h2 class=\"wp-block-heading\">Fredrikstad Blues &amp; Jazzklubb<\/h2>\n\n\n\n<h2 class=\"wp-block-heading\"><em>&#8221;Tack Freddie Nystr\u00f6m Band f\u00f6r ig\u00e5r! S\u00e5 kul att ni ville komma till 10:an. 10 av 10 f\u00f6r blues p\u00e5 svenska!&#8221;<\/em><\/h2>\n\n\n\n<h2 class=\"wp-block-heading\">10:an i Hjo<\/h2>\n\n\n\n<h2 class=\"wp-block-heading\"><em>&#8221;Freddie Nystr\u00f6m Band &#8211; vilken spelgl\u00e4dje och som ni fick ig\u00e5ng publiken att dansa. Fantastiskt vilken show och interaktion med publiken, TACK!&#8221;<\/em><\/h2>\n\n\n\n<h2 class=\"wp-block-heading\">Hedemora Blues Jam<\/h2>\n\n\n\n<h2 class=\"wp-block-heading\"><em>&#8221;Fredag bj\u00f6d p\u00e5 en favorit Freddie Nystr\u00f6m Band som levererade big time\u2026.j\u00f6sses sicken k\u00e4nsla, n\u00e4rvaro, kemi och dynamik..denna g\u00e5ngen f\u00f6rst\u00e4rkta med en keyboardist av klass och rang\u2026..av alla de gig man arrangerat med detta band var det topp 3\u2026.det gl\u00f6dde av spelgl\u00e4dje, intensitet, ett attans sv\u00e4ng, showande av Freddie himself\u2026 en gud p\u00e5 gitarr\u2026.dessutom som band en arrang\u00f6rs dr\u00f6m\u2026.\u00f6dmjuka, fruktansv\u00e4rt goa och trevliga och roliga\u2026. Publiken denna kv\u00e4ll, snygga, trevliga, engagerade\u2026.alla dansade p\u00e5 slutet ville ha mer\u2026..vi hade <\/em>bl.a. <em>ett ungt kompisg\u00e4ng killar som blev nya Hardcorefans av bandet\u2026. Bock och bugar k\u00e4ra Ni\u2026&#8221;<\/em><\/h2>\n\n\n\n<h2 class=\"wp-block-heading\">Tomas Nilsson, arrang\u00f6r Flat Cap &#8211; Oxhallen, Rockb\u00e5ten Helsingborg med mera<\/h2>\n\n\n\n<h2 class=\"wp-block-heading\"><em>&#8221;\u2026Freddie Nystr\u00f6m har \u00e5ter varit i studio med sitt band och f\u00f6revigat sig och som vanligt \u00e4r Freddies gitarrspel av h\u00f6gsta klass\u2026Albumets &#8221;tour de force&#8221; f\u00e5r dock bli slowbluesen &#8221;Min Tur&#8221; d\u00e4r Freddie och Dan Unenge byter solon s\u00e5 man baxnar&#8221;<\/em><\/h2>\n\n\n\n<h2 class=\"wp-block-heading\">Fredrik Ottomers, Jefferson Blues Magazine \u2013 recension Peppar, peppar, ta i tr\u00e4<\/h2>\n<p><\/p>","protected":false},"excerpt":{"rendered":"<p>Freddie Nystr\u00f6m Band \u00e4r ett modernt &#8221;crossover&#8221; blues \/ bluesrock band vars influenser kommer bland annat fr\u00e5n Gary Moore, Stevie Ray Vaughan, Jimi Hendrix, Joe Bonamassa, Eric Clapton, Roffe Wikstr\u00f6m, Sky High med flera. Bandet \u00e4r en publikfavorit som alltid &hellip; <a href=\"https:\/\/www.dustyroadblues.se\/?page_id=6439\">L\u00e4s mer <span class=\"meta-nav\">&rarr;<\/span><\/a><\/p>\n","protected":false},"author":6,"featured_media":0,"parent":0,"menu_order":0,"comment_status":"closed","ping_status":"closed","template":"","meta":{"om_disable_all_campaigns":false,"_monsterinsights_skip_tracking":false,"_monsterinsights_sitenote_active":false,"_monsterinsights_sitenote_note":"","_monsterinsights_sitenote_category":0,"_uf_show_specific_survey":0,"_uf_disable_surveys":false,"footnotes":""},"class_list":["post-6439","page","type-page","status-publish","hentry"],"_links":{"self":[{"href":"https:\/\/www.dustyroadblues.se\/index.php?rest_route=\/wp\/v2\/pages\/6439","targetHints":{"allow":["GET"]}}],"collection":[{"href":"https:\/\/www.dustyroadblues.se\/index.php?rest_route=\/wp\/v2\/pages"}],"about":[{"href":"https:\/\/www.dustyroadblues.se\/index.php?rest_route=\/wp\/v2\/types\/page"}],"author":[{"embeddable":true,"href":"https:\/\/www.dustyroadblues.se\/index.php?rest_route=\/wp\/v2\/users\/6"}],"replies":[{"embeddable":true,"href":"https:\/\/www.dustyroadblues.se\/index.php?rest_route=%2Fwp%2Fv2%2Fcomments&post=6439"}],"version-history":[{"count":2,"href":"https:\/\/www.dustyroadblues.se\/index.php?rest_route=\/wp\/v2\/pages\/6439\/revisions"}],"predecessor-version":[{"id":6443,"href":"https:\/\/www.dustyroadblues.se\/index.php?rest_route=\/wp\/v2\/pages\/6439\/revisions\/6443"}],"wp:attachment":[{"href":"https:\/\/www.dustyroadblues.se\/index.php?rest_route=%2Fwp%2Fv2%2Fmedia&parent=6439"}],"curies":[{"name":"wp","href":"https:\/\/api.w.org\/{rel}","templated":true}]}}