{"id":6444,"date":"2025-01-29T00:55:53","date_gmt":"2025-01-28T22:55:53","guid":{"rendered":"https:\/\/www.dustyroadblues.se\/?page_id=6444"},"modified":"2025-03-10T17:20:47","modified_gmt":"2025-03-10T15:20:47","slug":"slap-back-joe","status":"publish","type":"page","link":"https:\/\/www.dustyroadblues.se\/?page_id=6444","title":{"rendered":"Slap Back Joe"},"content":{"rendered":"\n<figure class=\"wp-block-image size-large\"><a href=\"https:\/\/www.dustyroadblues.se\/wp-content\/uploads\/2025\/01\/MG_7216-scaled.jpg\"><img loading=\"lazy\" decoding=\"async\" width=\"1024\" height=\"683\" src=\"https:\/\/www.dustyroadblues.se\/wp-content\/uploads\/2025\/01\/MG_7216-1024x683.jpg\" alt=\"\" class=\"wp-image-6445\" srcset=\"https:\/\/www.dustyroadblues.se\/wp-content\/uploads\/2025\/01\/MG_7216-1024x683.jpg 1024w, https:\/\/www.dustyroadblues.se\/wp-content\/uploads\/2025\/01\/MG_7216-300x200.jpg 300w, https:\/\/www.dustyroadblues.se\/wp-content\/uploads\/2025\/01\/MG_7216-768x512.jpg 768w, https:\/\/www.dustyroadblues.se\/wp-content\/uploads\/2025\/01\/MG_7216-1536x1024.jpg 1536w, https:\/\/www.dustyroadblues.se\/wp-content\/uploads\/2025\/01\/MG_7216-2048x1365.jpg 2048w, https:\/\/www.dustyroadblues.se\/wp-content\/uploads\/2025\/01\/MG_7216-120x80.jpg 120w\" sizes=\"auto, (max-width: 1024px) 100vw, 1024px\" \/><\/a><\/figure>\n\n\n\n<h1 class=\"wp-block-heading\">Slap Back Joe har existerat sedan 2021 och \u00e4r ett resultat av f\u00f6rening mellan rutinerade musiker som skapar egen musik i bluesgenren. Tv\u00e5 skivor finns nu ute, <em>System Breakdown<\/em> (2021) och <em>Singing my blues away<\/em> (2023). B\u00e5da skivorna har recenserats av bl.a. Sweden Rock Magazine med betyget 7\/10.&nbsp;<\/h1>\n\n\n\n<h2 class=\"wp-block-heading\">Bandet har \u00e4ven hunnit med en del spelningar, bl.a p\u00e5 M\u00f6nster\u00e5rs bluefestival 2024 och medverkat som en av fyra jury plockade till Swedish Blues Challenge, d\u00e4r de fick goda vitsord.&nbsp;<\/h2>\n\n\n\n<h2 class=\"wp-block-heading\">Musikaliskt har bandets musik beskrivits som blues av modernare art men med fast f\u00f6rankring i den klassiska bluesen. Musikaliskt st\u00e5r det ut med b\u00e5de s\u00e5ngerskan Ninna Westerholms st\u00e4mma och gitarrvirtuosen Raimo Rommedahl, detta till ett tajt komp av andragitarrist Ulf Kandell, Basisten H\u00e5kan Olsson till avancerad trummande av Thomas Persson.<br><br>Se fram en spelning med mycket nerv, gl\u00e4dje och improvisation. Det bjuds p\u00e5 b\u00e5de egna alster och utvalda klassiker.<\/h2>\n\n\n\n<h2 class=\"wp-block-heading\">Vi ses p\u00e5 La Famiglia l\u00f6rdagen den 15 mars kl. 15.00 &#8211; 17.00.<br><br><a href=\"https:\/\/www.youtube.com\/playlist?list=PLim-TnesW8n3JPhI3oy6tKsow1K_6l9YG\">Videos: <\/a><\/h2>\n\n\n\n<h2 class=\"wp-block-heading\"><a href=\"https:\/\/open.spotify.com\/album\/4jCTVbvIbF5FP9vAk3XLf1?si=HVGBx08AQVmE9SDnvvFhow\">L\u00e4nk till Album <em>Singing my blues away<\/em> (Spotify): <\/a><\/h2>\n<p><\/p>","protected":false},"excerpt":{"rendered":"<p>Slap Back Joe har existerat sedan 2021 och \u00e4r ett resultat av f\u00f6rening mellan rutinerade musiker som skapar egen musik i bluesgenren. Tv\u00e5 skivor finns nu ute, System Breakdown (2021) och Singing my blues away (2023). B\u00e5da skivorna har recenserats &hellip; <a href=\"https:\/\/www.dustyroadblues.se\/?page_id=6444\">L\u00e4s mer <span class=\"meta-nav\">&rarr;<\/span><\/a><\/p>\n","protected":false},"author":6,"featured_media":0,"parent":0,"menu_order":0,"comment_status":"closed","ping_status":"closed","template":"","meta":{"om_disable_all_campaigns":false,"_monsterinsights_skip_tracking":false,"_monsterinsights_sitenote_active":false,"_monsterinsights_sitenote_note":"","_monsterinsights_sitenote_category":0,"_uf_show_specific_survey":0,"_uf_disable_surveys":false,"footnotes":""},"class_list":["post-6444","page","type-page","status-publish","hentry"],"_links":{"self":[{"href":"https:\/\/www.dustyroadblues.se\/index.php?rest_route=\/wp\/v2\/pages\/6444","targetHints":{"allow":["GET"]}}],"collection":[{"href":"https:\/\/www.dustyroadblues.se\/index.php?rest_route=\/wp\/v2\/pages"}],"about":[{"href":"https:\/\/www.dustyroadblues.se\/index.php?rest_route=\/wp\/v2\/types\/page"}],"author":[{"embeddable":true,"href":"https:\/\/www.dustyroadblues.se\/index.php?rest_route=\/wp\/v2\/users\/6"}],"replies":[{"embeddable":true,"href":"https:\/\/www.dustyroadblues.se\/index.php?rest_route=%2Fwp%2Fv2%2Fcomments&post=6444"}],"version-history":[{"count":4,"href":"https:\/\/www.dustyroadblues.se\/index.php?rest_route=\/wp\/v2\/pages\/6444\/revisions"}],"predecessor-version":[{"id":6507,"href":"https:\/\/www.dustyroadblues.se\/index.php?rest_route=\/wp\/v2\/pages\/6444\/revisions\/6507"}],"wp:attachment":[{"href":"https:\/\/www.dustyroadblues.se\/index.php?rest_route=%2Fwp%2Fv2%2Fmedia&parent=6444"}],"curies":[{"name":"wp","href":"https:\/\/api.w.org\/{rel}","templated":true}]}}