{"id":6533,"date":"2025-03-19T11:57:07","date_gmt":"2025-03-19T09:57:07","guid":{"rendered":"https:\/\/www.dustyroadblues.se\/?page_id=6533"},"modified":"2025-03-19T11:57:07","modified_gmt":"2025-03-19T09:57:07","slug":"bluestompers","status":"publish","type":"page","link":"https:\/\/www.dustyroadblues.se\/?page_id=6533","title":{"rendered":"BlueStompers"},"content":{"rendered":"\n<figure class=\"wp-block-image size-large\"><a href=\"https:\/\/www.dustyroadblues.se\/wp-content\/uploads\/2025\/03\/BlueStompers.jpg\"><img loading=\"lazy\" decoding=\"async\" width=\"1024\" height=\"552\" src=\"https:\/\/www.dustyroadblues.se\/wp-content\/uploads\/2025\/03\/BlueStompers-1024x552.jpg\" alt=\"\" class=\"wp-image-6534\" srcset=\"https:\/\/www.dustyroadblues.se\/wp-content\/uploads\/2025\/03\/BlueStompers-1024x552.jpg 1024w, https:\/\/www.dustyroadblues.se\/wp-content\/uploads\/2025\/03\/BlueStompers-300x162.jpg 300w, https:\/\/www.dustyroadblues.se\/wp-content\/uploads\/2025\/03\/BlueStompers-768x414.jpg 768w, https:\/\/www.dustyroadblues.se\/wp-content\/uploads\/2025\/03\/BlueStompers-1536x828.jpg 1536w, https:\/\/www.dustyroadblues.se\/wp-content\/uploads\/2025\/03\/BlueStompers.jpg 1812w\" sizes=\"auto, (max-width: 1024px) 100vw, 1024px\" \/><\/a><\/figure>\n\n\n\n<h1 class=\"wp-block-heading\">\u00d6rebrobandet BlueStompers b\u00f6rjade spela tillsammans redan s\u00f6der om millennieskiftet, 1999. De har sedan dess h\u00e5llit ihop med endast ett f\u00e5tal f\u00f6r\u00e4ndringar i uppst\u00e4llningen.<\/h1>\n\n\n\n<h2 class=\"wp-block-heading\">BlueStompers spelar f\u00f6rutom eget material \u00e4ven noga utvalda l\u00e5ter fr\u00e4mst fr\u00e5n 40- och 50-talet.<\/h2>\n\n\n\n<h2 class=\"wp-block-heading\">\u00c4ven om det inte alltid lyckas s\u00e5 f\u00f6rs\u00f6ker de undvika de allra vanligast spelade l\u00e5tarna f\u00f6r en chans att \u00f6verraska b\u00e5de publik och oss sj\u00e4lva!<\/h2>\n\n\n\n<h2 class=\"wp-block-heading\">Rytmsektionen med &#8221;Howlin&#8221; Ulf p\u00e5 bas och Jocke Eriksson trummor har spelat tillsammans i \u00f6ver 40 \u00e5r s\u00e5 dom k\u00e4nner varandra ganska bra. P\u00e5 piano har vi den oerh\u00f6rt rutinerade PO Larsson som redan p\u00e5 70-talet turnerade land och rike runt. Munspelet hanteras m\u00e4sterligt av ingen mindre \u00e4n Timo Tilli, en bekant syn p\u00e5 jamscenerna i Stockholm. S\u00e5ng- och gitarrinslag st\u00e5r Janne &#8221;Shuffle&#8221; Hermansson f\u00f6r, som har gjort bejublande framtr\u00e4dande p\u00e5 Norrk\u00f6pings Bluesjam och frekvent \u00e5terkommande p\u00e5 Stockholms Bluesscen.<\/h2>\n\n\n\n<h2 class=\"wp-block-heading\"><em>Janne &#8221;Shuffle&#8221; Hermansson, s\u00e5ng och gitarr<br>Timo Tilli, munspel<\/em><\/h2>\n\n\n\n<h2 class=\"wp-block-heading\"><em>PO Larsson, piano<br>Ulf Jansson, bas<\/em><\/h2>\n\n\n\n<h2 class=\"wp-block-heading\"><em>Jocke Eriksson, trummor<\/em><\/h2>\n<p><\/p>","protected":false},"excerpt":{"rendered":"<p>\u00d6rebrobandet BlueStompers b\u00f6rjade spela tillsammans redan s\u00f6der om millennieskiftet, 1999. De har sedan dess h\u00e5llit ihop med endast ett f\u00e5tal f\u00f6r\u00e4ndringar i uppst\u00e4llningen. BlueStompers spelar f\u00f6rutom eget material \u00e4ven noga utvalda l\u00e5ter fr\u00e4mst fr\u00e5n 40- och 50-talet. \u00c4ven om det &hellip; <a href=\"https:\/\/www.dustyroadblues.se\/?page_id=6533\">L\u00e4s mer <span class=\"meta-nav\">&rarr;<\/span><\/a><\/p>\n","protected":false},"author":6,"featured_media":0,"parent":0,"menu_order":0,"comment_status":"closed","ping_status":"closed","template":"","meta":{"om_disable_all_campaigns":false,"_monsterinsights_skip_tracking":false,"_monsterinsights_sitenote_active":false,"_monsterinsights_sitenote_note":"","_monsterinsights_sitenote_category":0,"_uf_show_specific_survey":0,"_uf_disable_surveys":false,"footnotes":""},"class_list":["post-6533","page","type-page","status-publish","hentry"],"_links":{"self":[{"href":"https:\/\/www.dustyroadblues.se\/index.php?rest_route=\/wp\/v2\/pages\/6533","targetHints":{"allow":["GET"]}}],"collection":[{"href":"https:\/\/www.dustyroadblues.se\/index.php?rest_route=\/wp\/v2\/pages"}],"about":[{"href":"https:\/\/www.dustyroadblues.se\/index.php?rest_route=\/wp\/v2\/types\/page"}],"author":[{"embeddable":true,"href":"https:\/\/www.dustyroadblues.se\/index.php?rest_route=\/wp\/v2\/users\/6"}],"replies":[{"embeddable":true,"href":"https:\/\/www.dustyroadblues.se\/index.php?rest_route=%2Fwp%2Fv2%2Fcomments&post=6533"}],"version-history":[{"count":1,"href":"https:\/\/www.dustyroadblues.se\/index.php?rest_route=\/wp\/v2\/pages\/6533\/revisions"}],"predecessor-version":[{"id":6535,"href":"https:\/\/www.dustyroadblues.se\/index.php?rest_route=\/wp\/v2\/pages\/6533\/revisions\/6535"}],"wp:attachment":[{"href":"https:\/\/www.dustyroadblues.se\/index.php?rest_route=%2Fwp%2Fv2%2Fmedia&parent=6533"}],"curies":[{"name":"wp","href":"https:\/\/api.w.org\/{rel}","templated":true}]}}