{"id":6639,"date":"2025-04-22T10:59:31","date_gmt":"2025-04-22T08:59:31","guid":{"rendered":"https:\/\/www.dustyroadblues.se\/?page_id=6639"},"modified":"2025-05-14T18:37:17","modified_gmt":"2025-05-14T16:37:17","slug":"bussturerna-2025","status":"publish","type":"page","link":"https:\/\/www.dustyroadblues.se\/?page_id=6639","title":{"rendered":"BUSSTURERNA 2025"},"content":{"rendered":"\n<h1 class=\"wp-block-heading has-text-align-left has-x-large-font-size\"><strong>H\u00e4r \u00e4r bussturerna vi k\u00f6r under festivaldagarna<\/strong> (och resan \u00e4r gratis)<br><\/h1>\n\n\n\n<figure class=\"wp-block-image size-full\"><a href=\"http:\/\/www.dustyroadblues.se\/wp-content\/uploads\/2024\/05\/HEIF-bilde.jpg\"><img loading=\"lazy\" decoding=\"async\" width=\"944\" height=\"393\" src=\"http:\/\/www.dustyroadblues.se\/wp-content\/uploads\/2024\/05\/HEIF-bilde.jpg\" alt=\"\" class=\"wp-image-5918\" srcset=\"https:\/\/www.dustyroadblues.se\/wp-content\/uploads\/2024\/05\/HEIF-bilde.jpg 944w, https:\/\/www.dustyroadblues.se\/wp-content\/uploads\/2024\/05\/HEIF-bilde-300x125.jpg 300w, https:\/\/www.dustyroadblues.se\/wp-content\/uploads\/2024\/05\/HEIF-bilde-768x320.jpg 768w\" sizes=\"auto, (max-width: 944px) 100vw, 944px\" \/><\/a><\/figure>\n\n\n\n<h2 class=\"wp-block-heading has-text-align-left has-large-font-size\"><strong>Fredagen<\/strong><br>De utg\u00e5r fr\u00e5n Tidaholms Stadshotell med start 17.00 och sedan med rullande schema fram till 18.00<\/h2>\n\n\n\n<h2 class=\"wp-block-heading has-text-align-left has-large-font-size\">Kv\u00e4llsturarna startar 23.45 och g\u00e5r sedan oavbrutet tills behovet inte finns l\u00e4ngre.<\/h2>\n\n\n\n<h2 class=\"wp-block-heading has-text-align-left\"><\/h2>\n\n\n\n<h2 class=\"wp-block-heading has-text-align-left has-large-font-size\"><strong>L\u00f6rdagen<\/strong><br>De utg\u00e5r fr\u00e5n Tidaholms Stadshotell med start 16.00 och sedan med rullande schema fram till 17.00.<\/h2>\n\n\n\n<h2 class=\"wp-block-heading has-text-align-left has-large-font-size\">Kv\u00e4llsturarna startar 00.15 och g\u00e5r sedan oavbrutet tills behovet inte finns l\u00e4ngre.<\/h2>\n\n\n\n<h1 class=\"wp-block-heading has-text-align-left has-large-font-size\"><strong>H\u00e5llplatser<\/strong><br>Tidaholms Stadshotell<br>Tidaholms Camping<br>Hellidsskolans parkering<br>Hellidens Folkh\u00f6gskola, slottsentre\u2019n<br>Folkets Park<\/h1>\n\n\n\n<p><\/p>\n<p><\/p>","protected":false},"excerpt":{"rendered":"<p>H\u00e4r \u00e4r bussturerna vi k\u00f6r under festivaldagarna (och resan \u00e4r gratis) FredagenDe utg\u00e5r fr\u00e5n Tidaholms Stadshotell med start 17.00 och sedan med rullande schema fram till 18.00 Kv\u00e4llsturarna startar 23.45 och g\u00e5r sedan oavbrutet tills behovet inte finns l\u00e4ngre. L\u00f6rdagenDe &hellip; <a href=\"https:\/\/www.dustyroadblues.se\/?page_id=6639\">L\u00e4s mer <span class=\"meta-nav\">&rarr;<\/span><\/a><\/p>\n","protected":false},"author":6,"featured_media":0,"parent":0,"menu_order":0,"comment_status":"closed","ping_status":"closed","template":"","meta":{"om_disable_all_campaigns":false,"_monsterinsights_skip_tracking":false,"_monsterinsights_sitenote_active":false,"_monsterinsights_sitenote_note":"","_monsterinsights_sitenote_category":0,"_uf_show_specific_survey":0,"_uf_disable_surveys":false,"footnotes":""},"class_list":["post-6639","page","type-page","status-publish","hentry"],"_links":{"self":[{"href":"https:\/\/www.dustyroadblues.se\/index.php?rest_route=\/wp\/v2\/pages\/6639","targetHints":{"allow":["GET"]}}],"collection":[{"href":"https:\/\/www.dustyroadblues.se\/index.php?rest_route=\/wp\/v2\/pages"}],"about":[{"href":"https:\/\/www.dustyroadblues.se\/index.php?rest_route=\/wp\/v2\/types\/page"}],"author":[{"embeddable":true,"href":"https:\/\/www.dustyroadblues.se\/index.php?rest_route=\/wp\/v2\/users\/6"}],"replies":[{"embeddable":true,"href":"https:\/\/www.dustyroadblues.se\/index.php?rest_route=%2Fwp%2Fv2%2Fcomments&post=6639"}],"version-history":[{"count":2,"href":"https:\/\/www.dustyroadblues.se\/index.php?rest_route=\/wp\/v2\/pages\/6639\/revisions"}],"predecessor-version":[{"id":6679,"href":"https:\/\/www.dustyroadblues.se\/index.php?rest_route=\/wp\/v2\/pages\/6639\/revisions\/6679"}],"wp:attachment":[{"href":"https:\/\/www.dustyroadblues.se\/index.php?rest_route=%2Fwp%2Fv2%2Fmedia&parent=6639"}],"curies":[{"name":"wp","href":"https:\/\/api.w.org\/{rel}","templated":true}]}}