{"id":6723,"date":"2025-08-27T08:51:02","date_gmt":"2025-08-27T06:51:02","guid":{"rendered":"https:\/\/www.dustyroadblues.se\/?page_id=6723"},"modified":"2025-08-27T08:56:04","modified_gmt":"2025-08-27T06:56:04","slug":"music-jam-23-aug","status":"publish","type":"page","link":"https:\/\/www.dustyroadblues.se\/?page_id=6723","title":{"rendered":"Music Jam 23 aug"},"content":{"rendered":"\n<figure class=\"wp-block-image\"><a href=\"https:\/\/www.dustyroadblues.se\/wp-content\/uploads\/2024\/01\/Affisch-Jam-23-aug-2025-sida001-1.png\"><img loading=\"lazy\" decoding=\"async\" width=\"724\" height=\"1024\" src=\"https:\/\/www.dustyroadblues.se\/wp-content\/uploads\/2024\/01\/Affisch-Jam-23-aug-2025-sida001-1-724x1024.png\" alt=\"\" class=\"wp-image-6714\" srcset=\"https:\/\/www.dustyroadblues.se\/wp-content\/uploads\/2024\/01\/Affisch-Jam-23-aug-2025-sida001-1-724x1024.png 724w, https:\/\/www.dustyroadblues.se\/wp-content\/uploads\/2024\/01\/Affisch-Jam-23-aug-2025-sida001-1-212x300.png 212w, https:\/\/www.dustyroadblues.se\/wp-content\/uploads\/2024\/01\/Affisch-Jam-23-aug-2025-sida001-1-768x1086.png 768w, https:\/\/www.dustyroadblues.se\/wp-content\/uploads\/2024\/01\/Affisch-Jam-23-aug-2025-sida001-1-1086x1536.png 1086w, https:\/\/www.dustyroadblues.se\/wp-content\/uploads\/2024\/01\/Affisch-Jam-23-aug-2025-sida001-1-1448x2048.png 1448w\" sizes=\"auto, (max-width: 724px) 100vw, 724px\" \/><\/a><\/figure>\n\n\n\n<h2 class=\"wp-block-heading\">Grundband denna g\u00e5ng \u00e4r No Matter&nbsp;<img loading=\"lazy\" decoding=\"async\" height=\"16\" width=\"16\" src=\"https:\/\/static.xx.fbcdn.net\/images\/emoji.php\/v9\/t1f\/1\/16\/1f3b6.png\" alt=\"\ud83c\udfb6\"><img loading=\"lazy\" decoding=\"async\" height=\"16\" width=\"16\" src=\"https:\/\/static.xx.fbcdn.net\/images\/emoji.php\/v9\/t1f\/1\/16\/1f3b6.png\" alt=\"\ud83c\udfb6\"><img loading=\"lazy\" decoding=\"async\" height=\"16\" width=\"16\" src=\"https:\/\/static.xx.fbcdn.net\/images\/emoji.php\/v9\/t1f\/1\/16\/1f3b6.png\" alt=\"\ud83c\udfb6\"><img loading=\"lazy\" decoding=\"async\" height=\"16\" width=\"16\" src=\"https:\/\/static.xx.fbcdn.net\/images\/emoji.php\/v9\/t1f\/1\/16\/1f3b6.png\" alt=\"\ud83c\udfb6\"><br>De ni kommer att tr\u00e4ffa \u00e4r:<br><strong>Mattias Persson-Freij: S\u00e5ng &amp; Gitarr<\/strong><br><strong>Viktor Nilsson: Gitarr<br>Roland B\u00e4ck: Bas<br>Torbj\u00f6rn \u201dTolla\u201d Samuelsson: Trummor<\/strong><\/h2>\n\n\n\n<h2 class=\"wp-block-heading\"><strong>Jamledare \u00e4r:<\/strong>&nbsp;<strong>Raimo Rommedahl<\/strong><\/h2>\n\n\n\n<h2 class=\"wp-block-heading\">Lirar du\/ni visor, blues, rockabilly, reggae, pop osv osv s\u00e5 \u00e4r scenen er.<\/h2>\n\n\n\n<h2 class=\"wp-block-heading\">V\u00e4lkomna till Golden Thai. D\u00e4r finns b\u00e5de god mat, dryck och musik.<\/h2>\n\n\n\n<h1 class=\"wp-block-heading\"><strong>Fritt intr\u00e4de f\u00f6r alla!&nbsp;<\/strong><\/h1>\n\n\n\n<p><\/p>\n<p><\/p>","protected":false},"excerpt":{"rendered":"<p>Grundband denna g\u00e5ng \u00e4r No Matter&nbsp;De ni kommer att tr\u00e4ffa \u00e4r:Mattias Persson-Freij: S\u00e5ng &amp; GitarrViktor Nilsson: GitarrRoland B\u00e4ck: BasTorbj\u00f6rn \u201dTolla\u201d Samuelsson: Trummor Jamledare \u00e4r:&nbsp;Raimo Rommedahl Lirar du\/ni visor, blues, rockabilly, reggae, pop osv osv s\u00e5 \u00e4r scenen er. V\u00e4lkomna till &hellip; <a href=\"https:\/\/www.dustyroadblues.se\/?page_id=6723\">L\u00e4s mer <span class=\"meta-nav\">&rarr;<\/span><\/a><\/p>\n","protected":false},"author":6,"featured_media":0,"parent":0,"menu_order":0,"comment_status":"closed","ping_status":"closed","template":"","meta":{"om_disable_all_campaigns":false,"_monsterinsights_skip_tracking":false,"_monsterinsights_sitenote_active":false,"_monsterinsights_sitenote_note":"","_monsterinsights_sitenote_category":0,"_uf_show_specific_survey":0,"_uf_disable_surveys":false,"footnotes":""},"class_list":["post-6723","page","type-page","status-publish","hentry"],"_links":{"self":[{"href":"https:\/\/www.dustyroadblues.se\/index.php?rest_route=\/wp\/v2\/pages\/6723","targetHints":{"allow":["GET"]}}],"collection":[{"href":"https:\/\/www.dustyroadblues.se\/index.php?rest_route=\/wp\/v2\/pages"}],"about":[{"href":"https:\/\/www.dustyroadblues.se\/index.php?rest_route=\/wp\/v2\/types\/page"}],"author":[{"embeddable":true,"href":"https:\/\/www.dustyroadblues.se\/index.php?rest_route=\/wp\/v2\/users\/6"}],"replies":[{"embeddable":true,"href":"https:\/\/www.dustyroadblues.se\/index.php?rest_route=%2Fwp%2Fv2%2Fcomments&post=6723"}],"version-history":[{"count":1,"href":"https:\/\/www.dustyroadblues.se\/index.php?rest_route=\/wp\/v2\/pages\/6723\/revisions"}],"predecessor-version":[{"id":6724,"href":"https:\/\/www.dustyroadblues.se\/index.php?rest_route=\/wp\/v2\/pages\/6723\/revisions\/6724"}],"wp:attachment":[{"href":"https:\/\/www.dustyroadblues.se\/index.php?rest_route=%2Fwp%2Fv2%2Fmedia&parent=6723"}],"curies":[{"name":"wp","href":"https:\/\/api.w.org\/{rel}","templated":true}]}}