{"id":6732,"date":"2025-08-27T10:56:27","date_gmt":"2025-08-27T08:56:27","guid":{"rendered":"https:\/\/www.dustyroadblues.se\/?page_id=6732"},"modified":"2025-09-04T10:41:36","modified_gmt":"2025-09-04T08:41:36","slug":"fredrik-puritanerna","status":"publish","type":"page","link":"https:\/\/www.dustyroadblues.se\/?page_id=6732","title":{"rendered":"FREDRIK &amp; PURITANERNA"},"content":{"rendered":"\n<figure class=\"wp-block-image size-large\"><a href=\"http:\/\/www.dustyroadblues.se\/wp-content\/uploads\/2024\/01\/Affisch-Fredrik-Puritanerna-sida001-2.png\"><img loading=\"lazy\" decoding=\"async\" width=\"724\" height=\"1024\" src=\"http:\/\/www.dustyroadblues.se\/wp-content\/uploads\/2024\/01\/Affisch-Fredrik-Puritanerna-sida001-2-724x1024.png\" alt=\"\" class=\"wp-image-6740\" srcset=\"https:\/\/www.dustyroadblues.se\/wp-content\/uploads\/2024\/01\/Affisch-Fredrik-Puritanerna-sida001-2-724x1024.png 724w, https:\/\/www.dustyroadblues.se\/wp-content\/uploads\/2024\/01\/Affisch-Fredrik-Puritanerna-sida001-2-212x300.png 212w, https:\/\/www.dustyroadblues.se\/wp-content\/uploads\/2024\/01\/Affisch-Fredrik-Puritanerna-sida001-2-768x1086.png 768w, https:\/\/www.dustyroadblues.se\/wp-content\/uploads\/2024\/01\/Affisch-Fredrik-Puritanerna-sida001-2-1086x1536.png 1086w, https:\/\/www.dustyroadblues.se\/wp-content\/uploads\/2024\/01\/Affisch-Fredrik-Puritanerna-sida001-2-1448x2048.png 1448w\" sizes=\"auto, (max-width: 724px) 100vw, 724px\" \/><\/a><figcaption class=\"wp-element-caption\">Foto: Jon Alexandersson<\/figcaption><\/figure>\n\n\n\n<h1 class=\"wp-block-heading\"><strong>Fredrik &amp; Puritanerna kan vara en \u00f6gon\u00f6ppnare n\u00e4r det kommer till blues p\u00e5 svenska. Texterna \u00e4r \u00e4kta, otv\u00e4ttade och bl\u00e5a och tar med dig p\u00e5 en resa genom d\u00f6d, s\u00e5rbarhet och k\u00e4rlek.<\/strong> <strong>Bandets h\u00f6goktaniga shower \u00e4r n\u00e5got som bandet blivit uppm\u00e4rksammade f\u00f6r inom den svenska bluesscenen. <\/strong><\/h1>\n\n\n\n<h2 class=\"wp-block-heading\">Fredrik &amp; Puritanerna startade 2018, experimenterar med det traditionella ramverket f\u00f6r bluesmusik och tittar fram\u00e5t. De textuella elementen doftar svensk vistradition och diskb\u00e4nkrealism, s\u00e5 sprakar musiken som den bl\u00e5aste blues fr\u00e5n Mississippi upp till Chicago. <\/h2>\n\n\n\n<h2 class=\"wp-block-heading\">Sedan starten har musiken spelats i podcasts, nationell radio och f\u00e5tt utm\u00e4rkelser som m\u00e5nadens \u00f6stg\u00f6tahit. Blivit nominerade av svenska folket som \u00e5rets liveakt, \u00e5rets skiva i Bluespodden-priset 2023. <\/h2>\n\n\n\n<h2 class=\"wp-block-heading\">Med den senaste singeln \u201dR\u00e4ttvisans r\u00f6st\u201d med blueslegendaren Rolf Wikstr\u00f6m, forts\u00e4tter Fredrik &amp; Puritanerna ta det svenska bluesarvet vidare, d\u00e4r Rolf Wikstr\u00f6m sj\u00e4lv gett Fredrik stafettpinnen under hans g\u00e4stning under \u00c5m\u00e5ls Bluesfest 2024. Wikstr\u00f6m vars musik f\u00f6r\u00e4ndrade Fredriks liv och riktning vid 16 \u00e5rs \u00e5lder har samarbetet varit en milstolpe i Fredrik karri\u00e4r. <\/h2>\n\n\n\n<h2 class=\"wp-block-heading\">Puritanerna best\u00e5r av basisten Surjo Benigh som har en meritlista l\u00e4ngre \u00e4n de flesta svenska musiker och trumslagaren Jonas \u201dwasa\u201d Backman, med r\u00f6tter fr\u00e5n Nordens New Orleans Vasa, Finland. Rytmsektionen utg\u00f6r en stor del av livesoundet och p\u00e5 skiva. Den kommande EPn &#8221;v\u00e5ning 197&#8221; d\u00e4r Rolf Wikstr\u00f6m medverkar p\u00e5 tv\u00e5 l\u00e5tar, sl\u00e4pps den 28 augusti.<\/h2>\n\n\n\n<h1 class=\"wp-block-heading\">Her kan du lysna p\u00e5 bandet:<\/h1>\n\n\n\n<h1 class=\"wp-block-heading\"><a href=\"https:\/\/open.spotify.com\/album\/6xjrbJZgVUWplnmcQxAfAF?si=-DHBbn1AQWGGnSgPGvqLgA\">Senaste EPn &#8221;\u00c5ker till min hemstad&#8221;<\/a><br><\/h1>\n\n\n\n<h1 class=\"wp-block-heading\"><a href=\"https:\/\/open.spotify.com\/track\/2R4OKJWHLIqJfrHUEllo0e\" target=\"_blank\" rel=\"noreferrer noopener\"><u>Fredrik &amp; Puritanerna, Rolf Wikstr\u00f6m \u00b7 R\u00e4ttvisans r\u00f6st \u00b7 Song \u00b7 2024<\/u><\/a><\/h1>\n<p><\/p>","protected":false},"excerpt":{"rendered":"<p>Fredrik &amp; Puritanerna kan vara en \u00f6gon\u00f6ppnare n\u00e4r det kommer till blues p\u00e5 svenska. Texterna \u00e4r \u00e4kta, otv\u00e4ttade och bl\u00e5a och tar med dig p\u00e5 en resa genom d\u00f6d, s\u00e5rbarhet och k\u00e4rlek. Bandets h\u00f6goktaniga shower \u00e4r n\u00e5got som bandet blivit &hellip; <a href=\"https:\/\/www.dustyroadblues.se\/?page_id=6732\">L\u00e4s mer <span class=\"meta-nav\">&rarr;<\/span><\/a><\/p>\n","protected":false},"author":6,"featured_media":0,"parent":0,"menu_order":0,"comment_status":"closed","ping_status":"closed","template":"","meta":{"om_disable_all_campaigns":false,"_monsterinsights_skip_tracking":false,"_monsterinsights_sitenote_active":false,"_monsterinsights_sitenote_note":"","_monsterinsights_sitenote_category":0,"_uf_show_specific_survey":0,"_uf_disable_surveys":false,"footnotes":""},"class_list":["post-6732","page","type-page","status-publish","hentry"],"_links":{"self":[{"href":"https:\/\/www.dustyroadblues.se\/index.php?rest_route=\/wp\/v2\/pages\/6732","targetHints":{"allow":["GET"]}}],"collection":[{"href":"https:\/\/www.dustyroadblues.se\/index.php?rest_route=\/wp\/v2\/pages"}],"about":[{"href":"https:\/\/www.dustyroadblues.se\/index.php?rest_route=\/wp\/v2\/types\/page"}],"author":[{"embeddable":true,"href":"https:\/\/www.dustyroadblues.se\/index.php?rest_route=\/wp\/v2\/users\/6"}],"replies":[{"embeddable":true,"href":"https:\/\/www.dustyroadblues.se\/index.php?rest_route=%2Fwp%2Fv2%2Fcomments&post=6732"}],"version-history":[{"count":3,"href":"https:\/\/www.dustyroadblues.se\/index.php?rest_route=\/wp\/v2\/pages\/6732\/revisions"}],"predecessor-version":[{"id":6747,"href":"https:\/\/www.dustyroadblues.se\/index.php?rest_route=\/wp\/v2\/pages\/6732\/revisions\/6747"}],"wp:attachment":[{"href":"https:\/\/www.dustyroadblues.se\/index.php?rest_route=%2Fwp%2Fv2%2Fmedia&parent=6732"}],"curies":[{"name":"wp","href":"https:\/\/api.w.org\/{rel}","templated":true}]}}