{"id":6806,"date":"2025-10-02T17:59:21","date_gmt":"2025-10-02T15:59:21","guid":{"rendered":"https:\/\/www.dustyroadblues.se\/?page_id=6806"},"modified":"2025-10-05T10:50:37","modified_gmt":"2025-10-05T08:50:37","slug":"karin-doctor-blues","status":"publish","type":"page","link":"https:\/\/www.dustyroadblues.se\/?page_id=6806","title":{"rendered":"Karin &amp; Doctor Blues"},"content":{"rendered":"\n<figure class=\"wp-block-image size-large\"><a href=\"https:\/\/www.dustyroadblues.se\/wp-content\/uploads\/2025\/10\/1000020855.png\"><img loading=\"lazy\" decoding=\"async\" width=\"1024\" height=\"754\" src=\"https:\/\/www.dustyroadblues.se\/wp-content\/uploads\/2025\/10\/1000020855-1024x754.png\" alt=\"\" class=\"wp-image-6807\" srcset=\"https:\/\/www.dustyroadblues.se\/wp-content\/uploads\/2025\/10\/1000020855-1024x754.png 1024w, https:\/\/www.dustyroadblues.se\/wp-content\/uploads\/2025\/10\/1000020855-300x221.png 300w, https:\/\/www.dustyroadblues.se\/wp-content\/uploads\/2025\/10\/1000020855-768x565.png 768w, https:\/\/www.dustyroadblues.se\/wp-content\/uploads\/2025\/10\/1000020855-1536x1131.png 1536w, https:\/\/www.dustyroadblues.se\/wp-content\/uploads\/2025\/10\/1000020855-2048x1508.png 2048w\" sizes=\"auto, (max-width: 1024px) 100vw, 1024px\" \/><\/a><\/figure>\n\n\n\n<h2 class=\"wp-block-heading\"><strong>L\u00f6r 11 okt kl 15-17 kommer Karin Rudefelt &amp; Dr Blues till LaFamiglia,Tidaholm. Biljettf\u00f6rs\u00e4ljning fr\u00e5 kl 14 Intr\u00e4de 200kr (medlemmar 150 kr)<\/strong><\/h2>\n\n\n\n<h2 class=\"wp-block-heading\"><strong>\u201dKarin Rudefelt &amp; Doctor Blues&nbsp;\u00e4r ett svenskt, anrikt bluesband med ett modernt uttryck. Vi spelar en r\u00e5 och progressiv blues. Allt vi g\u00f6r \u00e4r f\u00f6rankrat i bluesen, i den k\u00e4nslan, men vi l\u00e5ter aldrig formen bli en begr\u00e4nsning f\u00f6r oss. Vi mixar d\u00e4rmed influenser fr\u00e5n olika bluesgenrer och tids\u00e5ldrar och l\u00e5nar \u00e4ven friskt blod fr\u00e5n andra genrer som rock, jazz, folk och funk.<\/strong><\/h2>\n\n\n\n<h2 class=\"wp-block-heading\"><strong>Vi komponerar och arrangerar levande, frisinnad blues som ber\u00f6r. V\u00e5rt m\u00e5l \u00e4r att uppdatera bluesen, ta influenserna fr\u00e5n traditionell blues och skapa n\u00e5got nytt. Vi framf\u00f6r v\u00e5r musik p\u00e5 ett f\u00f6r bluesen nydanande s\u00e4tt d\u00e4r vi i texter speglar v\u00e5r samtid i det lilla och i det stora. Alla l\u00e5tar \u00e4r skrivna och arrangerade av oss, ingen annan. Tillsamman skapas ett unikt uttryck d\u00e4r bluesen \u00e4r mer en k\u00e4nsla \u00e4n en form.\u201d &nbsp;<\/strong><\/h2>\n\n\n\n<h2 class=\"wp-block-heading\">Bandet firade 40-\u00e5rsjubileum 2021, och nuvarande konstellation har samarbetat under den senaste 20-\u00e5rsperioden. Dom har bevistat de st\u00f6rsta festivalerna och de hetaste bluesklubbarna b\u00e5de i Sverige och utomlands.<\/h2>\n\n\n\n<h2 class=\"wp-block-heading\">H\u00e4r \u00e4r de som ing\u00e5r i orkestern.<\/h2>\n\n\n\n<h2 class=\"wp-block-heading\"><strong>Peter Borgstr\u00f6m<\/strong> \u2013 bass, <strong>Karin Rudefelt<\/strong> \u2013 vocal, <strong>Hasse Nilsson<\/strong> \u2013 harmonica, <strong>Jesper Wihlborg<\/strong> \u2013 guitar, <strong>Lennart DrBlues Olofsson<\/strong> \u2013 guitar, vocal, slide, composer, <strong>Tobias Magnusson<\/strong> &#8211; drums<\/h2>\n\n\n\n<h1 class=\"wp-block-heading\">G\u00e5 g\u00e4rna in p\u00e5 <a href=\"https:\/\/www.facebook.com\/karinrudefeltdoctorblues\">Facebooksidan<\/a> och kika runt, l\u00e4s och lyssna. Du kan \u00e4ven hitta dom p\u00e5 <a href=\"https:\/\/open.spotify.com\/artist\/5KJanETa33CSFeBSRMBDg5?si=2wOkDZ6vQlKnQFlHTxsY1g\">Spotify<\/a><\/h1>\n\n\n\n<p><\/p>\n<p><\/p>","protected":false},"excerpt":{"rendered":"<p>L\u00f6r 11 okt kl 15-17 kommer Karin Rudefelt &amp; Dr Blues till LaFamiglia,Tidaholm. Biljettf\u00f6rs\u00e4ljning fr\u00e5 kl 14 Intr\u00e4de 200kr (medlemmar 150 kr) \u201dKarin Rudefelt &amp; Doctor Blues&nbsp;\u00e4r ett svenskt, anrikt bluesband med ett modernt uttryck. Vi spelar en r\u00e5 och &hellip; <a href=\"https:\/\/www.dustyroadblues.se\/?page_id=6806\">L\u00e4s mer <span class=\"meta-nav\">&rarr;<\/span><\/a><\/p>\n","protected":false},"author":6,"featured_media":0,"parent":0,"menu_order":0,"comment_status":"closed","ping_status":"closed","template":"","meta":{"om_disable_all_campaigns":false,"_monsterinsights_skip_tracking":false,"_monsterinsights_sitenote_active":false,"_monsterinsights_sitenote_note":"","_monsterinsights_sitenote_category":0,"_uf_show_specific_survey":0,"_uf_disable_surveys":false,"footnotes":""},"class_list":["post-6806","page","type-page","status-publish","hentry"],"_links":{"self":[{"href":"https:\/\/www.dustyroadblues.se\/index.php?rest_route=\/wp\/v2\/pages\/6806","targetHints":{"allow":["GET"]}}],"collection":[{"href":"https:\/\/www.dustyroadblues.se\/index.php?rest_route=\/wp\/v2\/pages"}],"about":[{"href":"https:\/\/www.dustyroadblues.se\/index.php?rest_route=\/wp\/v2\/types\/page"}],"author":[{"embeddable":true,"href":"https:\/\/www.dustyroadblues.se\/index.php?rest_route=\/wp\/v2\/users\/6"}],"replies":[{"embeddable":true,"href":"https:\/\/www.dustyroadblues.se\/index.php?rest_route=%2Fwp%2Fv2%2Fcomments&post=6806"}],"version-history":[{"count":4,"href":"https:\/\/www.dustyroadblues.se\/index.php?rest_route=\/wp\/v2\/pages\/6806\/revisions"}],"predecessor-version":[{"id":6816,"href":"https:\/\/www.dustyroadblues.se\/index.php?rest_route=\/wp\/v2\/pages\/6806\/revisions\/6816"}],"wp:attachment":[{"href":"https:\/\/www.dustyroadblues.se\/index.php?rest_route=%2Fwp%2Fv2%2Fmedia&parent=6806"}],"curies":[{"name":"wp","href":"https:\/\/api.w.org\/{rel}","templated":true}]}}