{"id":6891,"date":"2025-11-10T16:40:46","date_gmt":"2025-11-10T14:40:46","guid":{"rendered":"https:\/\/www.dustyroadblues.se\/?page_id=6891"},"modified":"2025-11-10T16:59:01","modified_gmt":"2025-11-10T14:59:01","slug":"eva-karlefjard-bluesband","status":"publish","type":"page","link":"https:\/\/www.dustyroadblues.se\/?page_id=6891","title":{"rendered":"EVA KARLEFJ\u00c4RD BLUESBAND"},"content":{"rendered":"\n<figure class=\"wp-block-image size-large\"><a href=\"http:\/\/www.dustyroadblues.se\/wp-content\/uploads\/2025\/11\/Eva-utan-reklam.png\"><img loading=\"lazy\" decoding=\"async\" width=\"1024\" height=\"768\" src=\"http:\/\/www.dustyroadblues.se\/wp-content\/uploads\/2025\/11\/Eva-utan-reklam-1024x768.png\" alt=\"\" class=\"wp-image-6892\" srcset=\"https:\/\/www.dustyroadblues.se\/wp-content\/uploads\/2025\/11\/Eva-utan-reklam-1024x768.png 1024w, https:\/\/www.dustyroadblues.se\/wp-content\/uploads\/2025\/11\/Eva-utan-reklam-300x225.png 300w, https:\/\/www.dustyroadblues.se\/wp-content\/uploads\/2025\/11\/Eva-utan-reklam-768x576.png 768w, https:\/\/www.dustyroadblues.se\/wp-content\/uploads\/2025\/11\/Eva-utan-reklam-1536x1152.png 1536w, https:\/\/www.dustyroadblues.se\/wp-content\/uploads\/2025\/11\/Eva-utan-reklam-160x120.png 160w, https:\/\/www.dustyroadblues.se\/wp-content\/uploads\/2025\/11\/Eva-utan-reklam.png 2048w\" sizes=\"auto, (max-width: 1024px) 100vw, 1024px\" \/><\/a><\/figure>\n\n\n\n<h1 class=\"wp-block-heading\"><strong>Eva Karlefj\u00e4rd, med r\u00f6tter i Sveriges blueshuvudstad \u00c5m\u00e5l, har under m\u00e5nga \u00e5r gjort starkt intryck p\u00e5 bluesscener runtom i Sverige.<\/strong> <\/h1>\n\n\n\n<h2 class=\"wp-block-heading\">Hennes unika r\u00f6st f\u00e5ngar publiken och g\u00e5r raka v\u00e4gen in i hj\u00e4rtat. Nu tar hon n\u00e4sta steg och sjunger p\u00e5 svenska, d\u00e4r hon tolkar sina inspirationsk\u00e4llor \u2013 bland andra Beth Hart, Bonnie Raitt, Etta James, Janiva Magness. Med texter som speglar lust, svartsjuka, sorg och l\u00e4ngtan bjuder Eva in lyssnaren att ta del av hennes v\u00e4rld. Och hon g\u00f6r det p\u00e5 ett alldeles nydanande s\u00e4tt. F\u00f6rbered dig p\u00e5 en intim och passionerad spelning d\u00e4r b\u00e5de livet och bluesen f\u00e5r fl\u00f6da fritt. H\u00e4r ryms allt fr\u00e5n hj\u00e4rtesorg till hopp, med ett sv\u00e4ng som b\u00e5de lyfter och lockar till dans. Tillsammans med sitt rutinerade band \u2013 Bo Hansson p\u00e5 keyboard, Svante Adermark p\u00e5 gitarr, Anders Blad p\u00e5 bas och Bengt Kristeberg p\u00e5 trummor \u2013 bjuder Eva Karlefj\u00e4rd Bluesband p\u00e5 en svindlande resa genom livets ljusa och m\u00f6rka sidor, d\u00e4r b\u00e5de humor och djup f\u00e5r ta plats.<\/h2>\n\n\n\n<p><\/p>\n<p><\/p>","protected":false},"excerpt":{"rendered":"<p>Eva Karlefj\u00e4rd, med r\u00f6tter i Sveriges blueshuvudstad \u00c5m\u00e5l, har under m\u00e5nga \u00e5r gjort starkt intryck p\u00e5 bluesscener runtom i Sverige. Hennes unika r\u00f6st f\u00e5ngar publiken och g\u00e5r raka v\u00e4gen in i hj\u00e4rtat. Nu tar hon n\u00e4sta steg och sjunger p\u00e5 &hellip; <a href=\"https:\/\/www.dustyroadblues.se\/?page_id=6891\">L\u00e4s mer <span class=\"meta-nav\">&rarr;<\/span><\/a><\/p>\n","protected":false},"author":6,"featured_media":0,"parent":0,"menu_order":0,"comment_status":"closed","ping_status":"closed","template":"","meta":{"om_disable_all_campaigns":false,"_monsterinsights_skip_tracking":false,"_monsterinsights_sitenote_active":false,"_monsterinsights_sitenote_note":"","_monsterinsights_sitenote_category":0,"_uf_show_specific_survey":0,"_uf_disable_surveys":false,"footnotes":""},"class_list":["post-6891","page","type-page","status-publish","hentry"],"_links":{"self":[{"href":"https:\/\/www.dustyroadblues.se\/index.php?rest_route=\/wp\/v2\/pages\/6891","targetHints":{"allow":["GET"]}}],"collection":[{"href":"https:\/\/www.dustyroadblues.se\/index.php?rest_route=\/wp\/v2\/pages"}],"about":[{"href":"https:\/\/www.dustyroadblues.se\/index.php?rest_route=\/wp\/v2\/types\/page"}],"author":[{"embeddable":true,"href":"https:\/\/www.dustyroadblues.se\/index.php?rest_route=\/wp\/v2\/users\/6"}],"replies":[{"embeddable":true,"href":"https:\/\/www.dustyroadblues.se\/index.php?rest_route=%2Fwp%2Fv2%2Fcomments&post=6891"}],"version-history":[{"count":1,"href":"https:\/\/www.dustyroadblues.se\/index.php?rest_route=\/wp\/v2\/pages\/6891\/revisions"}],"predecessor-version":[{"id":6893,"href":"https:\/\/www.dustyroadblues.se\/index.php?rest_route=\/wp\/v2\/pages\/6891\/revisions\/6893"}],"wp:attachment":[{"href":"https:\/\/www.dustyroadblues.se\/index.php?rest_route=%2Fwp%2Fv2%2Fmedia&parent=6891"}],"curies":[{"name":"wp","href":"https:\/\/api.w.org\/{rel}","templated":true}]}}