{"id":6913,"date":"2025-11-24T21:16:13","date_gmt":"2025-11-24T19:16:13","guid":{"rendered":"https:\/\/www.dustyroadblues.se\/?page_id=6913"},"modified":"2026-03-27T11:38:14","modified_gmt":"2026-03-27T09:38:14","slug":"tidaholms-blues-festival-2026","status":"publish","type":"page","link":"https:\/\/www.dustyroadblues.se\/?page_id=6913","title":{"rendered":"TBF 2026"},"content":{"rendered":"\n<figure class=\"wp-block-image size-large\"><a href=\"https:\/\/www.dustyroadblues.se\/wp-content\/uploads\/2025\/11\/Heading-sida001.png\"><img loading=\"lazy\" decoding=\"async\" width=\"1024\" height=\"293\" src=\"https:\/\/www.dustyroadblues.se\/wp-content\/uploads\/2025\/11\/Heading-sida001-1024x293.png\" alt=\"\" class=\"wp-image-6914\" srcset=\"https:\/\/www.dustyroadblues.se\/wp-content\/uploads\/2025\/11\/Heading-sida001-1024x293.png 1024w, https:\/\/www.dustyroadblues.se\/wp-content\/uploads\/2025\/11\/Heading-sida001-300x86.png 300w, https:\/\/www.dustyroadblues.se\/wp-content\/uploads\/2025\/11\/Heading-sida001-768x220.png 768w, https:\/\/www.dustyroadblues.se\/wp-content\/uploads\/2025\/11\/Heading-sida001-1536x439.png 1536w, https:\/\/www.dustyroadblues.se\/wp-content\/uploads\/2025\/11\/Heading-sida001-2048x585.png 2048w\" sizes=\"auto, (max-width: 1024px) 100vw, 1024px\" \/><\/a><\/figure>\n\n\n\n<h1 class=\"wp-block-heading has-text-align-center\"><strong>GENV\u00c4GAR:<\/strong><\/h1>\n\n\n\n<h2 class=\"wp-block-heading\"><a href=\"https:\/\/www.dustyroadblues.se\/?page_id=6958\">\u00c5rets artister<\/a>&#8211; <a href=\"https:\/\/www.dustyroadblues.se\/?page_id=6987\">Biljetter<\/a> &#8211; <a href=\"https:\/\/www.dustyroadblues.se\/?page_id=7351\">Camping<\/a> &#8211; <a href=\"https:\/\/www.dustyroadblues.se\/?page_id=7422\">T\u00e4ltplass<\/a> &#8211; Boende &#8211; <a href=\"http:\/\/www.dustyroadblues.se\/?page_id=7340\">Program<\/a> &#8211; Festivaljam &#8211; Sponsorer &#8211; Bussturerna &#8211; Programblad &#8211; \u00c5rets affisch &#8211; V\u00e4skf\u00f6rbud &#8211; Festivalmeny &#8211; <a href=\"https:\/\/docs.google.com\/forms\/d\/1g9vPBZc7cfV_uQeg1r_KbU9jJMXWWOvDUECPQxTfi00\/viewform?edit_requested=true\">Bli medlem i Dusty Road Blues<\/a> &#8211; <a href=\"http:\/\/www.dustyroadblues.se\/wp-content\/uploads\/2026\/01\/Jubileumsblad-komprimerad.pdf\">Jubileumstidning<\/a><\/h2>\n\n\n\n<h1 class=\"wp-block-heading\">2026 \u00e5rs festival inneb\u00e4r n\u00e5gra f\u00f6r\u00e4ndringar j\u00e4mf\u00f6rt med 2025. Vi s\u00e4ljer t ex inget festivalpass f\u00f6r tv\u00e5 dagar, utan vill du uppleva b\u00e5de fredag och l\u00f6rdag f\u00e5r du l\u00f6sa biljett f\u00f6r varje dag. Biljetter s\u00e4ljs p\u00e5 <a href=\"http:\/\/www.biljettkiosken.se\/\" target=\"_blank\" rel=\"noreferrer noopener\">www.biljettkiosken.se<\/a> och ocks\u00e5 i Tidaholms Bokhandel.<\/h1>\n\n\n\n<h2 class=\"wp-block-heading\">Onsdagen den 27\/5 och torsdagen den 28\/5 blir det tv\u00e5 spelningar i Tidaholms centrum, med fritt intr\u00e4de. <\/h2>\n\n\n\n<h2 class=\"wp-block-heading\">Fredagen den 29\/5 \u00e4r vi p\u00e5 Sagateatern i Tidaholms centrum med tv\u00e5 intressanta band som spelar under kv\u00e4llen, 19-22.30. Mat- och dryckf\u00f6rs\u00e4ljning som vanligt. Begr\u00e4nsat antal biljetter, max 300. <\/h2>\n\n\n\n<h2 class=\"wp-block-heading\">Sent fredag kv\u00e4ll, start cirka 23.00, blir det ett par timmars spelning i Folkets Park. Du som har intr\u00e4desbiljett fredag och\/eller l\u00f6rdag kommer in p\u00e5 spelningen. <\/h2>\n\n\n\n<h2 class=\"wp-block-heading\">L\u00f6rdag den 30\/5, klockan 11-cirka 14, blir det JAM i p\u00e5 JIVE`s i Tidaholms centrum.<\/h2>\n\n\n\n<h2 class=\"wp-block-heading\">L\u00f6rdag den 30\/5, klockan 17-24, upptr\u00e4der 5-6 band fr\u00e5n stora scenen i Folkets Park. Mat- och dryckf\u00f6rs\u00e4ljning som vanligt. <\/h2>\n\n\n\n<h2 class=\"wp-block-heading\">Camping i anslutning till Folkets Park fungerar som vanligt fr\u00e5n och med fredagen. <\/h2>\n\n\n\n<h2 class=\"wp-block-heading\">Artistbokningar m.m. kan du f\u00f6lja p\u00e5 facebooksidan Tidaholms Bluesfestival och p\u00e5 f\u00f6reningens hemsida <a href=\"http:\/\/www.dustyroadblues.se\/\" target=\"_blank\" rel=\"noreferrer noopener\">www.dustyroadblues.se<\/a>. <\/h2>\n\n\n\n<h2 class=\"wp-block-heading\">Om du har fr\u00e5gor kan du skicka sms eller ringa till Jan-Yngve Ekstedt, 0722198056.<\/h2>\n\n\n\n<p><a href=\"https:\/\/www.biljettkiosken.se\/\" rel=\"noreferrer noopener\" target=\"_blank\"><\/a><\/p>\n\n\n\n<p><\/p>\n<p><\/p>","protected":false},"excerpt":{"rendered":"<p>GENV\u00c4GAR: \u00c5rets artister&#8211; Biljetter &#8211; Camping &#8211; T\u00e4ltplass &#8211; Boende &#8211; Program &#8211; Festivaljam &#8211; Sponsorer &#8211; Bussturerna &#8211; Programblad &#8211; \u00c5rets affisch &#8211; V\u00e4skf\u00f6rbud &#8211; Festivalmeny &#8211; Bli medlem i Dusty Road Blues &#8211; Jubileumstidning 2026 \u00e5rs festival inneb\u00e4r &hellip; <a href=\"https:\/\/www.dustyroadblues.se\/?page_id=6913\">L\u00e4s mer <span class=\"meta-nav\">&rarr;<\/span><\/a><\/p>\n","protected":false},"author":6,"featured_media":0,"parent":0,"menu_order":0,"comment_status":"closed","ping_status":"closed","template":"","meta":{"om_disable_all_campaigns":false,"_monsterinsights_skip_tracking":false,"_monsterinsights_sitenote_active":false,"_monsterinsights_sitenote_note":"","_monsterinsights_sitenote_category":0,"_uf_show_specific_survey":0,"_uf_disable_surveys":false,"footnotes":""},"class_list":["post-6913","page","type-page","status-publish","hentry"],"_links":{"self":[{"href":"https:\/\/www.dustyroadblues.se\/index.php?rest_route=\/wp\/v2\/pages\/6913","targetHints":{"allow":["GET"]}}],"collection":[{"href":"https:\/\/www.dustyroadblues.se\/index.php?rest_route=\/wp\/v2\/pages"}],"about":[{"href":"https:\/\/www.dustyroadblues.se\/index.php?rest_route=\/wp\/v2\/types\/page"}],"author":[{"embeddable":true,"href":"https:\/\/www.dustyroadblues.se\/index.php?rest_route=\/wp\/v2\/users\/6"}],"replies":[{"embeddable":true,"href":"https:\/\/www.dustyroadblues.se\/index.php?rest_route=%2Fwp%2Fv2%2Fcomments&post=6913"}],"version-history":[{"count":13,"href":"https:\/\/www.dustyroadblues.se\/index.php?rest_route=\/wp\/v2\/pages\/6913\/revisions"}],"predecessor-version":[{"id":7425,"href":"https:\/\/www.dustyroadblues.se\/index.php?rest_route=\/wp\/v2\/pages\/6913\/revisions\/7425"}],"wp:attachment":[{"href":"https:\/\/www.dustyroadblues.se\/index.php?rest_route=%2Fwp%2Fv2%2Fmedia&parent=6913"}],"curies":[{"name":"wp","href":"https:\/\/api.w.org\/{rel}","templated":true}]}}