{"id":7312,"date":"2026-03-06T23:41:16","date_gmt":"2026-03-06T21:41:16","guid":{"rendered":"https:\/\/www.dustyroadblues.se\/?page_id=7312"},"modified":"2026-04-07T20:17:11","modified_gmt":"2026-04-07T18:17:11","slug":"muddy-what","status":"publish","type":"page","link":"https:\/\/www.dustyroadblues.se\/?page_id=7312","title":{"rendered":"Muddy What?"},"content":{"rendered":"\n<figure class=\"wp-block-image size-full is-resized\"><a href=\"https:\/\/www.dustyroadblues.se\/wp-content\/uploads\/2026\/03\/d6769e71-f47e-499e-8bd5-a4305aa1968e.png\"><img loading=\"lazy\" decoding=\"async\" width=\"640\" height=\"427\" src=\"https:\/\/www.dustyroadblues.se\/wp-content\/uploads\/2026\/03\/d6769e71-f47e-499e-8bd5-a4305aa1968e.png\" alt=\"\" class=\"wp-image-7313\" style=\"width:840px;height:auto\" srcset=\"https:\/\/www.dustyroadblues.se\/wp-content\/uploads\/2026\/03\/d6769e71-f47e-499e-8bd5-a4305aa1968e.png 640w, https:\/\/www.dustyroadblues.se\/wp-content\/uploads\/2026\/03\/d6769e71-f47e-499e-8bd5-a4305aa1968e-300x200.png 300w, https:\/\/www.dustyroadblues.se\/wp-content\/uploads\/2026\/03\/d6769e71-f47e-499e-8bd5-a4305aa1968e-120x80.png 120w\" sizes=\"auto, (max-width: 640px) 100vw, 640px\" \/><\/a><\/figure>\n\n\n\n<h1 class=\"wp-block-heading\"><strong>Muddy\u202fWhat? \u2013 New Blues, ung, vild och full av hj\u00e4rta.<\/strong><\/h1>\n\n\n\n<h2 class=\"wp-block-heading\">Muddy\u202fWhat? \u00e4r tillbaka p\u00e5 turn\u00e9 2026 \u2013 och tar med sin explosiva energi och passionerade groove till Sverige i v\u00e5r! Det M\u00fcnchen-baserade trion av de karismatiska syskonen Ina och Fabian\u202fSpang \u00e4r ung, vild och i framkant av New Blues-r\u00f6relsen. Med en virtuos kvinnlig gitarr- och mandolinspelare i spetsen, hj\u00e4rta och k\u00e4nsla, skapar de en elektrifierande live-energi. Kraftfulla s\u00e5nginsatser, Mississippi-Delta-vibbar och ren scenkarisma f\u00e5ngar publiken fr\u00e5n f\u00f6rsta tonen. <\/h2>\n\n\n\n<h2 class=\"wp-block-heading\">2022 tog sig bandet till semifinalen i International Blues Challenge i Memphis \u2013 bara ett av m\u00e5nga milstolpar p\u00e5 deras internationella resa. Deras livealbum&nbsp;Live\u202fat\u202fVictoria\u202fTeatern, inspelat i Malm\u00f6 och sl\u00e4ppt 2025, v\u00e4ckte stor entusiasm \u00f6ver hela v\u00e4rlden.&nbsp;12 mars 2026 kommer deras n\u00e4sta studioalbum, som de kommer att presentera under sin omfattande Europaturn\u00e9. Muddy\u202fWhat? \u00e4r p\u00e5 turn\u00e9 med hj\u00e4rta och sj\u00e4l och imponerar \u00e5r efter \u00e5r p\u00e5 publik och musikscen. Syskonen visar tydligt att modern blues lever, brinner och inspirerar.<\/h2>\n\n\n\n<h2 class=\"wp-block-heading\">Den som upplever dem live f\u00e5r ingen nostalgif\u00f6rest\u00e4llning \u2013 ist\u00e4llet en konsert full av hj\u00e4rta, groove och g\u00e5shuds\u00f6gonblick. Fr\u00e5n M\u00fcnchen genom Skandinavien till Panama \u2013 n\u00e4r Muddy\u202fWhat? \u00e4r i n\u00e4rheten vill man inte missa detta live-upplevelse. <\/h2>\n\n\n\n<h2 class=\"wp-block-heading\">Som en kritiker skrev:&nbsp;\u201cDetta bluesband \u00e4r inte r\u00e4dda f\u00f6r bra st\u00e4mning \u2013 Muddy\u202fWhat? \u00e4r helt or\u00e4dda.<\/h2>\n\n\n\n<p><\/p>\n\n\n\n<p><\/p>\n<p><\/p>","protected":false},"excerpt":{"rendered":"<p>Muddy\u202fWhat? \u2013 New Blues, ung, vild och full av hj\u00e4rta. Muddy\u202fWhat? \u00e4r tillbaka p\u00e5 turn\u00e9 2026 \u2013 och tar med sin explosiva energi och passionerade groove till Sverige i v\u00e5r! Det M\u00fcnchen-baserade trion av de karismatiska syskonen Ina och Fabian\u202fSpang &hellip; <a href=\"https:\/\/www.dustyroadblues.se\/?page_id=7312\">L\u00e4s mer <span class=\"meta-nav\">&rarr;<\/span><\/a><\/p>\n","protected":false},"author":6,"featured_media":0,"parent":0,"menu_order":0,"comment_status":"closed","ping_status":"closed","template":"","meta":{"om_disable_all_campaigns":false,"_monsterinsights_skip_tracking":false,"_monsterinsights_sitenote_active":false,"_monsterinsights_sitenote_note":"","_monsterinsights_sitenote_category":0,"_uf_show_specific_survey":0,"_uf_disable_surveys":false,"footnotes":""},"class_list":["post-7312","page","type-page","status-publish","hentry"],"_links":{"self":[{"href":"https:\/\/www.dustyroadblues.se\/index.php?rest_route=\/wp\/v2\/pages\/7312","targetHints":{"allow":["GET"]}}],"collection":[{"href":"https:\/\/www.dustyroadblues.se\/index.php?rest_route=\/wp\/v2\/pages"}],"about":[{"href":"https:\/\/www.dustyroadblues.se\/index.php?rest_route=\/wp\/v2\/types\/page"}],"author":[{"embeddable":true,"href":"https:\/\/www.dustyroadblues.se\/index.php?rest_route=\/wp\/v2\/users\/6"}],"replies":[{"embeddable":true,"href":"https:\/\/www.dustyroadblues.se\/index.php?rest_route=%2Fwp%2Fv2%2Fcomments&post=7312"}],"version-history":[{"count":6,"href":"https:\/\/www.dustyroadblues.se\/index.php?rest_route=\/wp\/v2\/pages\/7312\/revisions"}],"predecessor-version":[{"id":7442,"href":"https:\/\/www.dustyroadblues.se\/index.php?rest_route=\/wp\/v2\/pages\/7312\/revisions\/7442"}],"wp:attachment":[{"href":"https:\/\/www.dustyroadblues.se\/index.php?rest_route=%2Fwp%2Fv2%2Fmedia&parent=7312"}],"curies":[{"name":"wp","href":"https:\/\/api.w.org\/{rel}","templated":true}]}}