{"id":7331,"date":"2026-03-08T19:43:35","date_gmt":"2026-03-08T17:43:35","guid":{"rendered":"https:\/\/www.dustyroadblues.se\/?page_id=7331"},"modified":"2026-04-05T11:29:53","modified_gmt":"2026-04-05T09:29:53","slug":"blues-cafe","status":"publish","type":"page","link":"https:\/\/www.dustyroadblues.se\/?page_id=7331","title":{"rendered":"Blues Caf\u00e8"},"content":{"rendered":"\n<figure class=\"wp-block-image size-large\"><a href=\"https:\/\/www.dustyroadblues.se\/wp-content\/uploads\/2026\/03\/BluesCafe-affich-2-5-affisch-hemsida-sida001-1.png\"><img loading=\"lazy\" decoding=\"async\" width=\"724\" height=\"1024\" src=\"https:\/\/www.dustyroadblues.se\/wp-content\/uploads\/2026\/03\/BluesCafe-affich-2-5-affisch-hemsida-sida001-1-724x1024.png\" alt=\"\" class=\"wp-image-7376\" srcset=\"https:\/\/www.dustyroadblues.se\/wp-content\/uploads\/2026\/03\/BluesCafe-affich-2-5-affisch-hemsida-sida001-1-724x1024.png 724w, https:\/\/www.dustyroadblues.se\/wp-content\/uploads\/2026\/03\/BluesCafe-affich-2-5-affisch-hemsida-sida001-1-212x300.png 212w, https:\/\/www.dustyroadblues.se\/wp-content\/uploads\/2026\/03\/BluesCafe-affich-2-5-affisch-hemsida-sida001-1-768x1086.png 768w, https:\/\/www.dustyroadblues.se\/wp-content\/uploads\/2026\/03\/BluesCafe-affich-2-5-affisch-hemsida-sida001-1.png 842w\" sizes=\"auto, (max-width: 724px) 100vw, 724px\" \/><\/a><\/figure>\n\n\n\n<h1 class=\"wp-block-heading\"><strong>Bluescaf\u00e9 &#8211; Dusty Road Blues nya erbjudande<\/strong><\/h1>\n\n\n\n<h2 class=\"wp-block-heading\">Blues Caf\u00e9 &#8211; Dusty Road Blues nya erbjudande. Varannan onsdag mellan 18.00 och 20.00 bjuder vi in \u200b\u200btill Blues Caf\u00e9 i Tidaholms museums lokaler. Varje g\u00e5ng presenterar vi speciella g\u00e4ster som bidrar med en kort f\u00f6rel\u00e4sning, s\u00e5ng och musik eller n\u00e5got annat. Dessutom blir det fika och lite musik i h\u00f6gtalarna och kanske n\u00e5gra videoklipp fr\u00e5n f\u00f6reningens tidigare evenemang. N\u00e4sta Blues Caf\u00e9et blir onsdagen den 8 april, Per Sundler kommer och ber\u00e4ttar om Detroit Diesel. Anja Praesto kommer ocks\u00e5 att ber\u00e4tta om m\u00e4nniskor i Eddie Meduzas l\u00e5tar.<\/h2>\n\n\n\n<h1 class=\"wp-block-heading\"><strong>Alla \u00e4r varmt v\u00e4lkomna!<\/strong><\/h1>\n\n\n\n<p><\/p>\n<p><\/p>","protected":false},"excerpt":{"rendered":"<p>Bluescaf\u00e9 &#8211; Dusty Road Blues nya erbjudande Blues Caf\u00e9 &#8211; Dusty Road Blues nya erbjudande. Varannan onsdag mellan 18.00 och 20.00 bjuder vi in \u200b\u200btill Blues Caf\u00e9 i Tidaholms museums lokaler. Varje g\u00e5ng presenterar vi speciella g\u00e4ster som bidrar med &hellip; <a href=\"https:\/\/www.dustyroadblues.se\/?page_id=7331\">L\u00e4s mer <span class=\"meta-nav\">&rarr;<\/span><\/a><\/p>\n","protected":false},"author":6,"featured_media":0,"parent":0,"menu_order":0,"comment_status":"closed","ping_status":"closed","template":"","meta":{"om_disable_all_campaigns":false,"_monsterinsights_skip_tracking":false,"_monsterinsights_sitenote_active":false,"_monsterinsights_sitenote_note":"","_monsterinsights_sitenote_category":0,"_uf_show_specific_survey":0,"_uf_disable_surveys":false,"footnotes":""},"class_list":["post-7331","page","type-page","status-publish","hentry"],"_links":{"self":[{"href":"https:\/\/www.dustyroadblues.se\/index.php?rest_route=\/wp\/v2\/pages\/7331","targetHints":{"allow":["GET"]}}],"collection":[{"href":"https:\/\/www.dustyroadblues.se\/index.php?rest_route=\/wp\/v2\/pages"}],"about":[{"href":"https:\/\/www.dustyroadblues.se\/index.php?rest_route=\/wp\/v2\/types\/page"}],"author":[{"embeddable":true,"href":"https:\/\/www.dustyroadblues.se\/index.php?rest_route=\/wp\/v2\/users\/6"}],"replies":[{"embeddable":true,"href":"https:\/\/www.dustyroadblues.se\/index.php?rest_route=%2Fwp%2Fv2%2Fcomments&post=7331"}],"version-history":[{"count":6,"href":"https:\/\/www.dustyroadblues.se\/index.php?rest_route=\/wp\/v2\/pages\/7331\/revisions"}],"predecessor-version":[{"id":7435,"href":"https:\/\/www.dustyroadblues.se\/index.php?rest_route=\/wp\/v2\/pages\/7331\/revisions\/7435"}],"wp:attachment":[{"href":"https:\/\/www.dustyroadblues.se\/index.php?rest_route=%2Fwp%2Fv2%2Fmedia&parent=7331"}],"curies":[{"name":"wp","href":"https:\/\/api.w.org\/{rel}","templated":true}]}}