{"id":7351,"date":"2026-03-14T18:07:12","date_gmt":"2026-03-14T16:07:12","guid":{"rendered":"https:\/\/www.dustyroadblues.se\/?page_id=7351"},"modified":"2026-03-14T18:49:39","modified_gmt":"2026-03-14T16:49:39","slug":"camping-2","status":"publish","type":"page","link":"https:\/\/www.dustyroadblues.se\/?page_id=7351","title":{"rendered":"Camping"},"content":{"rendered":"\n<figure class=\"wp-block-image size-large\"><a href=\"http:\/\/www.dustyroadblues.se\/wp-content\/uploads\/2025\/04\/Camping-sida001.png\"><img loading=\"lazy\" decoding=\"async\" width=\"1024\" height=\"528\" src=\"http:\/\/www.dustyroadblues.se\/wp-content\/uploads\/2025\/04\/Camping-sida001-1024x528.png\" alt=\"\" class=\"wp-image-6630\" srcset=\"https:\/\/www.dustyroadblues.se\/wp-content\/uploads\/2025\/04\/Camping-sida001-1024x528.png 1024w, https:\/\/www.dustyroadblues.se\/wp-content\/uploads\/2025\/04\/Camping-sida001-300x155.png 300w, https:\/\/www.dustyroadblues.se\/wp-content\/uploads\/2025\/04\/Camping-sida001-768x396.png 768w, https:\/\/www.dustyroadblues.se\/wp-content\/uploads\/2025\/04\/Camping-sida001-1536x792.png 1536w, https:\/\/www.dustyroadblues.se\/wp-content\/uploads\/2025\/04\/Camping-sida001-2048x1056.png 2048w\" sizes=\"auto, (max-width: 1024px) 100vw, 1024px\" \/><\/a><\/figure>\n\n\n\n<h1 class=\"wp-block-heading\"><strong>Strax utanf\u00f6r festivalomr\u00e5det (100meter fr\u00e5n entr\u00e9n) finns ett antal platser f\u00f6r husbil &amp; husvagn. <\/strong><\/h1>\n\n\n\n<h2 class=\"wp-block-heading\">Platserna som \u00e4r p\u00e5 en grusplan kan bokas per dygn. De \u00e4r utan el och kostar 200kr\/dygn. Betalning sker i f\u00f6rskott. Information om hur f\u00e5r ni i samband med bekr\u00e4ftelsen p\u00e5 att ni har en plats. <\/h2>\n\n\n\n<h2 class=\"wp-block-heading\"><a href=\"https:\/\/forms.gle\/LUw8a1YoZz9Z7GjZ6\">H\u00e4r anm\u00e4ler ni ert intresse<\/a><\/h2>\n\n\n\n<h2 class=\"wp-block-heading\"> OBS ett ekipage per anm\u00e4lan<\/h2>\n\n\n\n<p><\/p>\n<p><\/p>","protected":false},"excerpt":{"rendered":"<p>Strax utanf\u00f6r festivalomr\u00e5det (100meter fr\u00e5n entr\u00e9n) finns ett antal platser f\u00f6r husbil &amp; husvagn. Platserna som \u00e4r p\u00e5 en grusplan kan bokas per dygn. De \u00e4r utan el och kostar 200kr\/dygn. Betalning sker i f\u00f6rskott. Information om hur f\u00e5r ni &hellip; <a href=\"https:\/\/www.dustyroadblues.se\/?page_id=7351\">L\u00e4s mer <span class=\"meta-nav\">&rarr;<\/span><\/a><\/p>\n","protected":false},"author":6,"featured_media":0,"parent":0,"menu_order":0,"comment_status":"closed","ping_status":"closed","template":"","meta":{"om_disable_all_campaigns":false,"_monsterinsights_skip_tracking":false,"_monsterinsights_sitenote_active":false,"_monsterinsights_sitenote_note":"","_monsterinsights_sitenote_category":0,"_uf_show_specific_survey":0,"_uf_disable_surveys":false,"footnotes":""},"class_list":["post-7351","page","type-page","status-publish","hentry"],"_links":{"self":[{"href":"https:\/\/www.dustyroadblues.se\/index.php?rest_route=\/wp\/v2\/pages\/7351","targetHints":{"allow":["GET"]}}],"collection":[{"href":"https:\/\/www.dustyroadblues.se\/index.php?rest_route=\/wp\/v2\/pages"}],"about":[{"href":"https:\/\/www.dustyroadblues.se\/index.php?rest_route=\/wp\/v2\/types\/page"}],"author":[{"embeddable":true,"href":"https:\/\/www.dustyroadblues.se\/index.php?rest_route=\/wp\/v2\/users\/6"}],"replies":[{"embeddable":true,"href":"https:\/\/www.dustyroadblues.se\/index.php?rest_route=%2Fwp%2Fv2%2Fcomments&post=7351"}],"version-history":[{"count":2,"href":"https:\/\/www.dustyroadblues.se\/index.php?rest_route=\/wp\/v2\/pages\/7351\/revisions"}],"predecessor-version":[{"id":7353,"href":"https:\/\/www.dustyroadblues.se\/index.php?rest_route=\/wp\/v2\/pages\/7351\/revisions\/7353"}],"wp:attachment":[{"href":"https:\/\/www.dustyroadblues.se\/index.php?rest_route=%2Fwp%2Fv2%2Fmedia&parent=7351"}],"curies":[{"name":"wp","href":"https:\/\/api.w.org\/{rel}","templated":true}]}}