{"id":7379,"date":"2026-03-19T12:45:45","date_gmt":"2026-03-19T10:45:45","guid":{"rendered":"https:\/\/www.dustyroadblues.se\/?page_id=7379"},"modified":"2026-03-19T18:32:34","modified_gmt":"2026-03-19T16:32:34","slug":"torbjorn-risager-the-black-tornado","status":"publish","type":"page","link":"https:\/\/www.dustyroadblues.se\/?page_id=7379","title":{"rendered":"Torbj\u00f6rn Risager &amp; The Black Tornado"},"content":{"rendered":"\n<figure class=\"wp-block-image size-large\"><a href=\"http:\/\/www.dustyroadblues.se\/wp-content\/uploads\/2025\/11\/Risager-hemsida.png\"><img loading=\"lazy\" decoding=\"async\" width=\"1024\" height=\"1024\" src=\"http:\/\/www.dustyroadblues.se\/wp-content\/uploads\/2025\/11\/Risager-hemsida-1024x1024.png\" alt=\"\" class=\"wp-image-6880\" srcset=\"https:\/\/www.dustyroadblues.se\/wp-content\/uploads\/2025\/11\/Risager-hemsida-1024x1024.png 1024w, https:\/\/www.dustyroadblues.se\/wp-content\/uploads\/2025\/11\/Risager-hemsida-300x300.png 300w, https:\/\/www.dustyroadblues.se\/wp-content\/uploads\/2025\/11\/Risager-hemsida-150x150.png 150w, https:\/\/www.dustyroadblues.se\/wp-content\/uploads\/2025\/11\/Risager-hemsida-768x768.png 768w, https:\/\/www.dustyroadblues.se\/wp-content\/uploads\/2025\/11\/Risager-hemsida-1536x1536.png 1536w, https:\/\/www.dustyroadblues.se\/wp-content\/uploads\/2025\/11\/Risager-hemsida-144x144.png 144w, https:\/\/www.dustyroadblues.se\/wp-content\/uploads\/2025\/11\/Risager-hemsida.png 2048w\" sizes=\"auto, (max-width: 1024px) 100vw, 1024px\" \/><\/a><\/figure>\n\n\n\n<h1 class=\"wp-block-heading\"><strong>I \u00f6ver tv\u00e5 decennier har Thorbj\u00f8rn Risager &amp; The Black Tornado varit Danmarks ledande bluesrockband.<\/strong> <\/h1>\n\n\n\n<h2 class=\"wp-block-heading\">Bandet har turnerat i 23 l\u00e4nder samt mottagit flera priser, bland annat Danish Music Awards 2023. Thorbj\u00f8rns kraftfulla s\u00e5ng, Joachim Svensmarks fantastiska gitarrlir och en utomordentlig rytm- och bl\u00e5ssektion har ett rykte om sig att ge underh\u00e5llning som ber\u00f6r. <\/h2>\n\n\n\n<h2 class=\"wp-block-heading\">Det \u00e4r en musikalisk styrkedemonstration ni kommer att f\u00e5 uppleva. Vi f\u00e5r med st\u00f6rsta sannolikhet h\u00f6ra en del l\u00e5tar fr\u00e5n det senaste albumet, House of Sticks, som sl\u00e4pptes nu i b\u00f6rjan av \u00e5ret, samt kanske n\u00e5gra \u00f6verraskningar. Det ska bli mycket sp\u00e4nnande att se\/h\u00f6ra dem p\u00e5 v\u00e5r scen igen.<\/h2>\n\n\n\n<h2 class=\"wp-block-heading\">Torbj\u00f6rn Risager &#8211; s\u00e5ng gitarr<\/h2>\n\n\n\n<h2 class=\"wp-block-heading\">Emil Balsgaard &#8211; orgel &amp; keyboard<\/h2>\n\n\n\n<h2 class=\"wp-block-heading\">Joachim Svensmark &#8211; gitarr &amp; k\u00f6r<\/h2>\n\n\n\n<h2 class=\"wp-block-heading\">Kasper Wagner &#8211; saxofon &amp; k\u00f6r<\/h2>\n\n\n\n<h2 class=\"wp-block-heading\">Peter Kehl &#8211; trumpet, flygelhorn &amp; k\u00f6r<\/h2>\n\n\n\n<h2 class=\"wp-block-heading\">S\u00f6ren Bojgaard &#8211; bas, syntbas &amp; sampler<\/h2>\n\n\n\n<h2 class=\"wp-block-heading\">Martin Seidelin &#8211; trummor &amp; k\u00f6r<\/h2>\n\n\n\n<h2 class=\"wp-block-heading\">Hans Nybo &#8211; tenorsaxofon<\/h2>\n<p><\/p>","protected":false},"excerpt":{"rendered":"<p>I \u00f6ver tv\u00e5 decennier har Thorbj\u00f8rn Risager &amp; The Black Tornado varit Danmarks ledande bluesrockband. Bandet har turnerat i 23 l\u00e4nder samt mottagit flera priser, bland annat Danish Music Awards 2023. Thorbj\u00f8rns kraftfulla s\u00e5ng, Joachim Svensmarks fantastiska gitarrlir och en &hellip; <a href=\"https:\/\/www.dustyroadblues.se\/?page_id=7379\">L\u00e4s mer <span class=\"meta-nav\">&rarr;<\/span><\/a><\/p>\n","protected":false},"author":6,"featured_media":0,"parent":0,"menu_order":0,"comment_status":"closed","ping_status":"closed","template":"","meta":{"om_disable_all_campaigns":false,"_monsterinsights_skip_tracking":false,"_monsterinsights_sitenote_active":false,"_monsterinsights_sitenote_note":"","_monsterinsights_sitenote_category":0,"_uf_show_specific_survey":0,"_uf_disable_surveys":false,"footnotes":""},"class_list":["post-7379","page","type-page","status-publish","hentry"],"_links":{"self":[{"href":"https:\/\/www.dustyroadblues.se\/index.php?rest_route=\/wp\/v2\/pages\/7379","targetHints":{"allow":["GET"]}}],"collection":[{"href":"https:\/\/www.dustyroadblues.se\/index.php?rest_route=\/wp\/v2\/pages"}],"about":[{"href":"https:\/\/www.dustyroadblues.se\/index.php?rest_route=\/wp\/v2\/types\/page"}],"author":[{"embeddable":true,"href":"https:\/\/www.dustyroadblues.se\/index.php?rest_route=\/wp\/v2\/users\/6"}],"replies":[{"embeddable":true,"href":"https:\/\/www.dustyroadblues.se\/index.php?rest_route=%2Fwp%2Fv2%2Fcomments&post=7379"}],"version-history":[{"count":7,"href":"https:\/\/www.dustyroadblues.se\/index.php?rest_route=\/wp\/v2\/pages\/7379\/revisions"}],"predecessor-version":[{"id":7390,"href":"https:\/\/www.dustyroadblues.se\/index.php?rest_route=\/wp\/v2\/pages\/7379\/revisions\/7390"}],"wp:attachment":[{"href":"https:\/\/www.dustyroadblues.se\/index.php?rest_route=%2Fwp%2Fv2%2Fmedia&parent=7379"}],"curies":[{"name":"wp","href":"https:\/\/api.w.org\/{rel}","templated":true}]}}