{"id":7391,"date":"2026-03-22T14:16:46","date_gmt":"2026-03-22T12:16:46","guid":{"rendered":"http:\/\/www.dustyroadblues.se\/?page_id=7391"},"modified":"2026-03-22T14:25:06","modified_gmt":"2026-03-22T12:25:06","slug":"slap-back-joe-2","status":"publish","type":"page","link":"https:\/\/www.dustyroadblues.se\/?page_id=7391","title":{"rendered":"Slap Back Joe"},"content":{"rendered":"\n<figure class=\"wp-block-image size-large\"><a href=\"http:\/\/www.dustyroadblues.se\/wp-content\/uploads\/2026\/03\/51742479-159d-43c0-8d45-e161813df508.png\"><img loading=\"lazy\" decoding=\"async\" width=\"1024\" height=\"768\" src=\"http:\/\/www.dustyroadblues.se\/wp-content\/uploads\/2026\/03\/51742479-159d-43c0-8d45-e161813df508-1024x768.png\" alt=\"\" class=\"wp-image-7392\" srcset=\"https:\/\/www.dustyroadblues.se\/wp-content\/uploads\/2026\/03\/51742479-159d-43c0-8d45-e161813df508-1024x768.png 1024w, https:\/\/www.dustyroadblues.se\/wp-content\/uploads\/2026\/03\/51742479-159d-43c0-8d45-e161813df508-300x225.png 300w, https:\/\/www.dustyroadblues.se\/wp-content\/uploads\/2026\/03\/51742479-159d-43c0-8d45-e161813df508-768x576.png 768w, https:\/\/www.dustyroadblues.se\/wp-content\/uploads\/2026\/03\/51742479-159d-43c0-8d45-e161813df508-1536x1152.png 1536w, https:\/\/www.dustyroadblues.se\/wp-content\/uploads\/2026\/03\/51742479-159d-43c0-8d45-e161813df508-160x120.png 160w, https:\/\/www.dustyroadblues.se\/wp-content\/uploads\/2026\/03\/51742479-159d-43c0-8d45-e161813df508.png 2000w\" sizes=\"auto, (max-width: 1024px) 100vw, 1024px\" \/><\/a><\/figure>\n\n\n\n<h1 class=\"wp-block-heading\"><strong>Slap Back Joe \u00e4r ett originalband som spelar modern, r\u00f6kig blues i \u00e4kta Texas-anda. Med r\u00f6tter i bluesrocken och ett driv som f\u00f6r tankarna till Lynyrd Skynyrd, levererar bandet ett tungt, sv\u00e4ngigt och melodiskt sound. <\/strong><\/h1>\n\n\n\n<h2 class=\"wp-block-heading\">Bandet bildades 2020, mitt under pandemin n\u00e4r v\u00e4rlden stod still. N\u00e4r livescenerna tystnade byggde Slap Back Joe ist\u00e4llet upp en egen studio och fokuserade fullt ut p\u00e5 att skriva och spela in egen musik. <\/h2>\n\n\n\n<h2 class=\"wp-block-heading\">Debutalbumet System Breakdown sl\u00e4pptes 2021 och bel\u00f6nades med 8\/10 i betyg av Sweden Rock Magazine. Uppf\u00f6ljaren Singing My Blues Away fr\u00e5n 2023 bef\u00e4ste bandets position p\u00e5 den svenska bluesrockscenen. <\/h2>\n\n\n\n<h2 class=\"wp-block-heading\">Genom \u00e5ren har Slap Back Joe spelat p\u00e5 bluesfestivaler, bluesklubbar och pubscener runt om i landet och utvecklats till ett varmt, tajt och energiskt liveband. Under vintern spelas just nu en ny platta in, med ny s\u00e5ngare, som planeras att sl\u00e4ppas under v\u00e5ren. <\/h2>\n\n\n\n<h2 class=\"wp-block-heading\">Samtliga medlemmar har l\u00e5ng erfarenhet fr\u00e5n olika liveband och besitter gedigen rutin och h\u00f6g musikalisk niv\u00e5. Slap Back Joe best\u00e5r av: <\/h2>\n\n\n\n<h2 class=\"wp-block-heading\"><em>Raimo Rommedahl \u2013 gitarr <\/em><\/h2>\n\n\n\n<h2 class=\"wp-block-heading\"><em>Bj\u00f6rn Sandberg \u2013 s\u00e5ng &amp; gitarr <\/em><\/h2>\n\n\n\n<h2 class=\"wp-block-heading\"><em>Ulf Kandell \u2013 gitarr <\/em><\/h2>\n\n\n\n<h2 class=\"wp-block-heading\"><em>H\u00e5kan Olsson \u2013 bas <\/em><\/h2>\n\n\n\n<h2 class=\"wp-block-heading\"><em>Thomas Persson \u2013 trummor<\/em><\/h2>\n<p><\/p>","protected":false},"excerpt":{"rendered":"<p>Slap Back Joe \u00e4r ett originalband som spelar modern, r\u00f6kig blues i \u00e4kta Texas-anda. Med r\u00f6tter i bluesrocken och ett driv som f\u00f6r tankarna till Lynyrd Skynyrd, levererar bandet ett tungt, sv\u00e4ngigt och melodiskt sound. Bandet bildades 2020, mitt under &hellip; <a href=\"https:\/\/www.dustyroadblues.se\/?page_id=7391\">L\u00e4s mer <span class=\"meta-nav\">&rarr;<\/span><\/a><\/p>\n","protected":false},"author":6,"featured_media":0,"parent":0,"menu_order":0,"comment_status":"closed","ping_status":"closed","template":"","meta":{"om_disable_all_campaigns":false,"_monsterinsights_skip_tracking":false,"_monsterinsights_sitenote_active":false,"_monsterinsights_sitenote_note":"","_monsterinsights_sitenote_category":0,"_uf_show_specific_survey":0,"_uf_disable_surveys":false,"footnotes":""},"class_list":["post-7391","page","type-page","status-publish","hentry"],"_links":{"self":[{"href":"https:\/\/www.dustyroadblues.se\/index.php?rest_route=\/wp\/v2\/pages\/7391","targetHints":{"allow":["GET"]}}],"collection":[{"href":"https:\/\/www.dustyroadblues.se\/index.php?rest_route=\/wp\/v2\/pages"}],"about":[{"href":"https:\/\/www.dustyroadblues.se\/index.php?rest_route=\/wp\/v2\/types\/page"}],"author":[{"embeddable":true,"href":"https:\/\/www.dustyroadblues.se\/index.php?rest_route=\/wp\/v2\/users\/6"}],"replies":[{"embeddable":true,"href":"https:\/\/www.dustyroadblues.se\/index.php?rest_route=%2Fwp%2Fv2%2Fcomments&post=7391"}],"version-history":[{"count":3,"href":"https:\/\/www.dustyroadblues.se\/index.php?rest_route=\/wp\/v2\/pages\/7391\/revisions"}],"predecessor-version":[{"id":7396,"href":"https:\/\/www.dustyroadblues.se\/index.php?rest_route=\/wp\/v2\/pages\/7391\/revisions\/7396"}],"wp:attachment":[{"href":"https:\/\/www.dustyroadblues.se\/index.php?rest_route=%2Fwp%2Fv2%2Fmedia&parent=7391"}],"curies":[{"name":"wp","href":"https:\/\/api.w.org\/{rel}","templated":true}]}}