{"id":7422,"date":"2026-03-27T00:22:00","date_gmt":"2026-03-26T22:22:00","guid":{"rendered":"https:\/\/www.dustyroadblues.se\/?page_id=7422"},"modified":"2026-03-27T00:22:00","modified_gmt":"2026-03-26T22:22:00","slug":"taltplatser-pa-festivalomradet","status":"publish","type":"page","link":"https:\/\/www.dustyroadblues.se\/?page_id=7422","title":{"rendered":"T\u00e4ltplatser p\u00e5 festivalomr\u00e5det"},"content":{"rendered":"\n<figure class=\"wp-block-image size-large\"><a href=\"http:\/\/www.dustyroadblues.se\/wp-content\/uploads\/2026\/03\/Talt.png\"><img loading=\"lazy\" decoding=\"async\" width=\"1024\" height=\"741\" src=\"http:\/\/www.dustyroadblues.se\/wp-content\/uploads\/2026\/03\/Talt-1024x741.png\" alt=\"\" class=\"wp-image-7423\" srcset=\"https:\/\/www.dustyroadblues.se\/wp-content\/uploads\/2026\/03\/Talt-1024x741.png 1024w, https:\/\/www.dustyroadblues.se\/wp-content\/uploads\/2026\/03\/Talt-300x217.png 300w, https:\/\/www.dustyroadblues.se\/wp-content\/uploads\/2026\/03\/Talt-768x556.png 768w, https:\/\/www.dustyroadblues.se\/wp-content\/uploads\/2026\/03\/Talt.png 1280w\" sizes=\"auto, (max-width: 1024px) 100vw, 1024px\" \/><\/a><\/figure>\n\n\n\n<h1 class=\"wp-block-heading\"><strong>Ett antal platser f\u00f6r t\u00e4lt finns tillg\u00e4ngligt under festivalen 29 &amp; 30 maj. Ankomst senast klockan 17.00 p\u00e5 fredagen. Bil k\u00f6rs ut fr\u00e5n campingomr\u00e5det och parkeras p\u00e5 anvisad plats. <\/strong><\/h1>\n\n\n\n<h2 class=\"wp-block-heading\">Kostnaden \u00e4r 200 kronor f\u00f6r de tv\u00e5 n\u00e4tterna. Hur ni betalar f\u00e5r ni svarat p\u00e5 i bekr\u00e4ftelsen om att ni har en plats. Anm\u00e4ler g\u00f6r ni p\u00e5 mailadress taltplats@dustyroadblues.se <\/h2>\n\n\n\n<h2 class=\"wp-block-heading\">Ange: NAMN, MAILADRESS, TELEFONNUMMER <\/h2>\n\n\n\n<h1 class=\"wp-block-heading\">V\u00e4lkomna till campingen p\u00e5 Tidaholms Bluesfestival 2026<\/h1>\n<p><\/p>","protected":false},"excerpt":{"rendered":"<p>Ett antal platser f\u00f6r t\u00e4lt finns tillg\u00e4ngligt under festivalen 29 &amp; 30 maj. Ankomst senast klockan 17.00 p\u00e5 fredagen. Bil k\u00f6rs ut fr\u00e5n campingomr\u00e5det och parkeras p\u00e5 anvisad plats. Kostnaden \u00e4r 200 kronor f\u00f6r de tv\u00e5 n\u00e4tterna. Hur ni betalar &hellip; <a href=\"https:\/\/www.dustyroadblues.se\/?page_id=7422\">L\u00e4s mer <span class=\"meta-nav\">&rarr;<\/span><\/a><\/p>\n","protected":false},"author":6,"featured_media":0,"parent":0,"menu_order":0,"comment_status":"closed","ping_status":"closed","template":"","meta":{"om_disable_all_campaigns":false,"_monsterinsights_skip_tracking":false,"_monsterinsights_sitenote_active":false,"_monsterinsights_sitenote_note":"","_monsterinsights_sitenote_category":0,"_uf_show_specific_survey":0,"_uf_disable_surveys":false,"footnotes":""},"class_list":["post-7422","page","type-page","status-publish","hentry"],"_links":{"self":[{"href":"https:\/\/www.dustyroadblues.se\/index.php?rest_route=\/wp\/v2\/pages\/7422","targetHints":{"allow":["GET"]}}],"collection":[{"href":"https:\/\/www.dustyroadblues.se\/index.php?rest_route=\/wp\/v2\/pages"}],"about":[{"href":"https:\/\/www.dustyroadblues.se\/index.php?rest_route=\/wp\/v2\/types\/page"}],"author":[{"embeddable":true,"href":"https:\/\/www.dustyroadblues.se\/index.php?rest_route=\/wp\/v2\/users\/6"}],"replies":[{"embeddable":true,"href":"https:\/\/www.dustyroadblues.se\/index.php?rest_route=%2Fwp%2Fv2%2Fcomments&post=7422"}],"version-history":[{"count":1,"href":"https:\/\/www.dustyroadblues.se\/index.php?rest_route=\/wp\/v2\/pages\/7422\/revisions"}],"predecessor-version":[{"id":7424,"href":"https:\/\/www.dustyroadblues.se\/index.php?rest_route=\/wp\/v2\/pages\/7422\/revisions\/7424"}],"wp:attachment":[{"href":"https:\/\/www.dustyroadblues.se\/index.php?rest_route=%2Fwp%2Fv2%2Fmedia&parent=7422"}],"curies":[{"name":"wp","href":"https:\/\/api.w.org\/{rel}","templated":true}]}}